{"id":7177,"date":"2025-08-20T21:00:06","date_gmt":"2025-08-20T19:00:06","guid":{"rendered":"https:\/\/adopteunpervers.fr\/?page_id=7177"},"modified":"2025-08-20T21:00:06","modified_gmt":"2025-08-20T19:00:06","slug":"infiltration-douteuse","status":"publish","type":"page","link":"https:\/\/adopteunpervers.fr\/?page_id=7177","title":{"rendered":"Infiltration douteuse"},"content":{"rendered":"<p><img loading=\"lazy\" decoding=\"async\" class=\"wp-image-7178 size-full aligncenter\" src=\"http:\/\/adopteunpervers.fr\/wp-content\/uploads\/2025\/08\/infiltration.jpg\" alt=\"\" width=\"600\" height=\"235\" srcset=\"https:\/\/adopteunpervers.fr\/wp-content\/uploads\/2025\/08\/infiltration.jpg 600w, https:\/\/adopteunpervers.fr\/wp-content\/uploads\/2025\/08\/infiltration-300x118.jpg 300w\" sizes=\"(max-width: 600px) 100vw, 600px\" \/><\/p>\n<hr \/>\n<p><span style=\"color: #bd3737;\"><strong>R\u00e9sum\u00e9<\/strong><\/span> : Un agent des stups pr\u00eat \u00e0 tout pour monter en grade et obtenir le boulot de ses r\u00eaves afin de se la couler douce se lance sur la piste d&rsquo;un terrible trafiquant de drogues.<\/p>\n<hr \/>\n<h2><span style=\"color: #008080;\"><strong><a href=\"https:\/\/adopteunpervers.fr\/?p=7176\" target=\"_blank\" rel=\"noopener noreferrer\">Partie 1<\/a><\/strong><\/span><\/h2>\n","protected":false},"excerpt":{"rendered":"<p>&#46;&#46;&#46;<\/p>\n","protected":false},"author":1,"featured_media":0,"parent":7137,"menu_order":0,"comment_status":"closed","ping_status":"closed","template":"","meta":{"footnotes":""},"_links":{"self":[{"href":"https:\/\/adopteunpervers.fr\/index.php?rest_route=\/wp\/v2\/pages\/7177"}],"collection":[{"href":"https:\/\/adopteunpervers.fr\/index.php?rest_route=\/wp\/v2\/pages"}],"about":[{"href":"https:\/\/adopteunpervers.fr\/index.php?rest_route=\/wp\/v2\/types\/page"}],"author":[{"embeddable":true,"href":"https:\/\/adopteunpervers.fr\/index.php?rest_route=\/wp\/v2\/users\/1"}],"replies":[{"embeddable":true,"href":"https:\/\/adopteunpervers.fr\/index.php?rest_route=%2Fwp%2Fv2%2Fcomments&post=7177"}],"version-history":[{"count":3,"href":"https:\/\/adopteunpervers.fr\/index.php?rest_route=\/wp\/v2\/pages\/7177\/revisions"}],"predecessor-version":[{"id":7184,"href":"https:\/\/adopteunpervers.fr\/index.php?rest_route=\/wp\/v2\/pages\/7177\/revisions\/7184"}],"up":[{"embeddable":true,"href":"https:\/\/adopteunpervers.fr\/index.php?rest_route=\/wp\/v2\/pages\/7137"}],"wp:attachment":[{"href":"https:\/\/adopteunpervers.fr\/index.php?rest_route=%2Fwp%2Fv2%2Fmedia&parent=7177"}],"curies":[{"name":"wp","href":"https:\/\/api.w.org\/{rel}","templated":true}]}}