{"id":7137,"date":"2025-08-16T19:46:14","date_gmt":"2025-08-16T17:46:14","guid":{"rendered":"https:\/\/adopteunpervers.fr\/?page_id=7137"},"modified":"2025-08-16T19:46:14","modified_gmt":"2025-08-16T17:46:14","slug":"histoires-dia","status":"publish","type":"page","link":"https:\/\/adopteunpervers.fr\/?page_id=7137","title":{"rendered":"Histoires d&rsquo;IA"},"content":{"rendered":"<p>&nbsp;<\/p>\n<h3><span style=\"color: #629e4a;\"><strong>L\u2019\u00e9mergence des IA<\/strong><\/span><\/h3>\n<p>Aujourd&rsquo;hui on entend parler d&rsquo;IA pour tout et n&rsquo;importe quoi au quotidien. Eh bien le milieu du hentai n&rsquo;est pas \u00e9pargn\u00e9 car de nombreuses personnes se sont lanc\u00e9es dans ce milieu pour cr\u00e9er des sets d&rsquo;images pour mettre en sc\u00e8ne des personnages connues d&rsquo;anime\/manga ou en cr\u00e9ant les leurs gr\u00e2ce \u00e0 certains outils d\u00e9sormais disponibles \u00e0 toutes et tous. Il y a de tout en terme de qualit\u00e9 et de contenu pour satisfaire les go\u00fbts de chacun et chacune.<\/p>\n<hr \/>\n<h3><span style=\"color: #629e4a;\"><strong>Qu&rsquo;est-ce que les histoires d&rsquo;IA ?<\/strong><\/span><\/h3>\n<p>M\u00eame si il existe des fa\u00e7on de cr\u00e9er des r\u00e9cits \u00e0 partir de bots aliment\u00e9s par l&rsquo;IA, les histoires que l&rsquo;on va vous proposer ici sont r\u00e9dig\u00e9es uniquement par nos soins. Certaines seront courtes en one-shot alors que d&rsquo;autres seront d\u00e9clin\u00e9es sous plusieurs chapitres. Tout cela \u00e0 partir de sets d&rsquo;images r\u00e9cup\u00e9r\u00e9es sur internet. L&rsquo;id\u00e9e \u00e9tant de cr\u00e9er un contenu amusant pour tenir sur la dur\u00e9e en mettant en avant un seul personnage f\u00e9minin \u00e0 travers ses sexcapades ou quelque chose d&rsquo;un peu plus d\u00e9velopp\u00e9 et pervers. On va tenter de vous proposer un large panel de choses en esp\u00e9rant que cela vous plaira. <\/p>\n","protected":false},"excerpt":{"rendered":"<p>&#46;&#46;&#46;<\/p>\n","protected":false},"author":1,"featured_media":0,"parent":0,"menu_order":0,"comment_status":"closed","ping_status":"closed","template":"","meta":{"footnotes":""},"_links":{"self":[{"href":"https:\/\/adopteunpervers.fr\/index.php?rest_route=\/wp\/v2\/pages\/7137"}],"collection":[{"href":"https:\/\/adopteunpervers.fr\/index.php?rest_route=\/wp\/v2\/pages"}],"about":[{"href":"https:\/\/adopteunpervers.fr\/index.php?rest_route=\/wp\/v2\/types\/page"}],"author":[{"embeddable":true,"href":"https:\/\/adopteunpervers.fr\/index.php?rest_route=\/wp\/v2\/users\/1"}],"replies":[{"embeddable":true,"href":"https:\/\/adopteunpervers.fr\/index.php?rest_route=%2Fwp%2Fv2%2Fcomments&post=7137"}],"version-history":[{"count":3,"href":"https:\/\/adopteunpervers.fr\/index.php?rest_route=\/wp\/v2\/pages\/7137\/revisions"}],"predecessor-version":[{"id":7141,"href":"https:\/\/adopteunpervers.fr\/index.php?rest_route=\/wp\/v2\/pages\/7137\/revisions\/7141"}],"wp:attachment":[{"href":"https:\/\/adopteunpervers.fr\/index.php?rest_route=%2Fwp%2Fv2%2Fmedia&parent=7137"}],"curies":[{"name":"wp","href":"https:\/\/api.w.org\/{rel}","templated":true}]}}