{"id":4291,"date":"2017-03-21T23:13:37","date_gmt":"2017-03-21T21:13:37","guid":{"rendered":"http:\/\/adopteunpervers.apps-1and1.net\/?page_id=4291"},"modified":"2023-01-12T21:00:21","modified_gmt":"2023-01-12T19:00:21","slug":"patreon","status":"publish","type":"page","link":"https:\/\/adopteunpervers.fr\/?page_id=4291","title":{"rendered":"Patreon"},"content":{"rendered":"<p>Comme beaucoup de groupes, nous avons d\u00e9cid\u00e9 d&rsquo;ouvrir une page Patreon apr\u00e8s une longue r\u00e9flexion. Les buts principaux de cette d\u00e9cision sont de payer nos deux serveurs (t\u00e9l\u00e9chargement et torrents) en plus du financement de futurs traductions depuis le japonais avec notre partenaire.<\/p>\n<h3><\/h3>\n<h4><span style=\"color: #629e4a;\"><strong>A quoi peut bien servir d&rsquo;avoir une page Patreon ?<\/strong><\/span><\/h4>\n<p>Eh bien tout d&rsquo;abord pour permettre au site de tourner en tout efficacit\u00e9. Un h\u00e9bergement co\u00fbte de l&rsquo;argent, tout comme certains contenus ou services n\u00e9cessaires \u00e0 son bon fonctionnement.<br \/>\n<\/br><\/p>\n<h4><span style=\"color: #629e4a;\"><strong>Du coup il faudra payer pour voir ce qui est disponible ici ?<\/strong><\/span><\/h4>\n<p>Justement&#8230; Non ! Ce ne sera pas du tout le cas ! Tout le contenu post\u00e9 sur la page Patreon sera partag\u00e9 gratuitement sur le site d&rsquo;Adopte.<br \/>\n<\/br><\/p>\n<h4><span style=\"color: #629e4a;\"><strong>A quoi va servir cette page alors ?<\/strong><\/span><\/h4>\n<p>L&rsquo;id\u00e9e est de vous offrir un moyen de nous soutenir facilement via deux forfaits qui proposeront plus ou moins la m\u00eame chose.<br \/>\n<\/br><\/p>\n<h4><span style=\"color: #629e4a;\"><strong>Est-ce qu&rsquo;on peut en savoir plus ?<\/strong><\/span><\/h4>\n<p>Oui, bien s\u00fbr. Sachez d\u00e9j\u00e0 que les deux forfaits proposeront l&rsquo;acc\u00e8s au m\u00eame contenu, comme l&rsquo;acc\u00e8s aux scans, vid\u00e9os et mises \u00e0 jour de jeux en acc\u00e8s anticip\u00e9 quelques semaines\/mois avant d&rsquo;arriver sur le site d&rsquo;Adopte.<\/p>\n<p><\/br><\/p>\n<h1 style=\"text-align: center;\"><a href=\"https:\/\/www.patreon.com\/adopteunpervers\" target=\"_blank\" rel=\"noopener\"><span style=\"color: #ff6600;\">ACC\u00c9DER A LA PAGE PATREON<\/span><\/a><\/h1>\n<p><\/br><\/p>\n","protected":false},"excerpt":{"rendered":"<p>&#46;&#46;&#46;<\/p>\n","protected":false},"author":1,"featured_media":0,"parent":4039,"menu_order":0,"comment_status":"open","ping_status":"closed","template":"","meta":{"footnotes":""},"_links":{"self":[{"href":"https:\/\/adopteunpervers.fr\/index.php?rest_route=\/wp\/v2\/pages\/4291"}],"collection":[{"href":"https:\/\/adopteunpervers.fr\/index.php?rest_route=\/wp\/v2\/pages"}],"about":[{"href":"https:\/\/adopteunpervers.fr\/index.php?rest_route=\/wp\/v2\/types\/page"}],"author":[{"embeddable":true,"href":"https:\/\/adopteunpervers.fr\/index.php?rest_route=\/wp\/v2\/users\/1"}],"replies":[{"embeddable":true,"href":"https:\/\/adopteunpervers.fr\/index.php?rest_route=%2Fwp%2Fv2%2Fcomments&post=4291"}],"version-history":[{"count":3,"href":"https:\/\/adopteunpervers.fr\/index.php?rest_route=\/wp\/v2\/pages\/4291\/revisions"}],"predecessor-version":[{"id":6112,"href":"https:\/\/adopteunpervers.fr\/index.php?rest_route=\/wp\/v2\/pages\/4291\/revisions\/6112"}],"up":[{"embeddable":true,"href":"https:\/\/adopteunpervers.fr\/index.php?rest_route=\/wp\/v2\/pages\/4039"}],"wp:attachment":[{"href":"https:\/\/adopteunpervers.fr\/index.php?rest_route=%2Fwp%2Fv2%2Fmedia&parent=4291"}],"curies":[{"name":"wp","href":"https:\/\/api.w.org\/{rel}","templated":true}]}}