{"id":751,"date":"2015-03-10T10:37:52","date_gmt":"2015-03-10T09:37:52","guid":{"rendered":"http:\/\/www.adopteunpervers.net\/?page_id=751"},"modified":"2015-03-10T10:37:52","modified_gmt":"2015-03-10T09:37:52","slug":"scans","status":"publish","type":"page","link":"http:\/\/adopteunpervers.fr\/?page_id=751","title":{"rendered":"Scans"},"content":{"rendered":"<p>Avant de nous lancer dans de longues et fastidieuses explications, sachez que <span style=\"color: #800000;\"><strong>les explications qui vont suivre vous permettront de diff\u00e9rencier les diff\u00e9rents types de scans que l&rsquo;on peut trouver sur internet<\/strong><\/span> de nos jours. <span style=\"color: #800000;\"><strong>Beaucoup de personnes confondent le mot \u00ab\u00a0scan\u00a0\u00bb et \u00ab\u00a0doujin\u00a0\u00bb<\/strong><\/span> tandis que d&rsquo;autres classent tout ce qui est du contenu \u00e9rotique sur papier ou dessins par ordinateur comme des \u00ab\u00a0doujins\u00a0\u00bb alors que cela n&rsquo;est pas forc\u00e9ment le cas, bien au contraire.<\/p>\n<hr \/>\n<h3><span style=\"color: #629e4a;\"><strong>Les doujins<\/strong><\/span><\/h3>\n<p>Ce terme revient \u00e0 tort et \u00e0 travers sur une grosse majorit\u00e9 de sites qui proposent du contenu hentai sous forme de scans.<br \/>\n<strong><span style=\"color: #008080;\">D\u00e9finition brute<\/span><\/strong> : Un doujin est un travail amateur, \u00e0 l&rsquo;image du fanzine chez nous. Il est r\u00e9guli\u00e8rement associ\u00e9 \u00e0 des parodies, qu&rsquo;elles soient destin\u00e9es \u00e0 un public adulte ou non. Car, en effet, un doujin peut \u00eatre destin\u00e9 aux enfants, aux ados et aux adultes.<br \/>\nIl peut exister sous de nombreuses formes : un jeu, un livre, un album musical ou de doublage, un court ou long m\u00e9trage, etc. <strong>Le terme doujin signifie \u00ab\u00a0<span style=\"color: #993300;\">travail amateur<\/span>\u00ab\u00a0.<\/strong><br \/>\nC&rsquo;est pourquoi <strong>les doujins pour adultes sous forme de scans se d\u00e9clinent dans deux cat\u00e9gories distinctes : <span style=\"color: #993300;\">les parodies et les \u0153uvres originale<\/span><\/strong><span style=\"color: #993300;\">s<\/span>. Dans les deux cas, les dessinateurs (qui peuvent travailler seul ou en groupe) produisent leurs travaux \u00e0 leurs frais pour les vendre lors des conventions comme le Comiket.<br \/>\n<strong>Autre signe distinctif, <span style=\"color: #993300;\">un doujin d\u00e9passe rarement les 30 pages<\/span><\/strong> car il est difficile pour un amateur de produire quelque chose de plus long avec les co\u00fbts que cela entra\u00eene. Lorsqu&rsquo;un doujin est de taille cons\u00e9quente, c&rsquo;est qu&rsquo;il s&rsquo;agit d&rsquo;un recueil regroupant toutes les \u0153uvres d&rsquo;un artiste\/groupe ou tous les volumes d&rsquo;une s\u00e9rie comme <a href=\"http:\/\/adopteunpervers.fr\/?p=1291\" target=\"_blank\">Akiko-san to Issho<\/a>.<\/p>\n<hr \/>\n<h3><span style=\"color: #629e4a;\"><strong>Les mangas<\/strong><\/span><\/h3>\n<p>Les mangas sont beaucoup plus simples \u00e0 distinguer pour la simple et bonne raisons qu&rsquo;ils sont plus volumineux et que <span style=\"color: #993300;\"><strong>sur chaque couverture vous trouverez le logo de la maison d&rsquo;\u00e9dition<\/strong><\/span> auquel il est li\u00e9 comme l&rsquo;exemple ci-dessous.<\/p>\n<div id=\"attachment_3102\" style=\"width: 310px\" class=\"wp-caption alignleft\"><a href=\"http:\/\/adopteunpervers.fr\/wp-content\/uploads\/2015\/03\/mangalabel.jpg\" target=\"_blank\" rel=\"attachment wp-att-3102\"><img loading=\"lazy\" decoding=\"async\" aria-describedby=\"caption-attachment-3102\" class=\"wp-image-3102 size-medium\" src=\"http:\/\/adopteunpervers.fr\/wp-content\/uploads\/2015\/03\/mangalabel-300x194.jpg\" alt=\"mangalabel\" width=\"300\" height=\"194\" \/><\/a><p id=\"caption-attachment-3102\" class=\"wp-caption-text\"><strong>Voir les encadr\u00e9s<\/strong><\/p><\/div>\n<p>&nbsp;<\/p>\n<p>&nbsp;<\/p>\n<p>&nbsp;<\/p>\n<p>&nbsp;<\/p>\n<p>&nbsp;<\/p>\n<p>&nbsp;<\/p>\n<p>Dans la grosse majorit\u00e9 des cas, les mangas sont d&rsquo;abord \u00e9dit\u00e9s chapitre par chapitre et distribu\u00e9 via des magazines mensuels propre \u00e0 chaque maison d&rsquo;\u00e9dition \u00e0 l&rsquo;image du tr\u00e8s c\u00e9l\u00e8bre Shonen JUMP.<br \/>\nEn conclusion, les doujins sont des oeuvres amateurs souvent courtes et les mangas des produits professionnels imposants.<\/p>\n<hr \/>\n<h3><span style=\"color: #629e4a;\"><strong>Les CG<\/strong><\/span><\/h3>\n<p>Le terme <span style=\"color: #993300;\"><strong>CG<\/strong><\/span> est un raccourci pour <span style=\"color: #993300;\"><strong>Computer Graphics<\/strong><\/span>, ce qui correspond \u00e0 des images travaill\u00e9es par outil informatique. Par chance, nous avons une traduction chez nous qui pourra vous servir d&rsquo;<a href=\"http:\/\/adopteunpervers.fr\/?p=1741\" target=\"_blank\">exemple<\/a>.<br \/>\nCes CG peuvent mettre en sc\u00e8ne des personnages cr\u00e9\u00e9s de toute pi\u00e8ce par un dessinateur ou reprendre un univers tir\u00e9 d&rsquo;une s\u00e9rie \u00e0 succ\u00e8s.<br \/>\nM\u00eame si il peut s&rsquo;agir d&rsquo;un travail amateur, <span style=\"color: #993300;\"><strong>le terme CG est privil\u00e9gi\u00e9 \u00e0 celui de doujin<\/strong><\/span> \u00e0 cause de sa provenance : le travail depuis un ordinateur au lieu d&rsquo;un crayon\/plume.<\/p>\n<hr \/>\n<h3><span style=\"color: #629e4a;\"><strong>Les comixx<\/strong><\/span><\/h3>\n<p>Rien de bien compliqu\u00e9 ici. <strong>Le terme comixx est d\u00e9tourn\u00e9 du c\u00e9l\u00e8bre \u00ab\u00a0comics\u00a0\u00bb <span style=\"color: #993300;\">dont des \u00ab\u00a0xx\u00a0\u00bb sont int\u00e9gr\u00e9s pour souligner le c\u00f4t\u00e9 cochon de l&rsquo;ouvrage<\/span><\/strong>.<br \/>\n<strong>La diff\u00e9rence entre un doujin et un comixx se trouve <span style=\"color: #993300;\">dans la nationalit\u00e9 de son auteur<\/span><\/strong>. Certaines personnes vont jusqu&rsquo;\u00e0 se m\u00e9prendre en pensant qu&rsquo;il existe des \u00ab\u00a0doujins Simpson\u00a0\u00bb parce qu&rsquo;ils fr\u00e9quentent un site hentai. Mais si un comixx vient d&rsquo;Europe ou d&rsquo;Am\u00e9rique, il s&rsquo;agira d&rsquo;une BD et non d&rsquo;un doujin, c&rsquo;est comme \u00e7a.<\/p>\n","protected":false},"excerpt":{"rendered":"<p>&#46;&#46;&#46;<\/p>\n","protected":false},"author":1,"featured_media":0,"parent":0,"menu_order":0,"comment_status":"open","ping_status":"open","template":"","meta":{"footnotes":""},"_links":{"self":[{"href":"http:\/\/adopteunpervers.fr\/index.php?rest_route=\/wp\/v2\/pages\/751"}],"collection":[{"href":"http:\/\/adopteunpervers.fr\/index.php?rest_route=\/wp\/v2\/pages"}],"about":[{"href":"http:\/\/adopteunpervers.fr\/index.php?rest_route=\/wp\/v2\/types\/page"}],"author":[{"embeddable":true,"href":"http:\/\/adopteunpervers.fr\/index.php?rest_route=\/wp\/v2\/users\/1"}],"replies":[{"embeddable":true,"href":"http:\/\/adopteunpervers.fr\/index.php?rest_route=%2Fwp%2Fv2%2Fcomments&post=751"}],"version-history":[{"count":1,"href":"http:\/\/adopteunpervers.fr\/index.php?rest_route=\/wp\/v2\/pages\/751\/revisions"}],"predecessor-version":[{"id":7138,"href":"http:\/\/adopteunpervers.fr\/index.php?rest_route=\/wp\/v2\/pages\/751\/revisions\/7138"}],"wp:attachment":[{"href":"http:\/\/adopteunpervers.fr\/index.php?rest_route=%2Fwp%2Fv2%2Fmedia&parent=751"}],"curies":[{"name":"wp","href":"https:\/\/api.w.org\/{rel}","templated":true}]}}