{"id":5845,"date":"2022-01-15T20:47:48","date_gmt":"2022-01-15T19:47:48","guid":{"rendered":"http:\/\/adopteunpervers.fr\/?page_id=5845"},"modified":"2022-01-15T20:47:48","modified_gmt":"2022-01-15T19:47:48","slug":"comment-telecharger-sur-sukebei-nyaa","status":"publish","type":"page","link":"http:\/\/adopteunpervers.fr\/?page_id=5845","title":{"rendered":"Comment t\u00e9l\u00e9charger sur Sukebei.nyaa"},"content":{"rendered":"<h1><span style=\"color: #629e4a;\"><strong>EXPLICATION<\/strong><\/span><\/h1>\n<p>Il fut un temps o\u00f9 les gens t\u00e9l\u00e9chargeaient de fa\u00e7on plus r\u00e9guli\u00e8re sur les logiciels de P2P. Pour faire simple, le P2P fonctionne sur un syst\u00e8me de partage et de demande. Une personne poste un fichier et reste en partage dessus en gardant son logiciel ouvert pendant que d&rsquo;autres viennent picorer dessus \u00e0 leur tour. Et quand ces personnes finissent de r\u00e9cup\u00e9rer le fichier, elles le partagent \u00e0 leur tour aux autres. Plus il y a de personnes en partage, plus vite le fichier est envoy\u00e9 aux autres.<br \/>\n<strong><span style=\"color: #008080;\">Sachez que nous payons un service de Seedbox pour garder nos torrents actifs. Il y aura donc toujours une source de disponible.<\/span><\/strong><br \/>\nRien n&#8217;emp\u00eache d&rsquo;avoir une panne mat\u00e9rielle un jour, mais si cela arrive, il suffira de nous pr\u00e9venir sur notre serveur Discord pour que l&rsquo;on v\u00e9rifie cela aussi vite que possible.<\/p>\n<hr \/>\n<h1><span style=\"color: #629e4a;\"><strong>LE T\u00c9L\u00c9CHARGEMENT<\/strong><\/span><\/h1>\n<ul>\n<li>L&rsquo;acc\u00e8s au t\u00e9l\u00e9chargement via torrent est libre et ne demande pas de cr\u00e9ation de compte.<\/li>\n<li>Beaucoup de clients torrents existent sur la toile. Apr\u00e8s une br\u00e8ve recherche sur Google, <a href=\"https:\/\/www.fosshub.com\/qBittorrent.html\" target=\"_blank\" rel=\"noopener\">qBittorrent<\/a> est r\u00e9put\u00e9 pour \u00eatre assez s\u00e9curit\u00e9. Mais n&rsquo;h\u00e9sitez pas \u00e0 vous renseigner avant de vous d\u00e9cider.<\/li>\n<\/ul>\n<div id=\"attachment_5846\" style=\"width: 1034px\" class=\"wp-caption aligncenter\"><a href=\"http:\/\/adopteunpervers.fr\/wp-content\/uploads\/2022\/01\/sukebeinyaa1.jpg\" target=\"_blank\" rel=\"noopener\"><img loading=\"lazy\" decoding=\"async\" aria-describedby=\"caption-attachment-5846\" class=\"wp-image-5846 size-large\" src=\"http:\/\/adopteunpervers.fr\/wp-content\/uploads\/2022\/01\/sukebeinyaa1-1024x536.jpg\" alt=\"\" width=\"1024\" height=\"536\" srcset=\"http:\/\/adopteunpervers.fr\/wp-content\/uploads\/2022\/01\/sukebeinyaa1-1024x536.jpg 1024w, http:\/\/adopteunpervers.fr\/wp-content\/uploads\/2022\/01\/sukebeinyaa1-300x157.jpg 300w, http:\/\/adopteunpervers.fr\/wp-content\/uploads\/2022\/01\/sukebeinyaa1-768x402.jpg 768w, http:\/\/adopteunpervers.fr\/wp-content\/uploads\/2022\/01\/sukebeinyaa1-1536x804.jpg 1536w, http:\/\/adopteunpervers.fr\/wp-content\/uploads\/2022\/01\/sukebeinyaa1.jpg 1920w\" sizes=\"(max-width: 1024px) 100vw, 1024px\" \/><\/a><p id=\"caption-attachment-5846\" class=\"wp-caption-text\"><strong>Voici la page de notre compte sur Sukebeii.nyaa<\/strong><\/p><\/div>\n<ul>\n<li>Cliquez sur le fichier de votre choix. Ici il s&rsquo;agira de <strong><span style=\"color: #008080;\">Love Bitch ~ Yasashii Onna<\/span><\/strong>.<\/li>\n<li>La page se chargera et vous aurez plusieurs informations \u00e0 votre disposition.<\/li>\n<li>L\u00e0, deux choix s&rsquo;offrent \u00e0 vous et nous allons les parcourir ensemble.<\/li>\n<\/ul>\n<hr \/>\n<hr \/>\n<h1><span style=\"color: #629e4a;\"><strong>CHOIX 1 : t\u00e9l\u00e9charger le torrent<\/strong><\/span><\/h1>\n<div id=\"attachment_5848\" style=\"width: 1034px\" class=\"wp-caption aligncenter\"><a href=\"http:\/\/adopteunpervers.fr\/wp-content\/uploads\/2022\/01\/sukebeinyaa2.jpg\" target=\"_blank\" rel=\"noopener\"><img loading=\"lazy\" decoding=\"async\" aria-describedby=\"caption-attachment-5848\" class=\"wp-image-5848 size-large\" src=\"http:\/\/adopteunpervers.fr\/wp-content\/uploads\/2022\/01\/sukebeinyaa2-1024x158.jpg\" alt=\"\" width=\"1024\" height=\"158\" srcset=\"http:\/\/adopteunpervers.fr\/wp-content\/uploads\/2022\/01\/sukebeinyaa2-1024x158.jpg 1024w, http:\/\/adopteunpervers.fr\/wp-content\/uploads\/2022\/01\/sukebeinyaa2-300x46.jpg 300w, http:\/\/adopteunpervers.fr\/wp-content\/uploads\/2022\/01\/sukebeinyaa2-768x118.jpg 768w, http:\/\/adopteunpervers.fr\/wp-content\/uploads\/2022\/01\/sukebeinyaa2-1536x236.jpg 1536w, http:\/\/adopteunpervers.fr\/wp-content\/uploads\/2022\/01\/sukebeinyaa2.jpg 1644w\" sizes=\"(max-width: 1024px) 100vw, 1024px\" \/><\/a><p id=\"caption-attachment-5848\" class=\"wp-caption-text\"><strong>Portez votre attention sur cette partie de la page.<\/strong><\/p><\/div>\n<ul>\n<li>Cliquez cette fois sur <strong><span style=\"color: #008080;\">Download Torrent <\/span><\/strong> pour r\u00e9cup\u00e9rer le fichier qui se trouvera dans le dossier des t\u00e9l\u00e9chargements de votre navigateur web.<\/li>\n<li>Lancez votre client torrent et trouvez comment ajouter un nouveau torrent.<\/li>\n<li>Cherchez votre fichier fra\u00eechement t\u00e9l\u00e9charg\u00e9 et ouvrez-le ainsi en choisissant dans quel dossier vous souhaitez t\u00e9l\u00e9charger la vid\u00e9o.<\/li>\n<li>Patientez le temps du t\u00e9l\u00e9chargement et profitez. =)<\/li>\n<\/ul>\n<hr \/>\n<hr \/>\n<h1><span style=\"color: #629e4a;\"><strong>CHOIX 2 : copier l&rsquo;URL du torrent<\/strong><\/span><\/h1>\n<ul>\n<li>Effectuez un clic-droit sur <strong><span style=\"color: #008080;\">Download Torrent<\/span><\/strong> et choisissez l&rsquo;option <strong><span style=\"color: #008080;\">Copier le lien<\/span><\/strong> dans le menu qui s&rsquo;affichera.<\/li>\n<li>Lancez votre client torrent et trouvez comment ajouter un nouveau torrent depuis une URL.<\/li>\n<li>Collez l&rsquo;adresse dans la case vide et choisissez dans quel dossier vous souhaitez t\u00e9l\u00e9charger la vid\u00e9o.<\/li>\n<li>Patientez le temps du t\u00e9l\u00e9chargement et profitez. =)<\/li>\n<\/ul>\n","protected":false},"excerpt":{"rendered":"<p>&#46;&#46;&#46;<\/p>\n","protected":false},"author":1,"featured_media":0,"parent":0,"menu_order":0,"comment_status":"closed","ping_status":"closed","template":"","meta":{"footnotes":""},"_links":{"self":[{"href":"http:\/\/adopteunpervers.fr\/index.php?rest_route=\/wp\/v2\/pages\/5845"}],"collection":[{"href":"http:\/\/adopteunpervers.fr\/index.php?rest_route=\/wp\/v2\/pages"}],"about":[{"href":"http:\/\/adopteunpervers.fr\/index.php?rest_route=\/wp\/v2\/types\/page"}],"author":[{"embeddable":true,"href":"http:\/\/adopteunpervers.fr\/index.php?rest_route=\/wp\/v2\/users\/1"}],"replies":[{"embeddable":true,"href":"http:\/\/adopteunpervers.fr\/index.php?rest_route=%2Fwp%2Fv2%2Fcomments&post=5845"}],"version-history":[{"count":8,"href":"http:\/\/adopteunpervers.fr\/index.php?rest_route=\/wp\/v2\/pages\/5845\/revisions"}],"predecessor-version":[{"id":5855,"href":"http:\/\/adopteunpervers.fr\/index.php?rest_route=\/wp\/v2\/pages\/5845\/revisions\/5855"}],"wp:attachment":[{"href":"http:\/\/adopteunpervers.fr\/index.php?rest_route=%2Fwp%2Fv2%2Fmedia&parent=5845"}],"curies":[{"name":"wp","href":"https:\/\/api.w.org\/{rel}","templated":true}]}}