{"id":5831,"date":"2022-01-15T20:20:25","date_gmt":"2022-01-15T19:20:25","guid":{"rendered":"http:\/\/adopteunpervers.fr\/?page_id=5831"},"modified":"2022-01-15T20:20:25","modified_gmt":"2022-01-15T19:20:25","slug":"comment-acceder-a-exhentai","status":"publish","type":"page","link":"http:\/\/adopteunpervers.fr\/?page_id=5831","title":{"rendered":"Comment acc\u00e9der \u00e0 ExHentai"},"content":{"rendered":"<h1><span style=\"color: #629e4a;\"><strong>EXPLICATION<\/strong><\/span><\/h1>\n<p>Beaucoup doivent d\u00e9j\u00e0 conna\u00eetre la d\u00e9sormais hyper c\u00e9l\u00e8bre plateforme de partage qu&rsquo;est e-hentai qui permet de poster un peu de tout. Doujins, mangas, CG, images de cosplayeuses, art-books, etc&#8230;<br \/>\nIl y a quelques ann\u00e9es, le d\u00e9veloppeur du site a d\u00e9cid\u00e9 de cr\u00e9er un site miroir pour y h\u00e9berger tout le contenu jug\u00e9 tendancieux. C&rsquo;est ainsi qu&rsquo;est alors n\u00e9 ExHentai. Pour mieux prot\u00e9ger cette version miroir du site principal, il vous faudra poss\u00e9der un compte sur e-Hentai et \u00eatre connect\u00e9 dessus au pr\u00e9alable au risque de vous retrouver sur une page d&rsquo;erreur.<\/p>\n<hr \/>\n<h1><span style=\"color: #629e4a;\"><strong>L&rsquo;INSCRIPTION<\/strong><\/span><\/h1>\n<ul>\n<li>Sachez avant toute chose que le site est compl\u00e8tement en anglais.<\/li>\n<li>Si vous voulez vous y balader en navigation priv\u00e9e, n&rsquo;oubliez pas de vous connecter sur le site principal avant.<\/li>\n<li>Il faut partager du contenu pour pouvoir t\u00e9l\u00e9charger les scans au format zip.<\/li>\n<\/ul>\n<div id=\"attachment_5832\" style=\"width: 1034px\" class=\"wp-caption aligncenter\"><a href=\"http:\/\/adopteunpervers.fr\/wp-content\/uploads\/2022\/01\/exhentai1.jpg\" target=\"_blank\" rel=\"noopener\"><img loading=\"lazy\" decoding=\"async\" aria-describedby=\"caption-attachment-5832\" class=\"wp-image-5832 size-large\" src=\"http:\/\/adopteunpervers.fr\/wp-content\/uploads\/2022\/01\/exhentai1-1024x535.jpg\" alt=\"\" width=\"1024\" height=\"535\" srcset=\"http:\/\/adopteunpervers.fr\/wp-content\/uploads\/2022\/01\/exhentai1-1024x535.jpg 1024w, http:\/\/adopteunpervers.fr\/wp-content\/uploads\/2022\/01\/exhentai1-300x157.jpg 300w, http:\/\/adopteunpervers.fr\/wp-content\/uploads\/2022\/01\/exhentai1-768x402.jpg 768w, http:\/\/adopteunpervers.fr\/wp-content\/uploads\/2022\/01\/exhentai1-1536x803.jpg 1536w, http:\/\/adopteunpervers.fr\/wp-content\/uploads\/2022\/01\/exhentai1.jpg 1920w\" sizes=\"(max-width: 1024px) 100vw, 1024px\" \/><\/a><p id=\"caption-attachment-5832\" class=\"wp-caption-text\">Voici la page d&rsquo;accueil du site.<\/p><\/div>\n<ul>\n<li>Cherchez <strong><span style=\"color: #008080;\">My Home<\/span><\/strong> dans le menu en haut de la page et cliquez dessus.<\/li>\n<li>Vous serez alors amen\u00e9 sur la page de connexion au site.<\/li>\n<li>Cliquez sur <strong><span style=\"color: #008080;\">Register<\/span><\/strong> en bas \u00e0 droite de l&rsquo;encadr\u00e9 au milieu de votre \u00e9cran.<\/li>\n<\/ul>\n<p><a href=\"http:\/\/adopteunpervers.fr\/wp-content\/uploads\/2022\/01\/exhentai2.jpg\" target=\"_blank\" rel=\"noopener\"><img loading=\"lazy\" decoding=\"async\" class=\"aligncenter wp-image-5841 size-full\" src=\"http:\/\/adopteunpervers.fr\/wp-content\/uploads\/2022\/01\/exhentai2.jpg\" alt=\"\" width=\"422\" height=\"138\" srcset=\"http:\/\/adopteunpervers.fr\/wp-content\/uploads\/2022\/01\/exhentai2.jpg 422w, http:\/\/adopteunpervers.fr\/wp-content\/uploads\/2022\/01\/exhentai2-300x98.jpg 300w\" sizes=\"(max-width: 422px) 100vw, 422px\" \/><\/a><\/p>\n<ul>\n<li>Un nouvel onglet s&rsquo;ouvrira pour vous guider sur leur forum.<\/li>\n<li>Cochez la case avec marqu\u00e9 \u00e0 c\u00f4t\u00e9 <strong><span style=\"color: #008080;\"> I have read, understood and agree to these rules and conditions<\/span><\/strong><\/li>\n<li>Remplissez ensuite le formulaire qui a \u00e9t\u00e9 traduit sur le montage ci-dessous. Ou employez une traduction de Google si besoin.<\/li>\n<\/ul>\n<div id=\"attachment_5842\" style=\"width: 1034px\" class=\"wp-caption aligncenter\"><a href=\"http:\/\/adopteunpervers.fr\/wp-content\/uploads\/2022\/01\/exhentai3.jpg\" target=\"_blank\" rel=\"noopener\"><img loading=\"lazy\" decoding=\"async\" aria-describedby=\"caption-attachment-5842\" class=\"wp-image-5842 size-large\" src=\"http:\/\/adopteunpervers.fr\/wp-content\/uploads\/2022\/01\/exhentai3-1024x267.jpg\" alt=\"\" width=\"1024\" height=\"267\" srcset=\"http:\/\/adopteunpervers.fr\/wp-content\/uploads\/2022\/01\/exhentai3-1024x267.jpg 1024w, http:\/\/adopteunpervers.fr\/wp-content\/uploads\/2022\/01\/exhentai3-300x78.jpg 300w, http:\/\/adopteunpervers.fr\/wp-content\/uploads\/2022\/01\/exhentai3-768x200.jpg 768w, http:\/\/adopteunpervers.fr\/wp-content\/uploads\/2022\/01\/exhentai3-1536x400.jpg 1536w, http:\/\/adopteunpervers.fr\/wp-content\/uploads\/2022\/01\/exhentai3.jpg 1895w\" sizes=\"(max-width: 1024px) 100vw, 1024px\" \/><\/a><p id=\"caption-attachment-5842\" class=\"wp-caption-text\">Voici le formulaire d&rsquo;inscription \u00e0 remplir avec une adresse mail valide.<\/p><\/div>\n<ul>\n<li>Un message devrait arriver dans votre boite mail pour valider votre compte.<\/li>\n<li>Retournez ensuite sur le site d&rsquo;e-Hentai comme au d\u00e9but et cliquez de nouveau sur <strong><span style=\"color: #008080;\">My Home<\/span><\/strong> pour y entrer vos informations de compte.<\/li>\n<li>Vous voil\u00e0 d\u00e9sormais capable d&rsquo;acc\u00e9der \u00e0 <a href=\"https:\/\/exhentai.org\/\" rel=\"noopener\" target=\"_blank\">ExHentai<\/a><\/li>\n<\/ul>\n","protected":false},"excerpt":{"rendered":"<p>&#46;&#46;&#46;<\/p>\n","protected":false},"author":1,"featured_media":0,"parent":0,"menu_order":0,"comment_status":"closed","ping_status":"closed","template":"","meta":{"footnotes":""},"_links":{"self":[{"href":"http:\/\/adopteunpervers.fr\/index.php?rest_route=\/wp\/v2\/pages\/5831"}],"collection":[{"href":"http:\/\/adopteunpervers.fr\/index.php?rest_route=\/wp\/v2\/pages"}],"about":[{"href":"http:\/\/adopteunpervers.fr\/index.php?rest_route=\/wp\/v2\/types\/page"}],"author":[{"embeddable":true,"href":"http:\/\/adopteunpervers.fr\/index.php?rest_route=\/wp\/v2\/users\/1"}],"replies":[{"embeddable":true,"href":"http:\/\/adopteunpervers.fr\/index.php?rest_route=%2Fwp%2Fv2%2Fcomments&post=5831"}],"version-history":[{"count":10,"href":"http:\/\/adopteunpervers.fr\/index.php?rest_route=\/wp\/v2\/pages\/5831\/revisions"}],"predecessor-version":[{"id":5844,"href":"http:\/\/adopteunpervers.fr\/index.php?rest_route=\/wp\/v2\/pages\/5831\/revisions\/5844"}],"wp:attachment":[{"href":"http:\/\/adopteunpervers.fr\/index.php?rest_route=%2Fwp%2Fv2%2Fmedia&parent=5831"}],"curies":[{"name":"wp","href":"https:\/\/api.w.org\/{rel}","templated":true}]}}