{"id":5820,"date":"2022-01-15T20:48:36","date_gmt":"2022-01-15T19:48:36","guid":{"rendered":"http:\/\/adopteunpervers.fr\/?page_id=5820"},"modified":"2023-01-13T16:33:11","modified_gmt":"2023-01-13T14:33:11","slug":"sources-externes","status":"publish","type":"page","link":"http:\/\/adopteunpervers.fr\/?page_id=5820","title":{"rendered":"Sources externes"},"content":{"rendered":"<p><\/br><\/p>\n<h1><span style=\"color: #629e4a;\"><strong>EXPLICATION<\/strong><\/span><\/h1>\n<p>Comme cela est indiqu\u00e9 sur de nombreuses fiches, du contenu risque de dispara\u00eetre sur le site bien plus vite que vous ne pouvez le penser. Les projets concern\u00e9s sont d\u00e9j\u00e0 en partie disponible sur deux plateformes ext\u00e9rieures que sont ExHentai (pour la lecture de scans en ligne) et Sukebei.nyaa qui est un board torrents. Les deux images plus bas vous redirigerons vers une page explicative en vous procurant tous les informations n\u00e9cessaires pour parvenir \u00e0 r\u00e9cup\u00e9rer les projets que vous le d\u00e9sirez et bien d&rsquo;autres encore.<br \/>\nSi un d\u00e9tail venait \u00e0 manquer, n&rsquo;h\u00e9sitez pas \u00e0 nous alerter en commentaire ou direction sur le salon Discord du groupe afin que l&rsquo;on intervienne dans les plus brefs d\u00e9lais.<\/p>\n<hr \/>\n<p style=\"text-align: center;\"><a href=\"http:\/\/adopteunpervers.fr\/?page_id=5831\"><img loading=\"lazy\" decoding=\"async\" class=\"alignnone wp-image-5821 size-full\" src=\"http:\/\/adopteunpervers.fr\/wp-content\/uploads\/2022\/01\/exhentai.jpg\" alt=\"\" width=\"300\" height=\"150\" \/><\/a> <a href=\"http:\/\/adopteunpervers.fr\/?page_id=5845\"><img loading=\"lazy\" decoding=\"async\" class=\"alignnone wp-image-5822 size-full\" src=\"http:\/\/adopteunpervers.fr\/wp-content\/uploads\/2022\/01\/nyaa.jpg\" alt=\"\" width=\"300\" height=\"150\" \/><\/a><\/p>\n","protected":false},"excerpt":{"rendered":"<p>&#46;&#46;&#46;<\/p>\n","protected":false},"author":1,"featured_media":0,"parent":0,"menu_order":0,"comment_status":"closed","ping_status":"closed","template":"","meta":{"footnotes":""},"_links":{"self":[{"href":"http:\/\/adopteunpervers.fr\/index.php?rest_route=\/wp\/v2\/pages\/5820"}],"collection":[{"href":"http:\/\/adopteunpervers.fr\/index.php?rest_route=\/wp\/v2\/pages"}],"about":[{"href":"http:\/\/adopteunpervers.fr\/index.php?rest_route=\/wp\/v2\/types\/page"}],"author":[{"embeddable":true,"href":"http:\/\/adopteunpervers.fr\/index.php?rest_route=\/wp\/v2\/users\/1"}],"replies":[{"embeddable":true,"href":"http:\/\/adopteunpervers.fr\/index.php?rest_route=%2Fwp%2Fv2%2Fcomments&post=5820"}],"version-history":[{"count":8,"href":"http:\/\/adopteunpervers.fr\/index.php?rest_route=\/wp\/v2\/pages\/5820\/revisions"}],"predecessor-version":[{"id":6134,"href":"http:\/\/adopteunpervers.fr\/index.php?rest_route=\/wp\/v2\/pages\/5820\/revisions\/6134"}],"wp:attachment":[{"href":"http:\/\/adopteunpervers.fr\/index.php?rest_route=%2Fwp%2Fv2%2Fmedia&parent=5820"}],"curies":[{"name":"wp","href":"https:\/\/api.w.org\/{rel}","templated":true}]}}