{"id":5539,"date":"2021-09-02T12:57:06","date_gmt":"2021-09-02T10:57:06","guid":{"rendered":"http:\/\/adopteunpervers.fr\/?page_id=5539"},"modified":"2021-09-02T12:57:06","modified_gmt":"2021-09-02T10:57:06","slug":"clesta-cle-masahiro-go-to-kozukuri","status":"publish","type":"page","link":"http:\/\/adopteunpervers.fr\/?page_id=5539","title":{"rendered":"[clesta (Cle Masahiro)] Go to Kozukuri"},"content":{"rendered":"<div style=\"text-align: center;\"><a href=\"https:\/\/imagetwist.com\/no7owkexcnw4\/0001_d_191301pr.jpg.html\" target=\"_blank\" rel=\"noopener\"><img decoding=\"async\" src=\"https:\/\/img119.imagetwist.com\/th\/43113\/no7owkexcnw4.jpg\" border=\"0\" \/><\/a><br \/>\n<a href=\"https:\/\/imagetwist.com\/fwrmma1h7uh3\/0002_0001.jpg.html\" target=\"_blank\" rel=\"noopener\"><img decoding=\"async\" src=\"https:\/\/img119.imagetwist.com\/th\/43113\/fwrmma1h7uh3.jpg\" border=\"0\" \/><\/a> <a href=\"https:\/\/imagetwist.com\/4nz5o3wlz9t8\/0006_0005.jpg.html\" target=\"_blank\" rel=\"noopener\"><img decoding=\"async\" src=\"https:\/\/img119.imagetwist.com\/th\/43113\/4nz5o3wlz9t8.jpg\" border=\"0\" \/><\/a> <a href=\"https:\/\/imagetwist.com\/xgilztlmhuju\/0008_0007.jpg.html\" target=\"_blank\" rel=\"noopener\"><img decoding=\"async\" src=\"https:\/\/img119.imagetwist.com\/th\/43113\/xgilztlmhuju.jpg\" border=\"0\" \/><\/a> <a href=\"https:\/\/imagetwist.com\/i5yp1bl2goll\/0018_0017.jpg.html\" target=\"_blank\" rel=\"noopener\"><img decoding=\"async\" src=\"https:\/\/img119.imagetwist.com\/th\/43113\/i5yp1bl2goll.jpg\" border=\"0\" \/><\/a><\/p>\n<hr \/>\n<p><strong>Traduction (Jap\/Fr) : <span style=\"color: #800000;\">Adopte un pervers<\/span><\/strong><\/p>\n<hr \/>\n<p><span style=\"color: #bd3737;\"><strong>R\u00e9sum\u00e9<\/strong><\/span> : Un professeur d&rsquo;universit\u00e9 d\u00e9sireux d&rsquo;\u00e9tendre ses horizons et ses connaissances d\u00e9cide de partir visiter un village recul\u00e9 et isol\u00e9 en pleine campagne.<\/p>\n<hr \/>\n<h1 style=\"text-align: center;\"><span style=\"color: #40bfae;\"><strong>PROGRESSION<\/strong><\/span><\/h1>\n\t\t<style>\r\n\t\t#wpsm_progress_b_row_5544{\r\n\t    \/*overflow:hidden;*\/\r\n\t    display:block;\r\n\t    width:100%;\r\n\t    border:0px solid #000;\r\n\t    margin-bottom:20px;\r\n        }\r\n\t\t\r\n\t\t<\/style>\r\n\t\t\r\n\t\t<div class=\"wpsm_progress_b_row\" id=\"wpsm_progress_b_row_5544\">\r\n\t\t\t<div class=\"row\">\r\n\t\t\t<style>\r\n\r\n#wpsm_progress_b_row_5544 .indCol{    \r\n    padding-right: 15px;\r\n    padding-left: 15px;\r\n}\r\n\r\n#wpsm_progress_b_row_5544 .wpsm_progress{\r\n    height: 5px;\r\n    border-radius: 0;\r\n    box-shadow: none;\r\n    margin-bottom: 30px;\r\n    overflow: visible;\r\n}\r\n#wpsm_progress_b_row_5544 .wpsm_progress .wpsm_progress-pro-bar {\r\n    background: #e5e5e5;\r\n    box-shadow: 0 1px 2px hsla(0, 0%, 0%, 0.1) inset;\r\n    height:4px;\r\n    margin-bottom: 20px;\r\n    margin-top: 25px;\r\n    position: relative;\r\n}\r\n\r\n#wpsm_progress_b_row_5544 .wpsm_progress .wpsm_progress-title{\r\n    font-size: 18px;\r\n    font-weight: 100;\r\n\tfont-family: Verdana;\r\n    color: #4097bc;\r\n    position: relative;\r\n    top: -28px;\r\n    z-index: 1;\r\n}\r\n#wpsm_progress_b_row_5544 .wpsm_progress .wpsm_progress-value{\r\n    float: right;\r\n    \/*margin-top: -30px;*\/\r\n\tfont-size: 18px;\r\n    font-weight: 100;\r\n    color: #000000;\r\n\tfont-style: normal;\r\n}\r\n\r\n#wpsm_progress_b_row_5544 .wpsm_progress .wpsm_progress-bar {\r\n    background-color: #139650;\r\n    display: block;\r\n    width: 0;\r\n    height: 100%;\r\n    position: absolute;\r\n    top: 0;\r\n    left: 0;\r\n    transition: width 1s linear 0s;\r\n\tanimation: animate-positive 2s;\r\n}\r\n#wpsm_progress_b_row_5544 .wpsm_progress .wpsm_progress-bar:before {\r\n    content: \"\";\r\n    background-color: hsl(0, 0%, 100%);\r\n    border-radius: 50%;\r\n    width: 4px;\r\n    height: 4px;\r\n    position: absolute;\r\n    right: 1px;\r\n    top: 0;\r\n    z-index: 1;\r\n}\r\n#wpsm_progress_b_row_5544 .wpsm_progress .wpsm_progress-bar:after {\r\n    content: \"\";\r\n    width: 14px;\r\n    height: 14px;\r\n    background-color : #c1c1c1;\r\n    border-radius: 50%;\r\n    position: absolute;\r\n    right: -4px;\r\n    top: -5px;\r\n}\r\n\r\n\r\n@-webkit-keyframes animate-positive{\r\n    0% { width: 0%; }\r\n}\r\n@keyframes animate-positive{\r\n    0% { width: 0%; }\r\n}\r\n\r\n<\/style>\r\n\t\r\n\t\t\t\t<div class=\"col-md-12 col-sm-6 indCol\">\r\n                   \r\n                <div class=\"wpsm_progress\">\r\n                <div class=\"wpsm_progress-pro-bar\">\r\n                    <span class=\"wpsm_progress-title\">\r\n                        Prologue                        <span class=\"wpsm_progress-value\">100%<\/span>\r\n                    <\/span>\r\n                    <span class=\"wpsm_progress-bar wow\" style=\"width:100%;\"><\/span>\r\n                <\/div>\r\n            <\/div>\r\n                   \r\n                <\/div>\r\n\r\n\t\t    \r\n\t\t\t\t<div class=\"col-md-12 col-sm-6 indCol\">\r\n                   \r\n                <div class=\"wpsm_progress\">\r\n                <div class=\"wpsm_progress-pro-bar\">\r\n                    <span class=\"wpsm_progress-title\">\r\n                        Chapitre 1 - Traduction (100%) - \u00c9dition (40%)                        <span class=\"wpsm_progress-value\">30%<\/span>\r\n                    <\/span>\r\n                    <span class=\"wpsm_progress-bar wow\" style=\"width:30%;\"><\/span>\r\n                <\/div>\r\n            <\/div>\r\n                   \r\n                <\/div>\r\n\r\n\t\t        \r\n\t\t\t<\/div>\r\n\t\t<\/div>\r\n\t\t\r\n\t\t\r\n\t\n<\/div>\n<p>\n<div class=\"sp-wrap sp-wrap-orange\">\n<div class=\"sp-head\" title=\"Expand\">\nLiens\n<\/div>\n<div class=\"sp-body folded\">\n<p>\n<strong><span style=\"color: #008080;\">Prologue<\/span> :\u00a0 <a href=\"https:\/\/imgur.com\/a\/1jhlxwC\" target=\"_blank\" rel=\"noopener noreferrer\">Imgur<\/a><br \/>\n<strong><span style=\"color: #008080;\">Chapitre 1<\/span> : <a href=\"https:\/\/imgur.com\/a\/ejlCvFl\" target=\"_blank\" rel=\"noopener noreferrer\">Imgur<\/a><\/p>\n<\/div>\n<\/div>\n<\/strong><\/strong><\/p>\n","protected":false},"excerpt":{"rendered":"<p>&#46;&#46;&#46;<\/p>\n","protected":false},"author":1,"featured_media":0,"parent":0,"menu_order":0,"comment_status":"closed","ping_status":"closed","template":"","meta":{"footnotes":""},"_links":{"self":[{"href":"http:\/\/adopteunpervers.fr\/index.php?rest_route=\/wp\/v2\/pages\/5539"}],"collection":[{"href":"http:\/\/adopteunpervers.fr\/index.php?rest_route=\/wp\/v2\/pages"}],"about":[{"href":"http:\/\/adopteunpervers.fr\/index.php?rest_route=\/wp\/v2\/types\/page"}],"author":[{"embeddable":true,"href":"http:\/\/adopteunpervers.fr\/index.php?rest_route=\/wp\/v2\/users\/1"}],"replies":[{"embeddable":true,"href":"http:\/\/adopteunpervers.fr\/index.php?rest_route=%2Fwp%2Fv2%2Fcomments&post=5539"}],"version-history":[{"count":8,"href":"http:\/\/adopteunpervers.fr\/index.php?rest_route=\/wp\/v2\/pages\/5539\/revisions"}],"predecessor-version":[{"id":5548,"href":"http:\/\/adopteunpervers.fr\/index.php?rest_route=\/wp\/v2\/pages\/5539\/revisions\/5548"}],"wp:attachment":[{"href":"http:\/\/adopteunpervers.fr\/index.php?rest_route=%2Fwp%2Fv2%2Fmedia&parent=5539"}],"curies":[{"name":"wp","href":"https:\/\/api.w.org\/{rel}","templated":true}]}}