{"id":4807,"date":"2018-04-01T21:16:58","date_gmt":"2018-04-01T19:16:58","guid":{"rendered":"http:\/\/adopteunpervers.fr\/?page_id=4807"},"modified":"2018-04-01T21:19:34","modified_gmt":"2018-04-01T19:19:34","slug":"satsuki-imonet","status":"publish","type":"page","link":"http:\/\/adopteunpervers.fr\/?page_id=4807","title":{"rendered":"Satsuki Imonet"},"content":{"rendered":"<p><img loading=\"lazy\" decoding=\"async\" class=\"size-full wp-image-4808 aligncenter\" src=\"http:\/\/adopteunpervers.fr\/wp-content\/uploads\/2018\/04\/satsuki.jpg\" alt=\"\" width=\"600\" height=\"255\" srcset=\"http:\/\/adopteunpervers.fr\/wp-content\/uploads\/2018\/04\/satsuki.jpg 600w, http:\/\/adopteunpervers.fr\/wp-content\/uploads\/2018\/04\/satsuki-300x128.jpg 300w\" sizes=\"(max-width: 600px) 100vw, 600px\" \/><\/p>\n<h2 style=\"text-align: center;\"><span style=\"color: #b83d3d;\"><strong>Satsuki Imonet<br \/>\n<\/strong><\/span><\/h2>\n<hr \/>\n<h1 style=\"text-align: center;\"><span style=\"color: #339966;\"><strong>-MANGAS-<\/strong><\/span><\/h1>\n\n<div class=\"sp-wrap sp-wrap-green\">\n<div class=\"sp-head\" title=\"Expand\">\nLa colocation des succubes\n<\/div>\n<div class=\"sp-body folded\">\n<\/p>\n<div style=\"text-align: center;\">\n<hr \/>\n<p><em><strong>Traduction <span style=\"color: #ff0000;\">jap<\/span>\/<span style=\"color: #3366ff;\">fr<\/span> : <span style=\"color: #800000;\">Adopte un pervers<br \/>\n<\/span><\/strong><\/em><br \/>\n<a href=\"http:\/\/imagetwist.com\/megcxnd5s0b5\/_A1P__Colocation_succubes_001.jpg\" target=\"_blank\" rel=\"noopener noreferrer\"><img decoding=\"async\" src=\"http:\/\/img159.imagetwist.com\/th\/22551\/megcxnd5s0b5.jpg\" border=\"0\" \/><\/a> <a href=\"http:\/\/imagetwist.com\/ni2crxbb228u\/_A1P__Colocation_succubes_006.jpg\" target=\"_blank\" rel=\"noopener noreferrer\"><img decoding=\"async\" src=\"http:\/\/img159.imagetwist.com\/th\/22551\/ni2crxbb228u.jpg\" border=\"0\" \/><\/a> <a href=\"http:\/\/imagetwist.com\/x6b0tv32uoh9\/_A1P__Colocation_succubes_044.jpg\" target=\"_blank\" rel=\"noopener noreferrer\"><img decoding=\"async\" src=\"http:\/\/img159.imagetwist.com\/th\/22551\/x6b0tv32uoh9.jpg\" border=\"0\" \/><\/a><\/p>\n<hr \/>\n<p><span style=\"color: #bd3737;\"><strong>R\u00e9sum\u00e9<\/strong><\/span> : Un journaliste vous fait d\u00e9couvrir les coulisses et le quotidien de la vie d&rsquo;un groupe de succubes au Japon.<\/p>\n<hr \/>\n<h2 style=\"text-align: center;\"><span style=\"color: #6379ba;\"><strong>TAGS<\/strong><\/span><\/h2>\n<p><a href=\"http:\/\/adopteunpervers.fr\/?tag=ahegao\"><img loading=\"lazy\" decoding=\"async\" class=\"alignnone wp-image-3803 size-full\" title=\"Ahegao : expression d\u2019extase plus pouss\u00e9e qu\u2019avec un simple orgasme.\" src=\"http:\/\/adopteunpervers.fr\/wp-content\/uploads\/2015\/09\/ahegao.jpg\" alt=\"ahegao\" width=\"45\" height=\"45\" \/><\/a><a href=\"http:\/\/adopteunpervers.fr\/?tag=anal\"><img loading=\"lazy\" decoding=\"async\" class=\"alignnone wp-image-3804 size-full\" title=\"Anal : rapport sexuel avec l'anus.\" src=\"http:\/\/adopteunpervers.fr\/wp-content\/uploads\/2015\/09\/anal.jpg\" alt=\"anal\" width=\"45\" height=\"45\" \/><\/a><a href=\"http:\/\/adopteunpervers.fr\/?tag=branlette-espagnole\"><img loading=\"lazy\" decoding=\"async\" class=\"alignnone wp-image-3808 size-full\" title=\"Branlette espagnole : pratique sexuelle o\u00f9 la femme branle son partenaire avec sa poitrine.\" src=\"http:\/\/adopteunpervers.fr\/wp-content\/uploads\/2015\/09\/branesp.jpg\" alt=\"branesp\" width=\"45\" height=\"45\" \/><\/a><a href=\"http:\/\/adopteunpervers.fr\/?tag=fellation\"><img loading=\"lazy\" decoding=\"async\" class=\"alignnone wp-image-3800 size-full\" title=\"Fellation : acte consistant \u00e0 prendre le p\u00e9nis d'un homme dans la bouche pour le stimuler.\" src=\"http:\/\/adopteunpervers.fr\/wp-content\/uploads\/2016\/11\/fellation.jpg\" alt=\"fellation\" width=\"45\" height=\"45\" \/><\/a><a href=\"http:\/\/adopteunpervers.fr\/?tag=femdom\"><img loading=\"lazy\" decoding=\"async\" class=\"alignnone wp-image-3921 size-full\" title=\"Femdom : femme qui domine et soumet son partenaire \u00e0 ses exigences.\" src=\"http:\/\/adopteunpervers.fr\/wp-content\/uploads\/2015\/09\/femdom.jpg\" alt=\"femdom\" width=\"45\" height=\"45\" \/><\/a><a href=\"http:\/\/adopteunpervers.fr\/?tag=fille-bronzee\"><img loading=\"lazy\" decoding=\"async\" class=\"alignnone wp-image-3816 size-full\" title=\"Fille bronz\u00e9e : personnage f\u00e9minin \u00e0 la peau marron claire, fonc\u00e9e ou noire.\" src=\"http:\/\/adopteunpervers.fr\/wp-content\/uploads\/2015\/09\/fillebronz\u00e9e.jpg\" alt=\"fillebronzee\" width=\"45\" height=\"45\" \/><\/a><a href=\"http:\/\/adopteunpervers.fr\/?tag=futanari\"><img loading=\"lazy\" decoding=\"async\" class=\"alignnone wp-image-3918 size-full\" title=\"Futanari : femme dot\u00e9e des deux sexes ou juste d\u2019un p\u00e9nis. Ne pas confondre avec shemale\/transsexuels qui sont des hommes ayant chang\u00e9s de sexe.\" src=\"http:\/\/adopteunpervers.fr\/wp-content\/uploads\/2015\/09\/futanari.jpg\" alt=\"futanari\" width=\"45\" height=\"45\" \/><\/a><a href=\"http:\/\/adopteunpervers.fr\/?tag=gros-penis\"><img loading=\"lazy\" decoding=\"async\" class=\"alignnone wp-image-3822 size-full\" title=\"Gros p\u00e9nis : phallus de taille d\u00e9mesur\u00e9e.\" src=\"http:\/\/adopteunpervers.fr\/wp-content\/uploads\/2015\/09\/grospenis.jpg\" alt=\"grospenis\" width=\"45\" height=\"45\" \/><\/a><a href=\"http:\/\/adopteunpervers.fr\/?tag=gros-seins\"><img loading=\"lazy\" decoding=\"async\" class=\"alignnone wp-image-3778 size-full\" title=\"Gros seins : attributs mammaires qui ne laissent pas indiff\u00e9rents\" src=\"http:\/\/adopteunpervers.fr\/wp-content\/uploads\/2016\/11\/groseins.jpg\" alt=\"Gros seins\" width=\"45\" height=\"45\" \/><\/a><a href=\"http:\/\/adopteunpervers.fr\/?tag=groupe\"><img loading=\"lazy\" decoding=\"async\" class=\"alignnone wp-image-3823 size-full\" title=\"Groupe : plusieurs personnes qui couchent ensemble. Peut \u00eatre associ\u00e9 \u00e0 orgie ou partouze.\" src=\"http:\/\/adopteunpervers.fr\/wp-content\/uploads\/2015\/09\/groupe.jpg\" alt=\"groupe\" width=\"45\" height=\"45\" \/><\/a><a href=\"http:\/\/adopteunpervers.fr\/?tag=harem\"><img loading=\"lazy\" decoding=\"async\" class=\"alignnone wp-image-3825 size-full\" title=\"Harem : situation o\u00f9 un personnage masculin echa\u00eene les conqu\u00eates.\" src=\"http:\/\/adopteunpervers.fr\/wp-content\/uploads\/2015\/09\/harem.jpg\" alt=\"harem\" width=\"45\" height=\"45\" \/><\/a><a href=\"http:\/\/adopteunpervers.fr\/?tag=humour\"><img loading=\"lazy\" decoding=\"async\" class=\"alignnone wp-image-3874 size-full\" title=\"Humour : sc\u00e9nario m\u00e9langeant sexe et humour.\" src=\"http:\/\/adopteunpervers.fr\/wp-content\/uploads\/2015\/09\/humour.jpg\" alt=\"humour\" width=\"45\" height=\"45\" \/><\/a><a href=\"http:\/\/adopteunpervers.fr\/?tag=multiple-fellation\"><img loading=\"lazy\" decoding=\"async\" class=\"alignnone wp-image-3885 size-full\" title=\"Multiple fellations : fellation pratiqu\u00e9e par plusieurs partenaires.\" src=\"http:\/\/adopteunpervers.fr\/wp-content\/uploads\/2015\/09\/multiplefalltion.jpg\" alt=\"multiplefalltion\" width=\"45\" height=\"45\" \/><\/a><a href=\"http:\/\/adopteunpervers.fr\/?tag=nymphomane\"><img loading=\"lazy\" decoding=\"async\" class=\"alignnone wp-image-3888 size-full\" title=\"Nymphomane : femme pour qui le sexe est une drogue.\" src=\"http:\/\/adopteunpervers.fr\/wp-content\/uploads\/2015\/09\/nymphomane.jpg\" alt=\"nymphomane\" width=\"45\" height=\"45\" \/><\/a><a href=\"http:\/\/adopteunpervers.fr\/?tag=petits-seins\"><img loading=\"lazy\" decoding=\"async\" class=\"alignnone wp-image-3831 size-full\" title=\"Petits seins : poitrines de taille r\u00e9duite.\" src=\"http:\/\/adopteunpervers.fr\/wp-content\/uploads\/2015\/09\/petitsseins.jpg\" alt=\"petitsseins\" width=\"45\" height=\"45\" \/><\/a><a href=\"http:\/\/adopteunpervers.fr\/?tag=puceau\"><img loading=\"lazy\" decoding=\"async\" class=\"alignnone wp-image-3835 size-full\" title=\"Puceau : jeune homme n'ayant encore jamais eu de rapport sexuel.\" src=\"http:\/\/adopteunpervers.fr\/wp-content\/uploads\/2015\/09\/puceau.jpg\" alt=\"puceau\" width=\"45\" height=\"45\" \/><\/a><a href=\"http:\/\/adopteunpervers.fr\/?tag=succube\"><img loading=\"lazy\" decoding=\"async\" class=\"alignnone wp-image-3842 size-full\" title=\"Succube : d\u00e9mon poss\u00e9dant l\u2019apparence d\u2019une femme cherchant \u00e0 aspirer la force vitale d\u2019hommes. Ou de leur sperme, dans la plupart des histoires cochonnes.\" src=\"http:\/\/adopteunpervers.fr\/wp-content\/uploads\/2015\/09\/succube.jpg\" alt=\"succube\" width=\"45\" height=\"45\" \/><\/a><a href=\"http:\/\/adopteunpervers.fr\/?tag=vierge\"><img loading=\"lazy\" decoding=\"async\" class=\"alignnone wp-image-3850 size-full\" title=\"Vierge : jeune femme n'ayant encore jamais eu de rapport sexuel.\" src=\"http:\/\/adopteunpervers.fr\/wp-content\/uploads\/2015\/09\/vierge.jpg\" alt=\"vierge\" width=\"45\" height=\"45\" \/><\/a><a href=\"http:\/\/adopteunpervers.fr\/?tag=yuri\"><img loading=\"lazy\" decoding=\"async\" class=\"alignnone wp-image-3897 size-full\" title=\"Yuri : pour les femmes qui aiment les femmes... et pour les coeurs tendres.\" src=\"http:\/\/adopteunpervers.fr\/wp-content\/uploads\/2015\/09\/yuri.jpg\" alt=\"yuri\" width=\"45\" height=\"45\" \/><\/a><a href=\"http:\/\/adopteunpervers.fr\/?tag=cafe-bar\"><img loading=\"lazy\" decoding=\"async\" class=\"alignnone wp-image-3867 size-full\" title=\"Caf\u00e9 \/ Bar\" src=\"http:\/\/adopteunpervers.fr\/wp-content\/uploads\/2015\/09\/cafe.jpg\" alt=\"cafe\" width=\"45\" height=\"45\" \/><\/a><a href=\"http:\/\/adopteunpervers.fr\/?tag=chambre\"><img loading=\"lazy\" decoding=\"async\" class=\"alignnone wp-image-3810 size-full\" title=\"Chambre\" src=\"http:\/\/adopteunpervers.fr\/wp-content\/uploads\/2015\/09\/chambre.jpg\" alt=\"chambre\" width=\"45\" height=\"45\" \/><\/a><\/p>\n<\/div>\n<div style=\"text-align: center;\">\n<hr \/>\n<\/div>\n<p><span style=\"color: #008080;\"><strong>T\u00e9l\u00e9chargement <\/strong><\/span> : <a href=\"http:\/\/jheberg.net\/captcha\/satsuki-imonet-la-colocation-des-succubes-fr-ado-2\/\" target=\"_blank\" rel=\"noopener noreferrer\">Jheberg<\/a> &#8211; <a href=\"http:\/\/ul.to\/ximbzwec\" target=\"_blank\" rel=\"noopener noreferrer\">Uploaded<\/a> &#8211; <a href=\"https:\/\/www.solidfiles.com\/v\/DvpeqM7x53q5G\" target=\"_blank\" rel=\"noopener noreferrer\">SolidFiles<\/a><\/p>\n<p>\n<\/div>\n<\/div>\n\n","protected":false},"excerpt":{"rendered":"<p>&#46;&#46;&#46;<\/p>\n","protected":false},"author":1,"featured_media":0,"parent":0,"menu_order":0,"comment_status":"closed","ping_status":"closed","template":"","meta":{"footnotes":""},"_links":{"self":[{"href":"http:\/\/adopteunpervers.fr\/index.php?rest_route=\/wp\/v2\/pages\/4807"}],"collection":[{"href":"http:\/\/adopteunpervers.fr\/index.php?rest_route=\/wp\/v2\/pages"}],"about":[{"href":"http:\/\/adopteunpervers.fr\/index.php?rest_route=\/wp\/v2\/types\/page"}],"author":[{"embeddable":true,"href":"http:\/\/adopteunpervers.fr\/index.php?rest_route=\/wp\/v2\/users\/1"}],"replies":[{"embeddable":true,"href":"http:\/\/adopteunpervers.fr\/index.php?rest_route=%2Fwp%2Fv2%2Fcomments&post=4807"}],"version-history":[{"count":4,"href":"http:\/\/adopteunpervers.fr\/index.php?rest_route=\/wp\/v2\/pages\/4807\/revisions"}],"predecessor-version":[{"id":4814,"href":"http:\/\/adopteunpervers.fr\/index.php?rest_route=\/wp\/v2\/pages\/4807\/revisions\/4814"}],"wp:attachment":[{"href":"http:\/\/adopteunpervers.fr\/index.php?rest_route=%2Fwp%2Fv2%2Fmedia&parent=4807"}],"curies":[{"name":"wp","href":"https:\/\/api.w.org\/{rel}","templated":true}]}}