{"id":4686,"date":"2017-05-02T11:06:34","date_gmt":"2017-05-02T09:06:34","guid":{"rendered":"http:\/\/adopteunpervers.fr\/?page_id=4686"},"modified":"2017-05-02T11:06:34","modified_gmt":"2017-05-02T09:06:34","slug":"bou-ningen","status":"publish","type":"page","link":"http:\/\/adopteunpervers.fr\/?page_id=4686","title":{"rendered":"Bou Ningen"},"content":{"rendered":"<p><img loading=\"lazy\" decoding=\"async\" class=\"size-full wp-image-4687 aligncenter\" src=\"http:\/\/adopteunpervers.fr\/wp-content\/uploads\/2017\/05\/bouningen.jpg\" alt=\"\" width=\"600\" height=\"255\" srcset=\"http:\/\/adopteunpervers.fr\/wp-content\/uploads\/2017\/05\/bouningen.jpg 600w, http:\/\/adopteunpervers.fr\/wp-content\/uploads\/2017\/05\/bouningen-300x128.jpg 300w\" sizes=\"(max-width: 600px) 100vw, 600px\" \/><\/p>\n<h2 style=\"text-align: center;\"><span style=\"color: #b83d3d;\"><strong>Bou Ningen<br \/>\n<\/strong><\/span><\/h2>\n<hr \/>\n<h1 style=\"text-align: center;\"><span style=\"color: #339966;\"><strong>-MANGAS-<\/strong><\/span><\/h1>\n\n<div class=\"sp-wrap sp-wrap-green\">\n<div class=\"sp-head\" title=\"Expand\">\nAne Video\n<\/div>\n<div class=\"sp-body folded\">\n<\/p>\n<div style=\"text-align: center;\">\n<p><a href=\"http:\/\/imagetwist.com\/w3we3bg7wpif\/_A1P__Ane_Video_002.jpg\" target=\"_blank\" rel=\"noopener noreferrer\"><img decoding=\"async\" src=\"http:\/\/img116.imagetwist.com\/th\/15436\/w3we3bg7wpif.jpg\" border=\"0\" \/><\/a> <a href=\"http:\/\/imagetwist.com\/paqc76ocogmm\/_A1P__Ane_Video_007.jpg\" target=\"_blank\" rel=\"noopener noreferrer\"><img decoding=\"async\" src=\"http:\/\/img116.imagetwist.com\/th\/15436\/paqc76ocogmm.jpg\" border=\"0\" \/><\/a> <a href=\"http:\/\/imagetwist.com\/r6q3pj8k3l0c\/_A1P__Ane_Video_018.jpg\" target=\"_blank\" rel=\"noopener noreferrer\"><img decoding=\"async\" src=\"http:\/\/img116.imagetwist.com\/th\/15436\/r6q3pj8k3l0c.jpg\" border=\"0\" \/><\/a><\/p>\n<hr \/>\n<p><em><strong>Traduction : <span style=\"color: #800000;\">Adopte un pervers<br \/>\n<\/span><\/strong><\/em><\/p>\n<hr \/>\n<p><span style=\"color: #bd3737;\"><strong>R\u00e9sum\u00e9<\/strong><\/span> : Un jeune homme va d\u00e9couvrir un film amateur dont sa frangine est la vedette suite aux recommandations d&rsquo;un propri\u00e9taire de sex-shop aux faux-airs de Stan Lee.<\/p>\n<hr \/>\n<h2 style=\"text-align: center;\"><span style=\"color: #6379ba;\"><strong>TAGS<\/strong><\/span><\/h2>\n<p><a href=\"http:\/\/adopteunpervers.fr\/?tag=branlette-espagnole\"><img loading=\"lazy\" decoding=\"async\" class=\"alignnone wp-image-3808 size-full\" title=\"Branlette espagnole : pratique sexuelle o\u00f9 la femme branle son partenaire avec sa poitrine.\" src=\"http:\/\/adopteunpervers.fr\/wp-content\/uploads\/2015\/09\/branesp.jpg\" alt=\"branesp\" width=\"45\" height=\"45\" \/><\/a><a href=\"http:\/\/adopteunpervers.fr\/?tag=fellation\"><img loading=\"lazy\" decoding=\"async\" class=\"alignnone wp-image-3800 size-full\" title=\"Fellation : acte consistant \u00e0 prendre le p\u00e9nis d'un homme dans la bouche pour le stimuler.\" src=\"http:\/\/adopteunpervers.fr\/wp-content\/uploads\/2016\/11\/fellation.jpg\" alt=\"fellation\" width=\"45\" height=\"45\" \/><\/a><a href=\"http:\/\/adopteunpervers.fr\/?tag=gros-penis\"><img loading=\"lazy\" decoding=\"async\" class=\"alignnone wp-image-3822 size-full\" title=\"Gros p\u00e9nis : phallus de taille d\u00e9mesur\u00e9e.\" src=\"http:\/\/adopteunpervers.fr\/wp-content\/uploads\/2015\/09\/grospenis.jpg\" alt=\"grospenis\" width=\"45\" height=\"45\" \/><\/a><a href=\"http:\/\/adopteunpervers.fr\/?tag=gros-seins\"><img loading=\"lazy\" decoding=\"async\" class=\"alignnone wp-image-3778 size-full\" title=\"Gros seins : attributs mammaires qui ne laissent pas indiff\u00e9rents\" src=\"http:\/\/adopteunpervers.fr\/wp-content\/uploads\/2016\/11\/groseins.jpg\" alt=\"Gros seins\" width=\"45\" height=\"45\" \/><\/a><a href=\"http:\/\/adopteunpervers.fr\/?tag=groupe\"><img loading=\"lazy\" decoding=\"async\" class=\"alignnone wp-image-3823 size-full\" title=\"Groupe : plusieurs personnes qui couchent ensemble. Peut \u00eatre associ\u00e9 \u00e0 orgie ou partouze.\" src=\"http:\/\/adopteunpervers.fr\/wp-content\/uploads\/2015\/09\/groupe.jpg\" alt=\"groupe\" width=\"45\" height=\"45\" \/><\/a><a href=\"http:\/\/adopteunpervers.fr\/?tag=inceste\"><img loading=\"lazy\" decoding=\"async\" class=\"alignnone wp-image-3828 size-full\" title=\"Inceste : rapport sexuel avec un membre de se famille : m\u00e8re-fils, p\u00e8re-fille, fr\u00e8re-soeur, etc.\" src=\"http:\/\/adopteunpervers.fr\/wp-content\/uploads\/2015\/09\/inceste.jpg\" alt=\"inceste\" width=\"45\" height=\"45\" \/><\/a><\/p>\n<\/div>\n<div style=\"text-align: center;\"><\/div>\n<div style=\"text-align: center;\">\n<hr \/>\n<\/div>\n<p><span style=\"color: #008080;\"><strong>T\u00e9l\u00e9chargement <\/strong><\/span> : *<strong>Acc\u00e8s anticip\u00e9<\/strong> sur <a href=\"https:\/\/www.patreon.com\/posts\/scan-acces-la-de-9811542\" target=\"_blank\" rel=\"noopener noreferrer\">Patreon<\/a>*<\/p>\n<p>\n<\/div>\n<\/div>\n\n","protected":false},"excerpt":{"rendered":"<p>&#46;&#46;&#46;<\/p>\n","protected":false},"author":1,"featured_media":0,"parent":0,"menu_order":0,"comment_status":"closed","ping_status":"closed","template":"","meta":{"footnotes":""},"_links":{"self":[{"href":"http:\/\/adopteunpervers.fr\/index.php?rest_route=\/wp\/v2\/pages\/4686"}],"collection":[{"href":"http:\/\/adopteunpervers.fr\/index.php?rest_route=\/wp\/v2\/pages"}],"about":[{"href":"http:\/\/adopteunpervers.fr\/index.php?rest_route=\/wp\/v2\/types\/page"}],"author":[{"embeddable":true,"href":"http:\/\/adopteunpervers.fr\/index.php?rest_route=\/wp\/v2\/users\/1"}],"replies":[{"embeddable":true,"href":"http:\/\/adopteunpervers.fr\/index.php?rest_route=%2Fwp%2Fv2%2Fcomments&post=4686"}],"version-history":[{"count":1,"href":"http:\/\/adopteunpervers.fr\/index.php?rest_route=\/wp\/v2\/pages\/4686\/revisions"}],"predecessor-version":[{"id":4688,"href":"http:\/\/adopteunpervers.fr\/index.php?rest_route=\/wp\/v2\/pages\/4686\/revisions\/4688"}],"wp:attachment":[{"href":"http:\/\/adopteunpervers.fr\/index.php?rest_route=%2Fwp%2Fv2%2Fmedia&parent=4686"}],"curies":[{"name":"wp","href":"https:\/\/api.w.org\/{rel}","templated":true}]}}