{"id":4653,"date":"2017-04-30T21:33:01","date_gmt":"2017-04-30T19:33:01","guid":{"rendered":"http:\/\/adopteunpervers.fr\/?page_id=4653"},"modified":"2017-04-30T21:51:45","modified_gmt":"2017-04-30T19:51:45","slug":"reinbach","status":"publish","type":"page","link":"http:\/\/adopteunpervers.fr\/?page_id=4653","title":{"rendered":"Reinbach"},"content":{"rendered":"<p><img loading=\"lazy\" decoding=\"async\" class=\"size-full wp-image-4655 aligncenter\" src=\"http:\/\/adopteunpervers.fr\/wp-content\/uploads\/2017\/04\/reinbach.jpg\" alt=\"\" width=\"600\" height=\"255\" srcset=\"http:\/\/adopteunpervers.fr\/wp-content\/uploads\/2017\/04\/reinbach.jpg 600w, http:\/\/adopteunpervers.fr\/wp-content\/uploads\/2017\/04\/reinbach-300x128.jpg 300w\" sizes=\"(max-width: 600px) 100vw, 600px\" \/><\/p>\n<h2 style=\"text-align: center;\"><span style=\"color: #b83d3d;\"><strong>Reinbach<br \/>\n<\/strong><\/span><\/h2>\n<hr \/>\n<h1 style=\"text-align: center;\"><span style=\"color: #339966;\"><strong>-ComixXx-<\/strong><\/span><\/h1>\n\n<div class=\"sp-wrap sp-wrap-green\">\n<div class=\"sp-head\" title=\"Expand\">\nSwitch\n<\/div>\n<div class=\"sp-body folded\">\n<\/p>\n<div style=\"text-align: center;\">\n<p><a href=\"http:\/\/imagetwist.com\/6n6aac15426d\/000.jpg\" target=\"_blank\" rel=\"noopener noreferrer\"><img decoding=\"async\" src=\"http:\/\/img28.imagetwist.com\/th\/15419\/6n6aac15426d.jpg\" border=\"0\" \/><\/a> <a href=\"http:\/\/imagetwist.com\/g9g6srm6mt87\/004.jpg\" target=\"_blank\" rel=\"noopener noreferrer\"><img decoding=\"async\" src=\"http:\/\/img28.imagetwist.com\/th\/15419\/g9g6srm6mt87.jpg\" border=\"0\" \/><\/a> <a href=\"http:\/\/imagetwist.com\/nmvuks467k49\/011.jpg\" target=\"_blank\" rel=\"noopener noreferrer\"><img decoding=\"async\" src=\"http:\/\/img28.imagetwist.com\/th\/15419\/nmvuks467k49.jpg\" border=\"0\" \/><\/a><\/p>\n<hr \/>\n<p><em><strong>Traduction : <span style=\"color: #800000;\">Adopte un pervers<br \/>\n<\/span><\/strong><\/em><\/p>\n<hr \/>\n<p><span style=\"color: #bd3737;\"><strong>R\u00e9sum\u00e9<\/strong><\/span> : <strong>La vie de Casey est particuli\u00e8re, entre probl\u00e8mes \u00e0 l&rsquo;\u00e9cole et l&rsquo;absence de sa m\u00e8re, elle se forge son identit\u00e9 de mani\u00e8re assez particuli\u00e8re.<br \/>\n<\/strong><\/p>\n<hr \/>\n<h2 style=\"text-align: center;\"><span style=\"color: #6379ba;\"><strong>TAGS<\/strong><\/span><\/h2>\n<p><a href=\"http:\/\/adopteunpervers.fr\/?tag=bukkake\"><img loading=\"lazy\" decoding=\"async\" class=\"alignnone wp-image-3809 size-full\" title=\"Bukkake : pratiqu\u00e9 normalement en groupe, le bukkake est le terme utilis\u00e9 quand quelqu'un se retrouve couvert d\u2019une \u00e9norme quantit\u00e9 de semence.\" src=\"http:\/\/adopteunpervers.fr\/wp-content\/uploads\/2015\/09\/bukkake.jpg\" alt=\"bukkake\" width=\"45\" height=\"45\" \/><\/a><a href=\"http:\/\/adopteunpervers.fr\/?tag=gros-seins\"><img loading=\"lazy\" decoding=\"async\" class=\"alignnone wp-image-3778 size-full\" title=\"Gros seins : attributs mammaires qui ne laissent pas indiff\u00e9rents\" src=\"http:\/\/adopteunpervers.fr\/wp-content\/uploads\/2016\/11\/groseins.jpg\" alt=\"Gros seins\" width=\"45\" height=\"45\" \/><\/a><a href=\"http:\/\/adopteunpervers.fr\/?tag=non-censure\"><img loading=\"lazy\" decoding=\"async\" class=\"alignnone wp-image-3887 size-full\" title=\"Non censur\u00e9 : contenu d\u00e9nu\u00e9 de censure. BANZAI !\" src=\"http:\/\/adopteunpervers.fr\/wp-content\/uploads\/2015\/09\/noncensure.jpg\" alt=\"noncensure\" width=\"45\" height=\"45\" \/><\/a><a href=\"http:\/\/adopteunpervers.fr\/?tag=nymphomane\"><img loading=\"lazy\" decoding=\"async\" class=\"alignnone wp-image-3888 size-full\" title=\"Nymphomane : femme pour qui le sexe est une drogue.\" src=\"http:\/\/adopteunpervers.fr\/wp-content\/uploads\/2015\/09\/nymphomane.jpg\" alt=\"nymphomane\" width=\"45\" height=\"45\" \/><\/a><\/p>\n<\/div>\n<div style=\"text-align: center;\"><\/div>\n<div style=\"text-align: center;\">\n<hr \/>\n<\/div>\n<p><span style=\"color: #008080;\"><strong>T\u00e9l\u00e9chargement<\/strong><\/span> : <a href=\"http:\/\/jheberg.net\/captcha\/reinbach-switch-ch-1-fr-adopte-un-pervers\/\" target=\"_blank\" rel=\"noopener noreferrer\">JHeberg<\/a> &#8211; <a href=\"http:\/\/ul.to\/akvyxrm1\" target=\"_blank\" rel=\"noopener noreferrer\">Uploaded<\/a> &#8211; <a href=\"https:\/\/www.solidfiles.com\/v\/62xkBXmpMjP4n\" target=\"_blank\" rel=\"noopener noreferrer\">Solidfiles<\/a><br \/>\n<span style=\"color: #008080;\"><strong>Lecture en ligne<\/strong><\/span> : <a href=\"https:\/\/e-hentai.org\/g\/1057350\/f1392a5c24\/\" target=\"_blank\" rel=\"noopener noreferrer\">E-Hentai<\/a><\/p>\n<\/div>\n<\/div>\n\n","protected":false},"excerpt":{"rendered":"<p>&#46;&#46;&#46;<\/p>\n","protected":false},"author":1,"featured_media":0,"parent":0,"menu_order":0,"comment_status":"closed","ping_status":"closed","template":"","meta":{"footnotes":""},"_links":{"self":[{"href":"http:\/\/adopteunpervers.fr\/index.php?rest_route=\/wp\/v2\/pages\/4653"}],"collection":[{"href":"http:\/\/adopteunpervers.fr\/index.php?rest_route=\/wp\/v2\/pages"}],"about":[{"href":"http:\/\/adopteunpervers.fr\/index.php?rest_route=\/wp\/v2\/types\/page"}],"author":[{"embeddable":true,"href":"http:\/\/adopteunpervers.fr\/index.php?rest_route=\/wp\/v2\/users\/1"}],"replies":[{"embeddable":true,"href":"http:\/\/adopteunpervers.fr\/index.php?rest_route=%2Fwp%2Fv2%2Fcomments&post=4653"}],"version-history":[{"count":3,"href":"http:\/\/adopteunpervers.fr\/index.php?rest_route=\/wp\/v2\/pages\/4653\/revisions"}],"predecessor-version":[{"id":4658,"href":"http:\/\/adopteunpervers.fr\/index.php?rest_route=\/wp\/v2\/pages\/4653\/revisions\/4658"}],"wp:attachment":[{"href":"http:\/\/adopteunpervers.fr\/index.php?rest_route=%2Fwp%2Fv2%2Fmedia&parent=4653"}],"curies":[{"name":"wp","href":"https:\/\/api.w.org\/{rel}","templated":true}]}}