{"id":4648,"date":"2017-04-30T14:41:45","date_gmt":"2017-04-30T12:41:45","guid":{"rendered":"http:\/\/adopteunpervers.fr\/?page_id=4648"},"modified":"2017-04-30T14:41:45","modified_gmt":"2017-04-30T12:41:45","slug":"yair","status":"publish","type":"page","link":"http:\/\/adopteunpervers.fr\/?page_id=4648","title":{"rendered":"Yair"},"content":{"rendered":"<p><img loading=\"lazy\" decoding=\"async\" class=\"size-full wp-image-4649 aligncenter\" src=\"http:\/\/adopteunpervers.fr\/wp-content\/uploads\/2017\/04\/yair.jpg\" alt=\"\" width=\"600\" height=\"255\" srcset=\"http:\/\/adopteunpervers.fr\/wp-content\/uploads\/2017\/04\/yair.jpg 600w, http:\/\/adopteunpervers.fr\/wp-content\/uploads\/2017\/04\/yair-300x128.jpg 300w\" sizes=\"(max-width: 600px) 100vw, 600px\" \/><\/p>\n<h2 style=\"text-align: center;\"><span style=\"color: #b83d3d;\"><strong>Yair<br \/>\n<\/strong><\/span><\/h2>\n<hr \/>\n<h1 style=\"text-align: center;\"><span style=\"color: #339966;\"><strong>-ComixXx-<\/strong><\/span><\/h1>\n\n<div class=\"sp-wrap sp-wrap-green\">\n<div class=\"sp-head\" title=\"Expand\">\nDetention\n<\/div>\n<div class=\"sp-body folded\">\n<\/p>\n<div style=\"text-align: center;\">\n<p><a href=\"http:\/\/imagetwist.com\/1tv1rfqw032j\/D_000.jpg.html\" target=\"_blank\" rel=\"noopener noreferrer\"><img decoding=\"async\" src=\"http:\/\/img153.imagetwist.com\/th\/09394\/1tv1rfqw032j.jpg\" border=\"0\" \/><\/a> <a href=\"http:\/\/imagetwist.com\/7ntv4ntpzwpi\/D_008.jpg.html\" target=\"_blank\" rel=\"noopener noreferrer\"><img decoding=\"async\" src=\"http:\/\/img153.imagetwist.com\/th\/09394\/7ntv4ntpzwpi.jpg\" border=\"0\" \/><\/a> <a href=\"http:\/\/imagetwist.com\/av5ziewu9y96\/D_018.jpg.html\" target=\"_blank\" rel=\"noopener noreferrer\"><img decoding=\"async\" src=\"http:\/\/img153.imagetwist.com\/th\/09394\/av5ziewu9y96.jpg\" border=\"0\" \/><\/a><\/p>\n<hr \/>\n<p><em><strong>Traduction : <span style=\"color: #800000;\">Adopte un pervers<br \/>\n<\/span><\/strong><\/em><\/p>\n<hr \/>\n<p><span style=\"color: #bd3737;\"><strong>R\u00e9sum\u00e9<\/strong><\/span> : Un intello lambda est devenu la source de nombreuses rumeurs chez les pouf du lyc\u00e9e pour la taille de son sexe.<\/p>\n<hr \/>\n<h2 style=\"text-align: center;\"><span style=\"color: #6379ba;\"><strong>TAGS<\/strong><\/span><\/h2>\n<p><a href=\"http:\/\/adopteunpervers.fr\/?tag=bukkake\"><img loading=\"lazy\" decoding=\"async\" class=\"alignnone wp-image-3809 size-full\" title=\"Bukkake : pratiqu\u00e9 normalement en groupe, le bukkake est le terme utilis\u00e9 quand quelqu'un se retrouve couvert d\u2019une \u00e9norme quantit\u00e9 de semence.\" src=\"http:\/\/adopteunpervers.fr\/wp-content\/uploads\/2015\/09\/bukkake.jpg\" alt=\"bukkake\" width=\"45\" height=\"45\" \/><\/a><a href=\"http:\/\/adopteunpervers.fr\/?tag=enseignante\"><img loading=\"lazy\" decoding=\"async\" class=\"alignnone wp-image-3814 size-full\" title=\"Enseignante : professeur de sexe f\u00e9minin.\" src=\"http:\/\/adopteunpervers.fr\/wp-content\/uploads\/2015\/09\/enseignante.jpg\" alt=\"enseignante\" width=\"45\" height=\"45\" \/><\/a><a href=\"http:\/\/adopteunpervers.fr\/?tag=gros-penis\"><img loading=\"lazy\" decoding=\"async\" class=\"alignnone wp-image-3822 size-full\" title=\"Gros p\u00e9nis : phallus de taille d\u00e9mesur\u00e9e.\" src=\"http:\/\/adopteunpervers.fr\/wp-content\/uploads\/2015\/09\/grospenis.jpg\" alt=\"grospenis\" width=\"45\" height=\"45\" \/><\/a><a href=\"http:\/\/adopteunpervers.fr\/?tag=lunettes\"><img loading=\"lazy\" decoding=\"async\" class=\"alignnone wp-image-3829 size-full\" title=\"Lunettes : ici, cela fait uniquement r\u00e9f\u00e9rence aux personnages f\u00e9minins \u00e0 lunettes.\" src=\"http:\/\/adopteunpervers.fr\/wp-content\/uploads\/2015\/09\/lunettes.jpg\" alt=\"lunettes\" width=\"45\" height=\"45\" \/><\/a><a href=\"http:\/\/adopteunpervers.fr\/?tag=lycee\"><img loading=\"lazy\" decoding=\"async\" class=\"alignnone wp-image-3880 size-full\" title=\"Lyc\u00e9e\" src=\"http:\/\/adopteunpervers.fr\/wp-content\/uploads\/2015\/09\/lycee.jpg\" alt=\"lycee\" width=\"45\" height=\"45\" \/><\/a><\/p>\n<\/div>\n<div style=\"text-align: center;\"><\/div>\n<div style=\"text-align: center;\">\n<hr \/>\n<\/div>\n<p><span style=\"color: #008080;\"><strong>T\u00e9l\u00e9chargement<\/strong><\/span> : <a href=\"http:\/\/jheberg.net\/captcha\/yair-detention-fr-adopte-un-pervers\/\" target=\"_blank\" rel=\"noopener noreferrer\">JHeberg<\/a> &#8211; <a href=\"http:\/\/ul.to\/iv836iay\" target=\"_blank\" rel=\"noopener noreferrer\">Uploaded<\/a> &#8211; <a href=\"https:\/\/www.solidfiles.com\/v\/DkDMnkNvnwZr5\" target=\"_blank\" rel=\"noopener noreferrer\">Solidfiles<\/a><br \/>\n<span style=\"color: #008080;\"><strong>Lecture en ligne<\/strong><\/span> : <a href=\"https:\/\/e-hentai.org\/g\/924774\/2785dc70a6\/\" target=\"_blank\" rel=\"noopener noreferrer\">E-Hentai<\/a><\/p>\n<\/div>\n<\/div>\n\n","protected":false},"excerpt":{"rendered":"<p>&#46;&#46;&#46;<\/p>\n","protected":false},"author":1,"featured_media":0,"parent":0,"menu_order":0,"comment_status":"closed","ping_status":"closed","template":"","meta":{"footnotes":""},"_links":{"self":[{"href":"http:\/\/adopteunpervers.fr\/index.php?rest_route=\/wp\/v2\/pages\/4648"}],"collection":[{"href":"http:\/\/adopteunpervers.fr\/index.php?rest_route=\/wp\/v2\/pages"}],"about":[{"href":"http:\/\/adopteunpervers.fr\/index.php?rest_route=\/wp\/v2\/types\/page"}],"author":[{"embeddable":true,"href":"http:\/\/adopteunpervers.fr\/index.php?rest_route=\/wp\/v2\/users\/1"}],"replies":[{"embeddable":true,"href":"http:\/\/adopteunpervers.fr\/index.php?rest_route=%2Fwp%2Fv2%2Fcomments&post=4648"}],"version-history":[{"count":1,"href":"http:\/\/adopteunpervers.fr\/index.php?rest_route=\/wp\/v2\/pages\/4648\/revisions"}],"predecessor-version":[{"id":4650,"href":"http:\/\/adopteunpervers.fr\/index.php?rest_route=\/wp\/v2\/pages\/4648\/revisions\/4650"}],"wp:attachment":[{"href":"http:\/\/adopteunpervers.fr\/index.php?rest_route=%2Fwp%2Fv2%2Fmedia&parent=4648"}],"curies":[{"name":"wp","href":"https:\/\/api.w.org\/{rel}","templated":true}]}}