{"id":4618,"date":"2017-04-22T21:13:22","date_gmt":"2017-04-22T19:13:22","guid":{"rendered":"http:\/\/adopteunpervers.fr\/?page_id=4618"},"modified":"2017-04-22T21:15:56","modified_gmt":"2017-04-22T19:15:56","slug":"doxy","status":"publish","type":"page","link":"http:\/\/adopteunpervers.fr\/?page_id=4618","title":{"rendered":"Doxy"},"content":{"rendered":"<p><img loading=\"lazy\" decoding=\"async\" class=\"size-full wp-image-4620 aligncenter\" src=\"http:\/\/adopteunpervers.fr\/wp-content\/uploads\/2017\/04\/doxy.jpg\" alt=\"\" width=\"600\" height=\"255\" srcset=\"http:\/\/adopteunpervers.fr\/wp-content\/uploads\/2017\/04\/doxy.jpg 600w, http:\/\/adopteunpervers.fr\/wp-content\/uploads\/2017\/04\/doxy-300x128.jpg 300w\" sizes=\"(max-width: 600px) 100vw, 600px\" \/><\/p>\n<h2 style=\"text-align: center;\"><span style=\"color: #b83d3d;\"><strong>Doxy<br \/>\n<\/strong><\/span><\/h2>\n<hr \/>\n<h1 style=\"text-align: center;\"><span style=\"color: #339966;\"><strong>-ComixXx-<\/strong><\/span><\/h1>\n\n<div class=\"sp-wrap sp-wrap-green\">\n<div class=\"sp-head\" title=\"Expand\">\nGoing Down\n<\/div>\n<div class=\"sp-body folded\">\n<\/p>\n<div style=\"text-align: center;\">\n<p><a href=\"http:\/\/imagetwist.com\/2b94vv4f0maq\/_A1P__Doxy_DOWN_001.jpg\" target=\"_blank\" rel=\"noopener noreferrer\"><img decoding=\"async\" src=\"http:\/\/img162.imagetwist.com\/th\/15307\/2b94vv4f0maq.jpg\" border=\"0\" \/><\/a> <a href=\"http:\/\/imagetwist.com\/gnjwmg4jo13c\/_A1P__Doxy_DOWN_004.jpg\" target=\"_blank\" rel=\"noopener noreferrer\"><img decoding=\"async\" src=\"http:\/\/img162.imagetwist.com\/th\/15307\/gnjwmg4jo13c.jpg\" border=\"0\" \/><\/a> <a href=\"http:\/\/imagetwist.com\/ojbt5ldwlqpg\/_A1P__Doxy_DOWN_008.jpg\" target=\"_blank\" rel=\"noopener noreferrer\"><img decoding=\"async\" src=\"http:\/\/img162.imagetwist.com\/th\/15307\/ojbt5ldwlqpg.jpg\" border=\"0\" \/><\/a><\/p>\n<hr \/>\n<p><em><strong>Traduction : <span style=\"color: #800000;\">Adopte un pervers<br \/>\n<\/span><\/strong><\/em><\/p>\n<hr \/>\n<p><span style=\"color: #bd3737;\"><strong>R\u00e9sum\u00e9<\/strong><\/span> : R\u00e9alit\u00e9, fantasme&#8230; La fronti\u00e8re est parfois si floue.<\/p>\n<hr \/>\n<h2 style=\"text-align: center;\"><span style=\"color: #6379ba;\"><strong>TAGS<\/strong><\/span><\/h2>\n<p><a href=\"http:\/\/adopteunpervers.fr\/?tag=double-penetration\"><img loading=\"lazy\" decoding=\"async\" class=\"alignnone wp-image-3812 size-full\" title=\"Double p\u00e9n\u00e9tration : elle peut appara\u00eetre sous plusieurs formes vaginal-anal, double vaginal ou m\u00eame double anal. Aucun tag n\u2019existe pour les triple ou quadruple p\u00e9n\u00e9trations (oui, oui, cela existe).\" src=\"http:\/\/adopteunpervers.fr\/wp-content\/uploads\/2015\/09\/doublepen.jpg\" alt=\"doublepen\" width=\"45\" height=\"45\" \/><\/a><a href=\"http:\/\/adopteunpervers.fr\/?tag=en-couleurs\"><img loading=\"lazy\" decoding=\"async\" class=\"alignnone wp-image-3837 size-full\" title=\"En couleurs : tag r\u00e9serv\u00e9 aux scans en couleurs.\" src=\"http:\/\/adopteunpervers.fr\/wp-content\/uploads\/2015\/09\/scanscouleur.jpg\" alt=\"scanscouleur\" width=\"45\" height=\"45\" \/><\/a><a href=\"http:\/\/adopteunpervers.fr\/?tag=fellation\"><img loading=\"lazy\" decoding=\"async\" class=\"alignnone wp-image-3800 size-full\" title=\"Fellation : acte consistant \u00e0 prendre le p\u00e9nis d'un homme dans la bouche pour le stimuler.\" src=\"http:\/\/adopteunpervers.fr\/wp-content\/uploads\/2016\/11\/fellation.jpg\" alt=\"fellation\" width=\"45\" height=\"45\" \/><\/a><a href=\"http:\/\/adopteunpervers.fr\/?tag=gros-seins\"><img loading=\"lazy\" decoding=\"async\" class=\"alignnone wp-image-3778 size-full\" title=\"Gros seins : attributs mammaires qui ne laissent pas indiff\u00e9rents\" src=\"http:\/\/adopteunpervers.fr\/wp-content\/uploads\/2016\/11\/groseins.jpg\" alt=\"Gros seins\" width=\"45\" height=\"45\" \/><\/a><a href=\"http:\/\/adopteunpervers.fr\/?tag=groupe\"><img loading=\"lazy\" decoding=\"async\" class=\"alignnone wp-image-3823 size-full\" title=\"Groupe : plusieurs personnes qui couchent ensemble. Peut \u00eatre associ\u00e9 \u00e0 orgie ou partouze.\" src=\"http:\/\/adopteunpervers.fr\/wp-content\/uploads\/2015\/09\/groupe.jpg\" alt=\"groupe\" width=\"45\" height=\"45\" \/><\/a><a href=\"http:\/\/adopteunpervers.fr\/?tag=humour\"><img loading=\"lazy\" decoding=\"async\" class=\"alignnone wp-image-3874 size-full\" title=\"Humour : sc\u00e9nario m\u00e9langeant sexe et humour.\" src=\"http:\/\/adopteunpervers.fr\/wp-content\/uploads\/2015\/09\/humour.jpg\" alt=\"humour\" width=\"45\" height=\"45\" \/><\/a><\/p>\n<\/div>\n<div style=\"text-align: center;\">\n<hr \/>\n<\/div>\n<p><span style=\"color: #008080;\"><strong>T\u00e9l\u00e9chargement<\/strong><\/span> : <a href=\"http:\/\/jheberg.net\/captcha\/doxy-going-down-fr-adopte-un-pervers\/\" target=\"_blank\">JHeberg<\/a> &#8211; <a href=\"http:\/\/ul.to\/w8do7xin\" target=\"_blank\">Uploaded<\/a> &#8211; <a href=\"https:\/\/www.solidfiles.com\/v\/k3NwLm6L6PWjV\" target=\"_blank\">Solidfiles<\/a><br \/>\n<span style=\"color: #008080;\"><strong>Lecture en ligne<\/strong><\/span> : <a href=\"https:\/\/e-hentai.org\/g\/1054316\/cfac2c3f35\/\" target=\"_blank\">E-Hentai<\/a><\/p>\n<\/div>\n<\/div>\n\n","protected":false},"excerpt":{"rendered":"<p>&#46;&#46;&#46;<\/p>\n","protected":false},"author":1,"featured_media":0,"parent":0,"menu_order":0,"comment_status":"closed","ping_status":"closed","template":"","meta":{"footnotes":""},"_links":{"self":[{"href":"http:\/\/adopteunpervers.fr\/index.php?rest_route=\/wp\/v2\/pages\/4618"}],"collection":[{"href":"http:\/\/adopteunpervers.fr\/index.php?rest_route=\/wp\/v2\/pages"}],"about":[{"href":"http:\/\/adopteunpervers.fr\/index.php?rest_route=\/wp\/v2\/types\/page"}],"author":[{"embeddable":true,"href":"http:\/\/adopteunpervers.fr\/index.php?rest_route=\/wp\/v2\/users\/1"}],"replies":[{"embeddable":true,"href":"http:\/\/adopteunpervers.fr\/index.php?rest_route=%2Fwp%2Fv2%2Fcomments&post=4618"}],"version-history":[{"count":2,"href":"http:\/\/adopteunpervers.fr\/index.php?rest_route=\/wp\/v2\/pages\/4618\/revisions"}],"predecessor-version":[{"id":4624,"href":"http:\/\/adopteunpervers.fr\/index.php?rest_route=\/wp\/v2\/pages\/4618\/revisions\/4624"}],"wp:attachment":[{"href":"http:\/\/adopteunpervers.fr\/index.php?rest_route=%2Fwp%2Fv2%2Fmedia&parent=4618"}],"curies":[{"name":"wp","href":"https:\/\/api.w.org\/{rel}","templated":true}]}}