{"id":4428,"date":"2017-04-08T13:01:15","date_gmt":"2017-04-08T11:01:15","guid":{"rendered":"http:\/\/adopteunpervers.fr\/?page_id=4428"},"modified":"2017-04-08T13:01:32","modified_gmt":"2017-04-08T11:01:32","slug":"butcha-u","status":"publish","type":"page","link":"http:\/\/adopteunpervers.fr\/?page_id=4428","title":{"rendered":"Butcha-U"},"content":{"rendered":"<p><img loading=\"lazy\" decoding=\"async\" class=\"size-full wp-image-4433 aligncenter\" src=\"http:\/\/adopteunpervers.fr\/wp-content\/uploads\/2017\/04\/butchau.jpg\" alt=\"\" width=\"600\" height=\"255\" srcset=\"http:\/\/adopteunpervers.fr\/wp-content\/uploads\/2017\/04\/butchau.jpg 600w, http:\/\/adopteunpervers.fr\/wp-content\/uploads\/2017\/04\/butchau-300x128.jpg 300w\" sizes=\"(max-width: 600px) 100vw, 600px\" \/><\/p>\n<h2 style=\"text-align: center;\"><span style=\"color: #b83d3d;\"><strong>Butcha-U<\/strong><\/span><\/h2>\n<hr \/>\n<h1 style=\"text-align: center;\"><span style=\"color: #339966;\"><strong>-MANGAS-<\/strong><\/span><\/h1>\n\n<div class=\"sp-wrap sp-wrap-green\">\n<div class=\"sp-head\" title=\"Expand\">\nSelfie Girl\n<\/div>\n<div class=\"sp-body folded\">\n<\/p>\n<div style=\"text-align: center;\">\n<p><a href=\"http:\/\/imagetwist.com\/7tmtmuvsb1ax\/01.jpg\" target=\"_blank\"><img decoding=\"async\" src=\"http:\/\/img116.imagetwist.com\/th\/14816\/7tmtmuvsb1ax.jpg\" border=\"0\" \/><\/a> <a href=\"http:\/\/imagetwist.com\/f11a0lnwhalg\/03.jpg\" target=\"_blank\"><img decoding=\"async\" src=\"http:\/\/img116.imagetwist.com\/th\/14816\/f11a0lnwhalg.jpg\" border=\"0\" \/><\/a> <a href=\"http:\/\/imagetwist.com\/m73m1pmk56jh\/04.jpg\" target=\"_blank\"><img decoding=\"async\" src=\"http:\/\/img116.imagetwist.com\/th\/14816\/m73m1pmk56jh.jpg\" border=\"0\" \/><\/a><\/p>\n<hr \/>\n<p><em><strong>Traduction : <span style=\"color: #800000;\">Adopte un pervers<br \/>\n<\/span><\/strong><\/em><\/p>\n<hr \/>\n<p><span style=\"color: #bd3737;\"><strong>R\u00e9sum\u00e9<\/strong><\/span> : Attir\u00e9e par la notori\u00e9t\u00e9, une jeune femme va succomber \u00e0 ses tentations.<\/p>\n<hr \/>\n<h2 style=\"text-align: center;\"><span style=\"color: #6379ba;\"><strong>TAGS<\/strong><\/span><\/h2>\n<p><a href=\"http:\/\/adopteunpervers.fr\/?tag=ahegao\"><img loading=\"lazy\" decoding=\"async\" class=\"alignnone wp-image-3803 size-full\" title=\"Ahegao : expression d\u2019extase plus pouss\u00e9e qu\u2019avec un simple orgasme.\" src=\"http:\/\/adopteunpervers.fr\/wp-content\/uploads\/2015\/09\/ahegao.jpg\" alt=\"ahegao\" width=\"45\" height=\"45\" \/><\/a><a href=\"http:\/\/adopteunpervers.fr\/?tag=anal\"><img loading=\"lazy\" decoding=\"async\" class=\"alignnone wp-image-3804 size-full\" title=\"Anal : rapport sexuel avec l'anus.\" src=\"http:\/\/adopteunpervers.fr\/wp-content\/uploads\/2015\/09\/anal.jpg\" alt=\"anal\" width=\"45\" height=\"45\" \/><\/a><a href=\"http:\/\/adopteunpervers.fr\/?tag=bukkake\"><img loading=\"lazy\" decoding=\"async\" class=\"alignnone wp-image-3809 size-full\" title=\"Bukkake : pratiqu\u00e9 normalement en groupe, le bukkake est le terme utilis\u00e9 quand quelqu'un se retrouve couvert d\u2019une \u00e9norme quantit\u00e9 de semence.\" src=\"http:\/\/adopteunpervers.fr\/wp-content\/uploads\/2015\/09\/bukkake.jpg\" alt=\"bukkake\" width=\"45\" height=\"45\" \/><\/a><a href=\"http:\/\/adopteunpervers.fr\/?tag=double-penetration\"><img loading=\"lazy\" decoding=\"async\" class=\"alignnone wp-image-3812 size-full\" title=\"Double p\u00e9n\u00e9tration : elle peut appara\u00eetre sous plusieurs formes vaginal-anal, double vaginal ou m\u00eame double anal. Aucun tag n\u2019existe pour les triple ou quadruple p\u00e9n\u00e9trations (oui, oui, cela existe).\" src=\"http:\/\/adopteunpervers.fr\/wp-content\/uploads\/2015\/09\/doublepen.jpg\" alt=\"doublepen\" width=\"45\" height=\"45\" \/><\/a><a href=\"http:\/\/adopteunpervers.fr\/?tag=fellation\"><img loading=\"lazy\" decoding=\"async\" class=\"alignnone wp-image-3800 size-full\" title=\"Fellation : acte consistant \u00e0 prendre le p\u00e9nis d'un homme dans la bouche pour le stimuler.\" src=\"http:\/\/adopteunpervers.fr\/wp-content\/uploads\/2016\/11\/fellation.jpg\" alt=\"fellation\" width=\"45\" height=\"45\" \/><\/a><a href=\"http:\/\/adopteunpervers.fr\/?tag=fille-soumise\"><img loading=\"lazy\" decoding=\"async\" class=\"alignnone wp-image-3818 size-full\" title=\"Fille soumise : femme qui se laisse dominer par les hommes.\" src=\"http:\/\/adopteunpervers.fr\/wp-content\/uploads\/2015\/09\/fillesoumise.jpg\" alt=\"fillesoumise\" width=\"45\" height=\"45\" \/><\/a><a href=\"http:\/\/adopteunpervers.fr\/?tag=gangbang\"><img loading=\"lazy\" decoding=\"async\" class=\"alignnone wp-image-3919 size-full\" title=\"Gangbang : groupe contenant au moins 3 hommes pour une jeune femme. (description uniquement utilis\u00e9e sur le site)\" src=\"http:\/\/adopteunpervers.fr\/wp-content\/uploads\/2015\/09\/gangbang.jpg\" alt=\"gangbang\" width=\"45\" height=\"45\" \/><\/a><a href=\"http:\/\/adopteunpervers.fr\/?tag=gros-seins\"><img loading=\"lazy\" decoding=\"async\" class=\"alignnone wp-image-3778 size-full\" title=\"Gros seins : attributs mammaires qui ne laissent pas indiff\u00e9rents\" src=\"http:\/\/adopteunpervers.fr\/wp-content\/uploads\/2016\/11\/groseins.jpg\" alt=\"Gros seins\" width=\"45\" height=\"45\" \/><\/a><a href=\"http:\/\/adopteunpervers.fr\/?tag=groupe\"><img loading=\"lazy\" decoding=\"async\" class=\"alignnone wp-image-3823 size-full\" title=\"Groupe : plusieurs personnes qui couchent ensemble. Peut \u00eatre associ\u00e9 \u00e0 orgie ou partouze.\" src=\"http:\/\/adopteunpervers.fr\/wp-content\/uploads\/2015\/09\/groupe.jpg\" alt=\"groupe\" width=\"45\" height=\"45\" \/><\/a><a href=\"http:\/\/adopteunpervers.fr\/?tag=non-censure\"><img loading=\"lazy\" decoding=\"async\" class=\"alignnone wp-image-3887 size-full\" title=\"Non censur\u00e9 : contenu d\u00e9nu\u00e9 de censure. BANZAI !\" src=\"http:\/\/adopteunpervers.fr\/wp-content\/uploads\/2015\/09\/noncensure.jpg\" alt=\"noncensure\" width=\"45\" height=\"45\" \/><\/a><a href=\"http:\/\/adopteunpervers.fr\/?tag=nymphomane\"><img loading=\"lazy\" decoding=\"async\" class=\"alignnone wp-image-3888 size-full\" title=\"Nymphomane : femme pour qui le sexe est une drogue.\" src=\"http:\/\/adopteunpervers.fr\/wp-content\/uploads\/2015\/09\/nymphomane.jpg\" alt=\"nymphomane\" width=\"45\" height=\"45\" \/><\/a><a href=\"http:\/\/adopteunpervers.fr\/?tag=hotel\"><img loading=\"lazy\" decoding=\"async\" class=\"alignnone wp-image-3873 size-full\" title=\"H\u00f4tel\" src=\"http:\/\/adopteunpervers.fr\/wp-content\/uploads\/2015\/09\/hotel.jpg\" alt=\"hotel\" width=\"45\" height=\"45\" \/><\/a><a href=\"http:\/\/adopteunpervers.fr\/?tag=toilettes\"><img loading=\"lazy\" decoding=\"async\" class=\"alignnone wp-image-3844 size-full\" title=\"Toilettes\" src=\"http:\/\/adopteunpervers.fr\/wp-content\/uploads\/2015\/09\/toilettes.jpg\" alt=\"toilettes\" width=\"45\" height=\"45\" \/><\/a><\/p>\n<\/div>\n<div style=\"text-align: center;\">\n<hr \/>\n<\/div>\n<p><span style=\"color: #008080;\"><strong>T\u00e9l\u00e9chargement<\/strong><\/span> : *Uniquement disponible sur <a href=\"https:\/\/www.patreon.com\/posts\/scan-1-2-kozue-8519793\" target=\"_blank\">Patreon<\/a>*<\/p>\n<p>\n<\/div>\n<\/div>\n\n","protected":false},"excerpt":{"rendered":"<p>&#46;&#46;&#46;<\/p>\n","protected":false},"author":1,"featured_media":0,"parent":0,"menu_order":0,"comment_status":"closed","ping_status":"closed","template":"","meta":{"footnotes":""},"_links":{"self":[{"href":"http:\/\/adopteunpervers.fr\/index.php?rest_route=\/wp\/v2\/pages\/4428"}],"collection":[{"href":"http:\/\/adopteunpervers.fr\/index.php?rest_route=\/wp\/v2\/pages"}],"about":[{"href":"http:\/\/adopteunpervers.fr\/index.php?rest_route=\/wp\/v2\/types\/page"}],"author":[{"embeddable":true,"href":"http:\/\/adopteunpervers.fr\/index.php?rest_route=\/wp\/v2\/users\/1"}],"replies":[{"embeddable":true,"href":"http:\/\/adopteunpervers.fr\/index.php?rest_route=%2Fwp%2Fv2%2Fcomments&post=4428"}],"version-history":[{"count":2,"href":"http:\/\/adopteunpervers.fr\/index.php?rest_route=\/wp\/v2\/pages\/4428\/revisions"}],"predecessor-version":[{"id":4435,"href":"http:\/\/adopteunpervers.fr\/index.php?rest_route=\/wp\/v2\/pages\/4428\/revisions\/4435"}],"wp:attachment":[{"href":"http:\/\/adopteunpervers.fr\/index.php?rest_route=%2Fwp%2Fv2%2Fmedia&parent=4428"}],"curies":[{"name":"wp","href":"https:\/\/api.w.org\/{rel}","templated":true}]}}