{"id":4414,"date":"2017-04-07T10:49:46","date_gmt":"2017-04-07T10:49:46","guid":{"rendered":"http:\/\/adopteunpervers.fr\/?page_id=4414"},"modified":"2017-04-07T10:49:46","modified_gmt":"2017-04-07T10:49:46","slug":"sabashi-renya","status":"publish","type":"page","link":"http:\/\/adopteunpervers.fr\/?page_id=4414","title":{"rendered":"Sabashi Renya"},"content":{"rendered":"<p><img loading=\"lazy\" decoding=\"async\" class=\"size-full wp-image-4415 aligncenter\" src=\"http:\/\/adopteunpervers.fr\/wp-content\/uploads\/2017\/04\/sabashirenya.jpg\" alt=\"\" width=\"600\" height=\"255\" srcset=\"http:\/\/adopteunpervers.fr\/wp-content\/uploads\/2017\/04\/sabashirenya.jpg 600w, http:\/\/adopteunpervers.fr\/wp-content\/uploads\/2017\/04\/sabashirenya-300x128.jpg 300w\" sizes=\"(max-width: 600px) 100vw, 600px\" \/><\/p>\n<h2 style=\"text-align: center;\"><span style=\"color: #b83d3d;\"><strong>Sabashi Renya<\/strong><\/span><\/h2>\n<hr \/>\n<h1 style=\"text-align: center;\"><span style=\"color: #339966;\"><strong>-MANGAS-<\/strong><\/span><\/h1>\n\n<div class=\"sp-wrap sp-wrap-green\">\n<div class=\"sp-head\" title=\"Expand\">\nMomoiro Koukishin\n<\/div>\n<div class=\"sp-body folded\">\n<\/p>\n<div style=\"text-align: center;\">\n<p><a href=\"http:\/\/imagetwist.com\/spjkblajmgee\/01.jpg\" target=\"_blank\"><img decoding=\"async\" src=\"http:\/\/img66.imagetwist.com\/th\/15030\/spjkblajmgee.jpg\" border=\"0\" \/><\/a> <a href=\"http:\/\/imagetwist.com\/ajm77q3cs6zd\/02.jpg\" target=\"_blank\"><img decoding=\"async\" src=\"http:\/\/img66.imagetwist.com\/th\/15030\/ajm77q3cs6zd.jpg\" border=\"0\" \/><\/a> <a href=\"http:\/\/imagetwist.com\/fpkch1d17br1\/03.jpg\" target=\"_blank\"><img decoding=\"async\" src=\"http:\/\/img66.imagetwist.com\/th\/15030\/fpkch1d17br1.jpg\" border=\"0\" \/><\/a><\/p>\n<hr \/>\n<p><em><strong>Traduction : <span style=\"color: #800000;\">Adopte un pervers<br \/>\n<\/span><\/strong><\/em><\/p>\n<hr \/>\n<p><span style=\"color: #bd3737;\"><strong>R\u00e9sum\u00e9<\/strong><\/span> : Rejet\u00e9 par la fille dont il est amoureux, Kazuki d\u00e9cide de quitter le club de litt\u00e9rature car il ne veut pas souffrir tous les jours en la voyant. Mais Chikage, la pr\u00e9sidente du club est pr\u00eate \u00e0 tout pour le forcer \u00e0 rester, allant jusqu&rsquo;\u00e0 pousser Ako, la fille qu&rsquo;il aime, de coucher avec lui.<\/p>\n<hr \/>\n<h2 style=\"text-align: center;\"><span style=\"color: #6379ba;\"><strong>TAGS<\/strong><\/span><\/h2>\n<p><a href=\"http:\/\/adopteunpervers.fr\/?tag=69\"><img loading=\"lazy\" decoding=\"async\" class=\"alignnone wp-image-3865 size-full\" title=\"69 : position sexuelle o\u00f9 les partenaire se l\u00e8chent les parties g\u00e9nitales simultan\u00e9ment.\" src=\"http:\/\/adopteunpervers.fr\/wp-content\/uploads\/2015\/09\/69.jpg\" alt=\"69\" width=\"45\" height=\"45\" \/><\/a><a href=\"http:\/\/adopteunpervers.fr\/?tag=anal\"><img loading=\"lazy\" decoding=\"async\" class=\"alignnone wp-image-3804 size-full\" title=\"Anal : rapport sexuel avec l'anus.\" src=\"http:\/\/adopteunpervers.fr\/wp-content\/uploads\/2015\/09\/anal.jpg\" alt=\"anal\" width=\"45\" height=\"45\" \/><\/a><a href=\"http:\/\/adopteunpervers.fr\/?tag=anulingus\"><img loading=\"lazy\" decoding=\"async\" class=\"alignnone wp-image-3805 size-full\" title=\"Anulingus : l\u00e9cher l\u2019anus de son partenaire.\" src=\"http:\/\/adopteunpervers.fr\/wp-content\/uploads\/2015\/09\/Anulingus.jpg\" alt=\"anulingus\" width=\"45\" height=\"45\" \/><\/a><a href=\"http:\/\/adopteunpervers.fr\/?tag=branlette-espagnole\"><img loading=\"lazy\" decoding=\"async\" class=\"alignnone wp-image-3808 size-full\" title=\"Branlette espagnole : pratique sexuelle o\u00f9 la femme branle son partenaire avec sa poitrine.\" src=\"http:\/\/adopteunpervers.fr\/wp-content\/uploads\/2015\/09\/branesp.jpg\" alt=\"branesp\" width=\"45\" height=\"45\" \/><\/a><a href=\"http:\/\/adopteunpervers.fr\/?tag=fellation\"><img loading=\"lazy\" decoding=\"async\" class=\"alignnone wp-image-3800 size-full\" title=\"Fellation : acte consistant \u00e0 prendre le p\u00e9nis d'un homme dans la bouche pour le stimuler.\" src=\"http:\/\/adopteunpervers.fr\/wp-content\/uploads\/2016\/11\/fellation.jpg\" alt=\"fellation\" width=\"45\" height=\"45\" \/><\/a><a href=\"http:\/\/adopteunpervers.fr\/?tag=femdom\"><img loading=\"lazy\" decoding=\"async\" class=\"alignnone wp-image-3921 size-full\" title=\"Femdom : femme qui domine et soumet son partenaire \u00e0 ses exigences.\" src=\"http:\/\/adopteunpervers.fr\/wp-content\/uploads\/2015\/09\/femdom.jpg\" alt=\"femdom\" width=\"45\" height=\"45\" \/><\/a><a href=\"http:\/\/adopteunpervers.fr\/?tag=gros-penis\"><img loading=\"lazy\" decoding=\"async\" class=\"alignnone wp-image-3822 size-full\" title=\"Gros p\u00e9nis : phallus de taille d\u00e9mesur\u00e9e.\" src=\"http:\/\/adopteunpervers.fr\/wp-content\/uploads\/2015\/09\/grospenis.jpg\" alt=\"grospenis\" width=\"45\" height=\"45\" \/><\/a><a href=\"http:\/\/adopteunpervers.fr\/?tag=gros-seins\"><img loading=\"lazy\" decoding=\"async\" class=\"alignnone wp-image-3778 size-full\" title=\"Gros seins : attributs mammaires qui ne laissent pas indiff\u00e9rents\" src=\"http:\/\/adopteunpervers.fr\/wp-content\/uploads\/2016\/11\/groseins.jpg\" alt=\"Gros seins\" width=\"45\" height=\"45\" \/><\/a><a href=\"http:\/\/adopteunpervers.fr\/?tag=histoire-damour\"><img loading=\"lazy\" decoding=\"async\" class=\"alignnone wp-image-3866 size-full\" title=\"Histoire d'amour : sc\u00e9nario mettant en avant une relation pure et innocente.\" src=\"http:\/\/adopteunpervers.fr\/wp-content\/uploads\/2015\/09\/amour.jpg\" alt=\"amour\" width=\"45\" height=\"45\" \/><\/a><a href=\"http:\/\/adopteunpervers.fr\/?tag=humour\"><img loading=\"lazy\" decoding=\"async\" class=\"alignnone wp-image-3874 size-full\" title=\"Humour : sc\u00e9nario m\u00e9langeant sexe et humour.\" src=\"http:\/\/adopteunpervers.fr\/wp-content\/uploads\/2015\/09\/humour.jpg\" alt=\"humour\" width=\"45\" height=\"45\" \/><\/a><a href=\"http:\/\/adopteunpervers.fr\/?tag=multiple-fellation\"><img loading=\"lazy\" decoding=\"async\" class=\"alignnone wp-image-3885 size-full\" title=\"Multiple fellations : fellation pratiqu\u00e9e par plusieurs partenaires.\" src=\"http:\/\/adopteunpervers.fr\/wp-content\/uploads\/2015\/09\/multiplefalltion.jpg\" alt=\"multiplefalltion\" width=\"45\" height=\"45\" \/><\/a><a href=\"http:\/\/adopteunpervers.fr\/?tag=puceau\"><img loading=\"lazy\" decoding=\"async\" class=\"alignnone wp-image-3835 size-full\" title=\"Puceau : jeune homme n'ayant encore jamais eu de rapport sexuel.\" src=\"http:\/\/adopteunpervers.fr\/wp-content\/uploads\/2015\/09\/puceau.jpg\" alt=\"puceau\" width=\"45\" height=\"45\" \/><\/a><a href=\"http:\/\/adopteunpervers.fr\/?tag=vierge\"><img loading=\"lazy\" decoding=\"async\" class=\"alignnone wp-image-3850 size-full\" title=\"Vierge : jeune femme n'ayant encore jamais eu de rapport sexuel.\" src=\"http:\/\/adopteunpervers.fr\/wp-content\/uploads\/2015\/09\/vierge.jpg\" alt=\"vierge\" width=\"45\" height=\"45\" \/><\/a><a href=\"http:\/\/adopteunpervers.fr\/?tag=yuri\"><img loading=\"lazy\" decoding=\"async\" class=\"alignnone wp-image-3897 size-full\" title=\"Yuri : pour les femmes qui aiment les femmes... et pour les coeurs tendres.\" src=\"http:\/\/adopteunpervers.fr\/wp-content\/uploads\/2015\/09\/yuri.jpg\" alt=\"yuri\" width=\"45\" height=\"45\" \/><\/a><a href=\"http:\/\/adopteunpervers.fr\/?tag=chambre\"><img loading=\"lazy\" decoding=\"async\" class=\"alignnone wp-image-3810 size-full\" title=\"Chambre\" src=\"http:\/\/adopteunpervers.fr\/wp-content\/uploads\/2015\/09\/chambre.jpg\" alt=\"chambre\" width=\"45\" height=\"45\" \/><\/a><\/p>\n<hr \/>\n<\/div>\n<p><span style=\"color: #008080;\"><strong>T\u00e9l\u00e9chargement<\/strong><\/span> : <a href=\"http:\/\/jheberg.net\/captcha\/sabashi-renya-momoiro-triangle-fr-adopte-un-perv-2\/\" target=\"_blank\">Jheberg<\/a> &#8211; <a href=\"http:\/\/ul.to\/twjhklkr\" target=\"_blank\">Uploaded<\/a> &#8211; <a href=\"https:\/\/www.solidfiles.com\/v\/QkenYdpm2BpAx\" target=\"_blank\">Solidfiles<\/a><br \/>\n<strong><span style=\"color: #008080;\">Lecture en ligne<\/span><\/strong> : <a href=\"https:\/\/e-hentai.org\/g\/794848\/c9e0a551b4\/\" target=\"_blank\">E-Hentai<\/a><\/p>\n<p>\n<\/div>\n<\/div>\n\n","protected":false},"excerpt":{"rendered":"<p>&#46;&#46;&#46;<\/p>\n","protected":false},"author":1,"featured_media":0,"parent":751,"menu_order":0,"comment_status":"closed","ping_status":"closed","template":"","meta":{"footnotes":""},"_links":{"self":[{"href":"http:\/\/adopteunpervers.fr\/index.php?rest_route=\/wp\/v2\/pages\/4414"}],"collection":[{"href":"http:\/\/adopteunpervers.fr\/index.php?rest_route=\/wp\/v2\/pages"}],"about":[{"href":"http:\/\/adopteunpervers.fr\/index.php?rest_route=\/wp\/v2\/types\/page"}],"author":[{"embeddable":true,"href":"http:\/\/adopteunpervers.fr\/index.php?rest_route=\/wp\/v2\/users\/1"}],"replies":[{"embeddable":true,"href":"http:\/\/adopteunpervers.fr\/index.php?rest_route=%2Fwp%2Fv2%2Fcomments&post=4414"}],"version-history":[{"count":3,"href":"http:\/\/adopteunpervers.fr\/index.php?rest_route=\/wp\/v2\/pages\/4414\/revisions"}],"predecessor-version":[{"id":5190,"href":"http:\/\/adopteunpervers.fr\/index.php?rest_route=\/wp\/v2\/pages\/4414\/revisions\/5190"}],"up":[{"embeddable":true,"href":"http:\/\/adopteunpervers.fr\/index.php?rest_route=\/wp\/v2\/pages\/751"}],"wp:attachment":[{"href":"http:\/\/adopteunpervers.fr\/index.php?rest_route=%2Fwp%2Fv2%2Fmedia&parent=4414"}],"curies":[{"name":"wp","href":"https:\/\/api.w.org\/{rel}","templated":true}]}}