{"id":4377,"date":"2017-04-02T07:52:42","date_gmt":"2017-04-02T07:52:42","guid":{"rendered":"http:\/\/adopteunpervers.fr\/?page_id=4377"},"modified":"2017-04-02T07:52:42","modified_gmt":"2017-04-02T07:52:42","slug":"vos-questions","status":"publish","type":"page","link":"http:\/\/adopteunpervers.fr\/?page_id=4377","title":{"rendered":"Vos questions"},"content":{"rendered":"<p>Cette page aura pour unique but de r\u00e9pondre \u00e0 vos questions. Nous venons de la cr\u00e9er en urgence, donc elle sera arrang\u00e9e dans la semaine pour la rendre plus lisible et compr\u00e9hensible.<\/p>\n<p>Toutes les questions auxquelles nous auront r\u00e9pondues seront effac\u00e9es avec le temps (une \u00e0 deux semaines apr\u00e8s, en fonction de l&rsquo;encombrement).<br \/>\nVous pouvez parler de projets, de trouvailles de scans ou vid\u00e9os en meilleure qualit\u00e9 que ce que nous proposons sur le site, des fonctionnalit\u00e9s du site, de bugs, etc.<\/p>\n","protected":false},"excerpt":{"rendered":"<p>&#46;&#46;&#46;<\/p>\n","protected":false},"author":1,"featured_media":0,"parent":0,"menu_order":0,"comment_status":"open","ping_status":"closed","template":"","meta":{"footnotes":""},"_links":{"self":[{"href":"http:\/\/adopteunpervers.fr\/index.php?rest_route=\/wp\/v2\/pages\/4377"}],"collection":[{"href":"http:\/\/adopteunpervers.fr\/index.php?rest_route=\/wp\/v2\/pages"}],"about":[{"href":"http:\/\/adopteunpervers.fr\/index.php?rest_route=\/wp\/v2\/types\/page"}],"author":[{"embeddable":true,"href":"http:\/\/adopteunpervers.fr\/index.php?rest_route=\/wp\/v2\/users\/1"}],"replies":[{"embeddable":true,"href":"http:\/\/adopteunpervers.fr\/index.php?rest_route=%2Fwp%2Fv2%2Fcomments&post=4377"}],"version-history":[{"count":1,"href":"http:\/\/adopteunpervers.fr\/index.php?rest_route=\/wp\/v2\/pages\/4377\/revisions"}],"predecessor-version":[{"id":4378,"href":"http:\/\/adopteunpervers.fr\/index.php?rest_route=\/wp\/v2\/pages\/4377\/revisions\/4378"}],"wp:attachment":[{"href":"http:\/\/adopteunpervers.fr\/index.php?rest_route=%2Fwp%2Fv2%2Fmedia&parent=4377"}],"curies":[{"name":"wp","href":"https:\/\/api.w.org\/{rel}","templated":true}]}}