{"id":4270,"date":"2016-12-30T16:02:00","date_gmt":"2016-12-30T14:02:00","guid":{"rendered":"http:\/\/adopteunpervers.fr\/?page_id=4270"},"modified":"2017-04-08T12:55:43","modified_gmt":"2017-04-08T10:55:43","slug":"ao-banana","status":"publish","type":"page","link":"http:\/\/adopteunpervers.fr\/?page_id=4270","title":{"rendered":"Ao Banana"},"content":{"rendered":"<p><img loading=\"lazy\" decoding=\"async\" class=\"size-full wp-image-4271 aligncenter\" src=\"http:\/\/adopteunpervers.fr\/wp-content\/uploads\/2016\/12\/aobanana.jpg\" alt=\"\" width=\"600\" height=\"255\" \/><\/p>\n<h2 style=\"text-align: center;\"><span style=\"color: #b83d3d;\"><strong>Ao Banana<br \/>\n<\/strong><\/span><\/h2>\n<hr \/>\n<h1 style=\"text-align: center;\"><span style=\"color: #339966;\"><strong>-MANGAS-<\/strong><\/span><\/h1>\n\n<div class=\"sp-wrap sp-wrap-green\">\n<div class=\"sp-head\" title=\"Expand\">\nKozue se donne \u00e0 fond\n<\/div>\n<div class=\"sp-body folded\">\n<\/p>\n<div style=\"text-align: center;\">\n<p><a href=\"http:\/\/imagetwist.com\/fkeg5pirozba\/02.jpg\" target=\"_blank\"><img decoding=\"async\" class=\"alignnone\" src=\"http:\/\/img66.imagetwist.com\/th\/14816\/fkeg5pirozba.jpg\" border=\"0\" \/><\/a> <a href=\"http:\/\/imagetwist.com\/r8hwp1edcvwc\/12.jpg\" target=\"_blank\"><img decoding=\"async\" src=\"http:\/\/img66.imagetwist.com\/th\/14816\/r8hwp1edcvwc.jpg\" border=\"0\" \/><\/a> <a href=\"http:\/\/imagetwist.com\/gy1jsryazsy1\/16.jpg\" target=\"_blank\"><img decoding=\"async\" class=\"alignnone\" src=\"http:\/\/img66.imagetwist.com\/th\/14816\/gy1jsryazsy1.jpg\" border=\"0\" \/><\/a><\/p>\n<hr \/>\n<p><em><strong>Traduction : <span style=\"color: #800000;\">Adopte un pervers<br \/>\n<\/span><\/strong><\/em><\/p>\n<hr \/>\n<p><span style=\"color: #bd3737;\"><strong>R\u00e9sum\u00e9<\/strong><\/span> : Dans l&rsquo;espoir de suivre les traces de son idole, une jeune femme int\u00e8gre une grande \u00e9cole du sexe pour devenir actrice de films pour adultes.<\/p>\n<hr \/>\n<h2 style=\"text-align: center;\"><span style=\"color: #6379ba;\"><strong>TAGS<\/strong><\/span><\/h2>\n<p><a href=\"http:\/\/adopteunpervers.fr\/?tag=69\"><img loading=\"lazy\" decoding=\"async\" class=\"alignnone wp-image-3865 size-full\" title=\"69 : position sexuelle o\u00f9 les partenaire se l\u00e8chent les parties g\u00e9nitales simultan\u00e9ment.\" src=\"http:\/\/adopteunpervers.fr\/wp-content\/uploads\/2015\/09\/69.jpg\" alt=\"69\" width=\"45\" height=\"45\" \/><\/a><a href=\"http:\/\/adopteunpervers.fr\/?tag=ahegao\"><img loading=\"lazy\" decoding=\"async\" class=\"alignnone wp-image-3803 size-full\" title=\"Ahegao : expression d\u2019extase plus pouss\u00e9e qu\u2019avec un simple orgasme.\" src=\"http:\/\/adopteunpervers.fr\/wp-content\/uploads\/2015\/09\/ahegao.jpg\" alt=\"ahegao\" width=\"45\" height=\"45\" \/><\/a><a href=\"http:\/\/adopteunpervers.fr\/?tag=branlette-espagnole\"><img loading=\"lazy\" decoding=\"async\" class=\"alignnone wp-image-3808 size-full\" title=\"Branlette espagnole : pratique sexuelle o\u00f9 la femme branle son partenaire avec sa poitrine.\" src=\"http:\/\/adopteunpervers.fr\/wp-content\/uploads\/2015\/09\/branesp.jpg\" alt=\"branesp\" width=\"45\" height=\"45\" \/><\/a><a href=\"http:\/\/adopteunpervers.fr\/?tag=fellation\"><img loading=\"lazy\" decoding=\"async\" class=\"alignnone wp-image-3800 size-full\" title=\"Fellation : acte consistant \u00e0 prendre le p\u00e9nis d'un homme dans la bouche pour le stimuler.\" src=\"http:\/\/adopteunpervers.fr\/wp-content\/uploads\/2016\/11\/fellation.jpg\" alt=\"fellation\" width=\"45\" height=\"45\" \/><\/a><a href=\"http:\/\/adopteunpervers.fr\/?tag=gros-penis\"><img loading=\"lazy\" decoding=\"async\" class=\"alignnone wp-image-3822 size-full\" title=\"Gros p\u00e9nis : phallus de taille d\u00e9mesur\u00e9e.\" src=\"http:\/\/adopteunpervers.fr\/wp-content\/uploads\/2015\/09\/grospenis.jpg\" alt=\"grospenis\" width=\"45\" height=\"45\" \/><\/a><a href=\"http:\/\/adopteunpervers.fr\/?tag=gros-seins\"><img loading=\"lazy\" decoding=\"async\" class=\"alignnone wp-image-3778 size-full\" title=\"Gros seins : attributs mammaires qui ne laissent pas indiff\u00e9rents\" src=\"http:\/\/adopteunpervers.fr\/wp-content\/uploads\/2016\/11\/groseins.jpg\" alt=\"Gros seins\" width=\"45\" height=\"45\" \/><\/a><a href=\"http:\/\/adopteunpervers.fr\/?tag=groupe\"><img loading=\"lazy\" decoding=\"async\" class=\"alignnone wp-image-3823 size-full\" title=\"Groupe : plusieurs personnes qui couchent ensemble. Peut \u00eatre associ\u00e9 \u00e0 orgie ou partouze.\" src=\"http:\/\/adopteunpervers.fr\/wp-content\/uploads\/2015\/09\/groupe.jpg\" alt=\"groupe\" width=\"45\" height=\"45\" \/><\/a><a href=\"http:\/\/adopteunpervers.fr\/?tag=humour\"><img loading=\"lazy\" decoding=\"async\" class=\"alignnone wp-image-3874 size-full\" title=\"Humour : sc\u00e9nario m\u00e9langeant sexe et humour.\" src=\"http:\/\/adopteunpervers.fr\/wp-content\/uploads\/2015\/09\/humour.jpg\" alt=\"humour\" width=\"45\" height=\"45\" \/><\/a><a href=\"http:\/\/adopteunpervers.fr\/?tag=non-censure\"><img loading=\"lazy\" decoding=\"async\" class=\"alignnone wp-image-3887 size-full\" title=\"Non censur\u00e9 : contenu d\u00e9nu\u00e9 de censure. BANZAI !\" src=\"http:\/\/adopteunpervers.fr\/wp-content\/uploads\/2015\/09\/noncensure.jpg\" alt=\"noncensure\" width=\"45\" height=\"45\" \/><\/a><a href=\"http:\/\/adopteunpervers.fr\/?tag=nymphomane\"><img loading=\"lazy\" decoding=\"async\" class=\"alignnone wp-image-3888 size-full\" title=\"Nymphomane : femme pour qui le sexe est une drogue.\" src=\"http:\/\/adopteunpervers.fr\/wp-content\/uploads\/2015\/09\/nymphomane.jpg\" alt=\"nymphomane\" width=\"45\" height=\"45\" \/><\/a><\/p>\n<\/div>\n<div style=\"text-align: center;\">\n<hr \/>\n<\/div>\n<p><span style=\"color: #008080;\"><strong>T\u00e9l\u00e9chargement\u00a0<\/strong><\/span> : *Uniquement disponible sur <a href=\"https:\/\/www.patreon.com\/posts\/scan-1-2-kozue-8519793\" target=\"_blank\">Patreon<\/a>*<\/p>\n<p>\n<\/div>\n<\/div>\n\n","protected":false},"excerpt":{"rendered":"<p>&#46;&#46;&#46;<\/p>\n","protected":false},"author":1,"featured_media":0,"parent":0,"menu_order":0,"comment_status":"closed","ping_status":"closed","template":"","meta":{"footnotes":""},"_links":{"self":[{"href":"http:\/\/adopteunpervers.fr\/index.php?rest_route=\/wp\/v2\/pages\/4270"}],"collection":[{"href":"http:\/\/adopteunpervers.fr\/index.php?rest_route=\/wp\/v2\/pages"}],"about":[{"href":"http:\/\/adopteunpervers.fr\/index.php?rest_route=\/wp\/v2\/types\/page"}],"author":[{"embeddable":true,"href":"http:\/\/adopteunpervers.fr\/index.php?rest_route=\/wp\/v2\/users\/1"}],"replies":[{"embeddable":true,"href":"http:\/\/adopteunpervers.fr\/index.php?rest_route=%2Fwp%2Fv2%2Fcomments&post=4270"}],"version-history":[{"count":3,"href":"http:\/\/adopteunpervers.fr\/index.php?rest_route=\/wp\/v2\/pages\/4270\/revisions"}],"predecessor-version":[{"id":4431,"href":"http:\/\/adopteunpervers.fr\/index.php?rest_route=\/wp\/v2\/pages\/4270\/revisions\/4431"}],"wp:attachment":[{"href":"http:\/\/adopteunpervers.fr\/index.php?rest_route=%2Fwp%2Fv2%2Fmedia&parent=4270"}],"curies":[{"name":"wp","href":"https:\/\/api.w.org\/{rel}","templated":true}]}}