{"id":4031,"date":"2016-11-16T11:04:39","date_gmt":"2016-11-16T09:04:39","guid":{"rendered":"http:\/\/adopteunpervers.fr\/?page_id=4031"},"modified":"2016-11-16T11:04:39","modified_gmt":"2016-11-16T09:04:39","slug":"liens-morts","status":"publish","type":"page","link":"http:\/\/adopteunpervers.fr\/?page_id=4031","title":{"rendered":"Liens morts"},"content":{"rendered":"<p>M\u00eame avec toute la bonne volont\u00e9 du monde, nous sommes incapable de v\u00e9rifier la validit\u00e9 de tous nos liens en permanence, <span style=\"color: #bd4452;\"><strong>alors si jamais vous d\u00e9couvrez un lien mort, n&rsquo;h\u00e9sitez pas \u00e0 nous laisser un commentaire ici<\/strong><\/span> avec le nom de la vid\u00e9o ou un lien de l&rsquo;article tout en pr\u00e9cisant l&rsquo;h\u00e9bergeur concern\u00e9.<br \/>\n<span style=\"color: #ffffff;\">.<\/span><br \/>\nPour les plus flemmard(e)s, voici un formulaire \u00e0 copier\/coller dans votre commentaire.<br \/>\n<span style=\"color: #008080;\"><strong>Lien de l&rsquo;article<\/strong><\/span> :<br \/>\n<span style=\"color: #008080;\"><strong>Num\u00e9ro d&rsquo;\u00e9pisode\/chapitre<\/strong><\/span> :<br \/>\n<span style=\"color: #008080;\"><strong>H\u00e9bergeur<\/strong><\/span> :<br \/>\n<span style=\"color: #008080;\"><strong>Message personnel<\/strong><\/span> : <\/p>\n","protected":false},"excerpt":{"rendered":"<p>&#46;&#46;&#46;<\/p>\n","protected":false},"author":1,"featured_media":0,"parent":4039,"menu_order":0,"comment_status":"open","ping_status":"closed","template":"","meta":{"footnotes":""},"_links":{"self":[{"href":"http:\/\/adopteunpervers.fr\/index.php?rest_route=\/wp\/v2\/pages\/4031"}],"collection":[{"href":"http:\/\/adopteunpervers.fr\/index.php?rest_route=\/wp\/v2\/pages"}],"about":[{"href":"http:\/\/adopteunpervers.fr\/index.php?rest_route=\/wp\/v2\/types\/page"}],"author":[{"embeddable":true,"href":"http:\/\/adopteunpervers.fr\/index.php?rest_route=\/wp\/v2\/users\/1"}],"replies":[{"embeddable":true,"href":"http:\/\/adopteunpervers.fr\/index.php?rest_route=%2Fwp%2Fv2%2Fcomments&post=4031"}],"version-history":[{"count":0,"href":"http:\/\/adopteunpervers.fr\/index.php?rest_route=\/wp\/v2\/pages\/4031\/revisions"}],"up":[{"embeddable":true,"href":"http:\/\/adopteunpervers.fr\/index.php?rest_route=\/wp\/v2\/pages\/4039"}],"wp:attachment":[{"href":"http:\/\/adopteunpervers.fr\/index.php?rest_route=%2Fwp%2Fv2%2Fmedia&parent=4031"}],"curies":[{"name":"wp","href":"https:\/\/api.w.org\/{rel}","templated":true}]}}