{"id":3790,"date":"2016-11-06T09:38:39","date_gmt":"2016-11-06T07:38:39","guid":{"rendered":"http:\/\/adopteunpervers.fr\/?page_id=3790"},"modified":"2023-01-18T20:03:02","modified_gmt":"2023-01-18T19:03:02","slug":"3d-2","status":"publish","type":"page","link":"http:\/\/adopteunpervers.fr\/?page_id=3790","title":{"rendered":"3D"},"content":{"rendered":"<p><\/br><br \/>\n\u2605 <a href=\"http:\/\/adopteunpervers.fr\/?p=5014\" target=\"_blank\" rel=\"noopener\">Bloodlust : Cerene<\/a><br \/>\n\u2605 <a href=\"http:\/\/adopteunpervers.fr\/?p=5160\" target=\"_blank\" rel=\"noopener\">Bloodlust: Cerene \u2013 Royal Descent<\/a><br \/>\n\u2605 <a href=\"http:\/\/adopteunpervers.fr\/?p=5503\" target=\"_blank\" rel=\"noopener\">Faire le m\u00e9nage avec un beau-p\u00e8re obs\u00e9d\u00e9<\/a><br \/>\n\u2605 <a href=\"http:\/\/adopteunpervers.fr\/?p=5972\">Generous donation<\/a><br \/>\n\u2605 <a href=\"http:\/\/adopteunpervers.fr\/?p=1315\" target=\"_blank\" rel=\"noopener\">Girlfriends 4 Ever + Trailers<\/a><br \/>\n\u2605 <a href=\"http:\/\/adopteunpervers.fr\/?p=6276\">J&rsquo;ai couch\u00e9 avec ma s\u0153ur apr\u00e8s une dispute<\/a><br \/>\n\u2605 <a href=\"http:\/\/adopteunpervers.fr\/?p=5880\" target=\"_blank\" rel=\"noopener\">Le club des femdom<\/a><br \/>\n\u2605 <a href=\"http:\/\/adopteunpervers.fr\/?p=6303\">Siren\u2019s call \u2013 Pirates de Rialto<\/a><br \/>\n\u2605 <a href=\"http:\/\/adopteunpervers.fr\/?p=5273\">Traitement royal (Zelda)<\/a><br \/>\n\u2605 <a href=\"http:\/\/adopteunpervers.fr\/?p=6018\">Umemaro 3D \u2013 Horny Girl<\/a><br \/>\n\u2605 <a href=\"http:\/\/adopteunpervers.fr\/?p=1990\" target=\"_blank\" rel=\"noopener\">Umemaro 3D \u2013 Lewd bomb bust female teacher<\/a><br \/>\n\u2605 <a href=\"http:\/\/adopteunpervers.fr\/?p=5411\" target=\"_blank\" rel=\"noopener\">Umemaro 3D \u2013 Dr. Sugimoto\u2019s Lecherous Treatment<\/a><\/p>\n","protected":false},"excerpt":{"rendered":"<p>&#46;&#46;&#46;<\/p>\n","protected":false},"author":1,"featured_media":0,"parent":0,"menu_order":0,"comment_status":"closed","ping_status":"closed","template":"","meta":{"footnotes":""},"_links":{"self":[{"href":"http:\/\/adopteunpervers.fr\/index.php?rest_route=\/wp\/v2\/pages\/3790"}],"collection":[{"href":"http:\/\/adopteunpervers.fr\/index.php?rest_route=\/wp\/v2\/pages"}],"about":[{"href":"http:\/\/adopteunpervers.fr\/index.php?rest_route=\/wp\/v2\/types\/page"}],"author":[{"embeddable":true,"href":"http:\/\/adopteunpervers.fr\/index.php?rest_route=\/wp\/v2\/users\/1"}],"replies":[{"embeddable":true,"href":"http:\/\/adopteunpervers.fr\/index.php?rest_route=%2Fwp%2Fv2%2Fcomments&post=3790"}],"version-history":[{"count":6,"href":"http:\/\/adopteunpervers.fr\/index.php?rest_route=\/wp\/v2\/pages\/3790\/revisions"}],"predecessor-version":[{"id":6306,"href":"http:\/\/adopteunpervers.fr\/index.php?rest_route=\/wp\/v2\/pages\/3790\/revisions\/6306"}],"wp:attachment":[{"href":"http:\/\/adopteunpervers.fr\/index.php?rest_route=%2Fwp%2Fv2%2Fmedia&parent=3790"}],"curies":[{"name":"wp","href":"https:\/\/api.w.org\/{rel}","templated":true}]}}