{"id":3330,"date":"2016-05-02T17:06:29","date_gmt":"2016-05-02T15:06:29","guid":{"rendered":"http:\/\/adopteunpervers.fr\/?page_id=3330"},"modified":"2016-05-02T17:06:29","modified_gmt":"2016-05-02T15:06:29","slug":"oni-chichi-les-debuts-de-la-licence","status":"publish","type":"page","link":"http:\/\/adopteunpervers.fr\/?page_id=3330","title":{"rendered":"Oni Chichi &#8211; Les d\u00e9buts de la licence"},"content":{"rendered":"<h1><span style=\"color: #629e4a;\"><strong>L&rsquo;histoire<\/strong><\/span><\/h1>\n<p>R\u00e9ticente \u00e0 l&rsquo;id\u00e9e d&rsquo;avoir un nouvel homme au sein de sa famille, Airi ne va pas h\u00e9siter \u00e0 d\u00e9nigrer et insulter son beau-p\u00e8re. Ce qu&rsquo;elle ignore, c&rsquo;est que l&rsquo;homme en question qui travaille dans son lyc\u00e9e comme chercheur a mit au point une concoction qui rend la personne cibl\u00e9e tr\u00e8s r\u00e9active aux suggestions et dans l&rsquo;incapacit\u00e9 de riposter.<br \/>\nApr\u00e8s plusieurs tests sur Sana, la meilleur amie d&rsquo;Airi, il d\u00e9cidera de ne pas se laisser faire plus longtemps par cette vilaine peste blonde et que la sanction la plus appropri\u00e9e n&rsquo;est autre qu&rsquo;un viol. Mettez-vous \u00e0 jour chers parents, la fess\u00e9e est d\u00e9pass\u00e9e et has been.<\/p>\n<hr \/>\n<p>&nbsp;<\/p>\n<h1><span style=\"color: #629e4a;\"><strong>Notre point de vue<\/strong><\/span><\/h1>\n<p>Cet anime est tr\u00e8s int\u00e9ressant au niveau du contenu sexuel si le viol ne vous rebute pas. Les rapports \u00e0 premi\u00e8re vue consensuels ne le sont pas v\u00e9ritablement car on ne sait jamais qu&rsquo;elle a \u00e9t\u00e9 l&rsquo;influence du produit sur nos jeunes femmes, laissant baigner un sentiment de malaise. Le protagoniste est d\u00e9testable et victime \u00e0 ses heures, rendant la situation globale encore plus \u00e9trange.<br \/>\nComme dans tout bon anime hentai populaire qui se respecte, la logique est \u00e0 jeter aux ordures si on ne veut pas devenir fou entre l&rsquo;immoralit\u00e9 du beau p\u00e8re qui trouve normal de violer ses belles filles et le fait qu&rsquo;il en prostitue quasiment une pour parvenir \u00e0 ses fins. Oui, \u00ab\u00a0quasiment\u00a0\u00bb vu qu&rsquo;il est tellement \u00e9go\u00efste qu&rsquo;il envoie la meilleure amie de sa fille donner son cul pour violer l&rsquo;a\u00een\u00e9e.<br \/>\nEt tout ce bon proc\u00e9d\u00e9 vous est empaquet\u00e9 par une r\u00e9alisation rose bonbon assez mignonne pour tenter de masquer le c\u00f4t\u00e9 malsain et cradingue de la s\u00e9rie&#8230; en y parvenant \u00e9trangement. Ou alors cet att\u00e9nuation est mise en relativit\u00e9 avec les autres projets plus crades du studio dans un genre que l&rsquo;on appelle aujourd&rsquo;hui du Netorare (NTR pour les intimes) et qui faisait fureur \u00e0 cette p\u00e9riode.<\/p>\n<hr \/>\n<h1><span style=\"color: #de66da;\"><strong>L&rsquo;\u00e9pisode 1<\/strong><\/span><\/h1>\n<p><a href=\"http:\/\/adopteunpervers.fr\/wp-content\/uploads\/2016\/05\/1.Sana_.gif\" rel=\"attachment wp-att-3341\"><img loading=\"lazy\" decoding=\"async\" class=\"size-full wp-image-3341 alignleft\" src=\"http:\/\/adopteunpervers.fr\/wp-content\/uploads\/2016\/05\/1.Sana_.gif\" alt=\"1.Sana\" width=\"220\" height=\"124\" \/><\/a><\/p>\n<p>&nbsp;<\/p>\n<p>Histoire de vous mettre d&rsquo;entr\u00e9e dans l&rsquo;ambiance malsaine de la s\u00e9rie, la premi\u00e8re sc\u00e8ne montre Sana drogu\u00e9e se faire prendre par Kouzou dans le salon de la r\u00e9sidence Akizuki en pleine journ\u00e9e. On ne sait pas vraiment comment ils peuvent avoir la maison pour eux vu que lorsqu&rsquo;elles ne sont pas \u00e0 l&rsquo;\u00e9cole, Airi et Marina sont \u00e0 la maison. Ou alors Kouzou esquive son travail et Sana s\u00e8che les cours. Quand on vous dit que s\u00e9cher les cours conduit \u00e0 une vie de d\u00e9bauche. \u00c9coutez vos a\u00een\u00e9s, bon sang de bonsoir !<\/p>\n<p><a href=\"http:\/\/adopteunpervers.fr\/wp-content\/uploads\/2016\/05\/2.Sairi_.gif\" rel=\"attachment wp-att-3342\"><img loading=\"lazy\" decoding=\"async\" class=\"size-full wp-image-3342 alignright\" src=\"http:\/\/adopteunpervers.fr\/wp-content\/uploads\/2016\/05\/2.Sairi_.gif\" alt=\"2.Sairi\" width=\"220\" height=\"124\" \/><\/a><\/p>\n<p>&nbsp;<\/p>\n<p>Le complot lanc\u00e9, il est temps de d\u00e9couvrir Airi la peste et sa soeur Marina \u00e0 travers quelques sc\u00e8nes touchantes. Coup\u00e9es pour un plan de Kouzou qui renifle la culotte sale d&rsquo;Airi. Un moment m\u00e9morable et indispensable, cela va de soit. Plus tard dans la journ\u00e9e, alors qu&rsquo;Airi prend sa douche, Kouzou d\u00e9cide de regarder un DVD des s\u00e9quences d&rsquo;Airi film\u00e9es par Sana dans&#8230; *roulement de tambour* <strong>LE SALON !<\/strong> On ne plaisante pas quand on vous dit qu&rsquo;ils ont laiss\u00e9 leur cerveau au placard dans cette s\u00e9rie. Surprise et d\u00e9go\u00fbt\u00e9 par la sc\u00e8ne (on l&rsquo;a comprend), Airi insulte son beau p\u00e8re de tous les noms avant de d\u00e9couvrir (seconde surprise) Sana qui taille une pipe \u00e0 ce dernier. Eh oui, tout ceci \u00e9tait en fait un plan concoct\u00e9 sur des ann\u00e9es dans une cave par ce grand esprit criminel pour abuser de sa belle fille. N&rsquo;oublions pas le summum du malsain avec Sana qui filme sa meilleure amie se faire violer en rigolant comme si de rien n&rsquo;\u00e9tait.<\/p>\n<p>Mais bon, comme cet anime n&rsquo;est pas tr\u00e8s cr\u00e9dible, elles vont se revoir le lendemain pour une dispute qui restera dans les anales du ridicule. Apr\u00e8s tout, elles sont copines, peu importe les viols et les plans tordus qui vont derri\u00e8re, hein ? C&rsquo;est apr\u00e8s un second viol dans la remise d&rsquo;\u00e9quipements sportifs qu&rsquo;Airi va commencer \u00e0 tomber sous le r\u00e8&#8230; charme de Kouzou en baisant avec lui dans la salle de bain pendant que sa soeur est \u00e0 l&rsquo;\u00e9tage ou encore en lui faisant une g\u00e2terie dans les toilettes pour gar\u00e7ons de l&rsquo;\u00e9cole dans sa tenue de sc\u00e8ne avec les commentaires de ses camarades en fond sonore.<\/p>\n<p>&nbsp;<\/p>\n<h1><span style=\"color: #de66da;\"><strong>L&rsquo;\u00e9pisode 2<br \/>\n<\/strong><\/span><\/h1>\n<p><a href=\"http:\/\/adopteunpervers.fr\/wp-content\/uploads\/2016\/05\/3.Marinairi.gif\" rel=\"attachment wp-att-3343\"><img loading=\"lazy\" decoding=\"async\" class=\"size-full wp-image-3343 alignleft\" src=\"http:\/\/adopteunpervers.fr\/wp-content\/uploads\/2016\/05\/3.Marinairi.gif\" alt=\"3.Marinairi\" width=\"220\" height=\"124\" \/><\/a><\/p>\n<p>&nbsp;<\/p>\n<p>Ce second \u00e9pisode d\u00e9marre en beaut\u00e9 avec un classique de l&rsquo;univers du hentai : un homme qui se fait sucer par une fille sous la table pendant qu&rsquo;une autre, \u00e0 deux pas, ne remarque rien. Car Airi, est d\u00e9sormais soumise \u00e0 son beau p\u00e8re m\u00eame si son c\u00f4t\u00e9 peste est toujours pr\u00e9sent quand elle d\u00e9teste que celui-ci semble int\u00e9ress\u00e9 par sa grande s\u0153ur. Choqu\u00e9e de la savoir en couple, Kouzou va encore nous gratifier de son g\u00e9nie diabolique en pr\u00e9parant un plan encore plus d\u00e9gueulasse que le pr\u00e9c\u00e9dent. Et qui, \u00e9trangement, ne semble d\u00e9ranger personne car tr\u00e8s peu de monde en a discut\u00e9 ce moment-l\u00e0.<\/p>\n<p><a href=\"http:\/\/adopteunpervers.fr\/wp-content\/uploads\/2016\/05\/4.Kouzou.gif\" rel=\"attachment wp-att-3344\"><img loading=\"lazy\" decoding=\"async\" class=\"alignright size-full wp-image-3344\" src=\"http:\/\/adopteunpervers.fr\/wp-content\/uploads\/2016\/05\/4.Kouzou.gif\" alt=\"4.Kouzou\" width=\"220\" height=\"124\" \/><\/a><\/p>\n<p>&nbsp;<\/p>\n<p>En fouillant le portable de Marina, Kouzou va d\u00e9couvrir que le couple a d\u00e9cid\u00e9 de passer sa premi\u00e8re nuit ensemble. Mais c&rsquo;\u00e9tait sans compter sur notre violeur sociopathe bien d\u00e9cid\u00e9 \u00e0 \u00eatre le premier \u00e0 passer sur la jeune, pure et innocente jeune femme. Comme tout bon tordu qui se respecte il va supprimer le message du petit ami qui \u00e9voque la possibilit\u00e9 d&rsquo;une premi\u00e8re relation charnelle avant de jeter le portable sur le lit et&#8230; d&rsquo;\u00e9jaculer dessus. On vous r\u00e9p\u00e8te sans cesse que les sociopathes aiment signer leurs crimes et vous osez encore en douter ?<\/p>\n<p>D\u00e9\u00e7u de voir Marina d\u00e9termin\u00e9 \u00e0 rejoindre son petit ami malgr\u00e9 tout, il va la violer sans plus de c\u00e9r\u00e9monie dans l&rsquo;entr\u00e9e apr\u00e8s avoir envoy\u00e9 Airi et Sana s\u00e9duire le petit copain au milieu du parc. Pourriture un jour&#8230; pourriture toujours. Alors que sa s\u0153ur en larme se fait violer, Airi montre ses nichons \u00e0 Ono avant de le conduire dans les toilettes publiques du parc o\u00f9 les tourtereaux devaient se retrouver. Dans l&rsquo;une de ces cabines se trouvait Sana, attach\u00e9e et la chatte d\u00e9goulinante qui n&rsquo;attendait qu&rsquo;une chose. Allez, on va se dire qu&rsquo;Ono ne voulait qu&rsquo;aider la jeune fille \u00e0 vaincre sa soudaine d\u00e9mangeaison et non tromper celle qu&rsquo;il \u00e9tait suppos\u00e9 aimer du fond de son c\u0153ur il y a encore quelques minutes. Il n&rsquo;a pas du tout c\u00e9d\u00e9 \u00e0 la tentation en culbutant la jeune femme car il pense avec sa bite.<\/p>\n<p><a href=\"http:\/\/adopteunpervers.fr\/wp-content\/uploads\/2016\/05\/5.Koumarina.gif\" rel=\"attachment wp-att-3345\"><img loading=\"lazy\" decoding=\"async\" class=\"size-full wp-image-3345 alignleft\" src=\"http:\/\/adopteunpervers.fr\/wp-content\/uploads\/2016\/05\/5.Koumarina.gif\" alt=\"5.Koumarina\" width=\"220\" height=\"124\" \/><\/a>Ce qu&rsquo;il ignorait par contre, c&rsquo;est que toute la sc\u00e8ne \u00e9tait film\u00e9e et que Kouzou s&rsquo;en servirait pour montrer \u00e0 Marina que son petit ami \u00e9tait une ordure de bas \u00e9tage. Tout cela avant de la tripoter car cette salope se met \u00e0 mouiller en voyant son mec baiser la meilleure amie de sa s\u0153ur dans des toilettes d\u00e9gueulasse. On est dans du hentai apr\u00e8s tout. Quelle femme ne serait pas excit\u00e9e par les caresses de son violeur en regardant son petit copain troncher la meilleure amie de sa petite s\u0153ur ? Je vous le demande. Car une fois excit\u00e9e, il ouvre sa braguette et celle-ci se met \u00e0 le sucer sans rechigner. C&rsquo;est pas beau tout \u00e7a ?<br \/>\nCependant, attention, ce n&rsquo;est pas termin\u00e9 ! Kouzou avait tout pr\u00e9vu en demandant \u00e0 Sana d&rsquo;amener Ono dans la pi\u00e8ce o\u00f9 ils se trouvaient sous pr\u00e9texte de tirer un autre coup rapidement. Une requ\u00eate que ne pouvait pas d\u00e9cemment refuser notre bon samaritain qui devrait peut-\u00eatre se lancer dans une carri\u00e8re de ramoneur une fois adulte. Le plus beau moment de ce passage reste celui o\u00f9 il se dit d\u00e9go\u00fbt\u00e9 de Marina car elle couche avec un autre homme. Si le ridicule pouvait tuer, hein ?<\/p>\n<p><a href=\"http:\/\/adopteunpervers.fr\/wp-content\/uploads\/2016\/05\/6.Marinairi.gif\" rel=\"attachment wp-att-3346\"><img loading=\"lazy\" decoding=\"async\" class=\"alignright size-full wp-image-3346\" src=\"http:\/\/adopteunpervers.fr\/wp-content\/uploads\/2016\/05\/6.Marinairi.gif\" alt=\"6.Marinairi\" width=\"220\" height=\"124\" \/><\/a><\/p>\n<p>&nbsp;<\/p>\n<p>Le couple bris\u00e9, Airi et Sana compl\u00e8tement sous son charme, Kouzou est enfin libre de savourer son harem. Viols, prostitution et chantages sont la recette du succ\u00e8s du premier anime de cette s\u00e9rie d\u00e9sormais culte dans le monde du hentai.<\/p>\n","protected":false},"excerpt":{"rendered":"<p>&#46;&#46;&#46;<\/p>\n","protected":false},"author":1,"featured_media":0,"parent":0,"menu_order":0,"comment_status":"open","ping_status":"closed","template":"","meta":{"footnotes":""},"_links":{"self":[{"href":"http:\/\/adopteunpervers.fr\/index.php?rest_route=\/wp\/v2\/pages\/3330"}],"collection":[{"href":"http:\/\/adopteunpervers.fr\/index.php?rest_route=\/wp\/v2\/pages"}],"about":[{"href":"http:\/\/adopteunpervers.fr\/index.php?rest_route=\/wp\/v2\/types\/page"}],"author":[{"embeddable":true,"href":"http:\/\/adopteunpervers.fr\/index.php?rest_route=\/wp\/v2\/users\/1"}],"replies":[{"embeddable":true,"href":"http:\/\/adopteunpervers.fr\/index.php?rest_route=%2Fwp%2Fv2%2Fcomments&post=3330"}],"version-history":[{"count":0,"href":"http:\/\/adopteunpervers.fr\/index.php?rest_route=\/wp\/v2\/pages\/3330\/revisions"}],"wp:attachment":[{"href":"http:\/\/adopteunpervers.fr\/index.php?rest_route=%2Fwp%2Fv2%2Fmedia&parent=3330"}],"curies":[{"name":"wp","href":"https:\/\/api.w.org\/{rel}","templated":true}]}}