{"id":3304,"date":"2016-05-02T11:01:27","date_gmt":"2016-05-02T09:01:27","guid":{"rendered":"http:\/\/adopteunpervers.fr\/?page_id=3304"},"modified":"2016-05-02T11:01:27","modified_gmt":"2016-05-02T09:01:27","slug":"oni-chichi-personnages","status":"publish","type":"page","link":"http:\/\/adopteunpervers.fr\/?page_id=3304","title":{"rendered":"Oni Chichi &#8211; Personnages"},"content":{"rendered":"<h1 style=\"text-align: center;\"><span style=\"color: #629e4a;\"><strong>&#8212; Les personnages &#8212;<br \/>\n<\/strong><\/span><\/h1>\n<h2><strong>Kouzou Akizuki<\/strong><\/h2>\n<p class=\"size-full wp-image-3291 alignleft\"><a href=\"http:\/\/adopteunpervers.fr\/wp-content\/uploads\/2016\/05\/Kouzou-2.jpg\" rel=\"attachment wp-att-3291\"><img loading=\"lazy\" decoding=\"async\" class=\"size-full wp-image-3291 alignleft\" src=\"http:\/\/adopteunpervers.fr\/wp-content\/uploads\/2016\/05\/Kouzou-2.jpg\" alt=\"Kouzou-2\" width=\"140\" height=\"175\" \/><\/a><\/p>\n<p>&nbsp;<\/p>\n<p><span style=\"color: #c76d6d;\"><strong>Signes distinctifs<\/strong><\/span> :<br \/>\n&#8211; Aime violer des jeunes femmes \u00e0 l\u2019aide d\u2019une drogue de son cru.<br \/>\n&#8211; N\u2019aime pas les femmes de son \u00e2ge.<br \/>\n&#8211; N\u2019a aucun sens moral.<\/p>\n<p>&nbsp;<\/p>\n<p>Beau p\u00e8re d\u2019Airi et de Marina. On en vient \u00e0 se demander si il ne s\u2019est pas mari\u00e9 avec leur m\u00e8re juste pour violer les filles de cette derni\u00e8re. Engag\u00e9 comme chercheur dans le lyc\u00e9e de ses belles-filles, il va se servir des deux innocentes jeunes femmes et de plusieurs de leurs camarades comme cobayes pour ses exp\u00e9riences tout en profitant de la situation pour prendre du bon temps.<\/p>\n<hr \/>\n<h2><strong>Airi Akizuki<\/strong><\/h2>\n<p class=\"size-full wp-image-3291 alignleft\"><a href=\"http:\/\/adopteunpervers.fr\/wp-content\/uploads\/2016\/05\/Airi.jpg\" rel=\"attachment wp-att-3310\"><img loading=\"lazy\" decoding=\"async\" class=\"size-full wp-image-3310 alignleft\" src=\"http:\/\/adopteunpervers.fr\/wp-content\/uploads\/2016\/05\/Airi.jpg\" alt=\"Airi\" width=\"140\" height=\"175\" \/><\/a><\/p>\n<p>&nbsp;<\/p>\n<p><span style=\"color: #c76d6d;\"><strong>Signes distinctifs<\/strong><\/span> :<br \/>\n&#8211; Tsundere.<br \/>\n&#8211; Insulte r\u00e9guli\u00e8rement son beau-p\u00e8re.<br \/>\n&#8211; A une \u00e9norme poitrine pour son \u00e2ge.<\/p>\n<p>&nbsp;<\/p>\n<p>Elle vivait tranquillement avec sa s\u0153ur et sa m\u00e8re avant qu&rsquo;un violeur sociopathe ne d\u00e9cide d&rsquo;\u00e9lire domicile chez elle. Drogu\u00e9e \u00e0 r\u00e9p\u00e9tition, on se demande si son cerveau n&rsquo;est pas devenu de la bouillie au fil des \u00e9pisodes vu qu&rsquo;elle semble tomber amoureuse de son nouveau papounet. En bonne tsundere version adulte, elle insulte son partenaire en permanence et cela a pour effet de les exciter tous les deux m\u00eame si elle refusera de l&rsquo;avouer.<\/p>\n<hr \/>\n<h2><strong>Marina Akizuki<\/strong><\/h2>\n<p class=\"size-full wp-image-3291 alignleft\"><a href=\"http:\/\/adopteunpervers.fr\/wp-content\/uploads\/2016\/05\/Marina.jpg\" rel=\"attachment wp-att-3311\"><img loading=\"lazy\" decoding=\"async\" class=\"size-full wp-image-3311 alignleft\" src=\"http:\/\/adopteunpervers.fr\/wp-content\/uploads\/2016\/05\/Marina.jpg\" alt=\"Marina\" width=\"140\" height=\"175\" \/><\/a><\/p>\n<p>&nbsp;<\/p>\n<p><span style=\"color: #c76d6d;\"><strong>Signes distinctifs<\/strong><\/span> :<br \/>\n&#8211; Grande soeur \u00e0 l&rsquo;instinct maternel pouss\u00e9.<br \/>\n&#8211; Sa premi\u00e8re exp\u00e9rience sexuelle est un viol dans l&rsquo;entr\u00e9e de sa maison.<br \/>\n&#8211; Est tomb\u00e9e sous le charme de son beau-p\u00e8re on ne sait comment.<\/p>\n<p>&nbsp;<\/p>\n<p>Au d\u00e9but de la s\u00e9rie, Marina est en couple avec un d\u00e9nomm\u00e9 Ono. Remont\u00e9 en apprenant la nouvelle, Kouzou va mettre un point d&rsquo;honneur \u00e0 briser cette relation en violant Marina dans l&rsquo;entr\u00e9e de leur maison alors qu&rsquo;elle s&rsquo;appr\u00eatait \u00e0 retrouver son petit ami pour leur premi\u00e8re nuit ensemble. Il lui aura fallu encore moins de temps qu&rsquo;\u00e0 Airi pour passer \u00e0 autre chose et devenir un membre du harem de notre sociopathe.<\/p>\n<hr \/>\n<h2><strong>Sana Kuranaka<br \/>\n<\/strong><\/h2>\n<p class=\"size-full wp-image-3291 alignleft\"><a href=\"http:\/\/adopteunpervers.fr\/wp-content\/uploads\/2016\/05\/Sana.jpg\" rel=\"attachment wp-att-3317\"><img loading=\"lazy\" decoding=\"async\" class=\"size-full wp-image-3317 alignleft\" src=\"http:\/\/adopteunpervers.fr\/wp-content\/uploads\/2016\/05\/Sana.jpg\" alt=\"Sana\" width=\"140\" height=\"175\" \/><\/a><\/p>\n<p>&nbsp;<\/p>\n<p><span style=\"color: #c76d6d;\"><strong>Signes distinctifs<\/strong><\/span> :<br \/>\n&#8211; Toute premi\u00e8re victime de Kouzou. (BANZA\u00ce !)<br \/>\n&#8211; Fascin\u00e9e par Airi, elle la suit partout et la filme d\u00e8s qu&rsquo;elle en a l&rsquo;occasion.<br \/>\n&#8211; Fid\u00e8le acolyte de Kouzou, elle ob\u00e9it \u00e0 chacun de ses ordres.<\/p>\n<p>&nbsp;<\/p>\n<p>On ne sait pas grand chose de Sana malgr\u00e9 les nombreux \u00e9pisodes car elle est rarement mise en avant, m\u00eame lorsqu&rsquo;elle est inclus dans une sc\u00e8ne de sexe. Apr\u00e8s voir servi de cobaye \u00e0 Kouzou pour sa drogue, elle est devenue son acolyte et participe \u00e0 ses plans machiav\u00e9lique pour voir les effets qu&rsquo;ils auront sur sa ch\u00e8re Airi \u00e0 long terme. Elle est m\u00eame all\u00e9e jusqu&rsquo;\u00e0 accepter de baiser avec le petit amie de Marina sur les ordres de Kouzou qui voulait briser leur couple. Et on ose dire que la loyaut\u00e9 est r\u00e9volue.<\/p>\n<hr \/>\n<h2><strong>Yuka Mikami<br \/>\n<\/strong><\/h2>\n<p class=\"size-full wp-image-3291 alignleft\"><a href=\"http:\/\/adopteunpervers.fr\/wp-content\/uploads\/2016\/05\/Yuka.jpg\" rel=\"attachment wp-att-3320\"><img loading=\"lazy\" decoding=\"async\" class=\"size-full wp-image-3320 alignleft\" src=\"http:\/\/adopteunpervers.fr\/wp-content\/uploads\/2016\/05\/Yuka.jpg\" alt=\"Yuka\" width=\"140\" height=\"175\" \/><\/a><\/p>\n<p>&nbsp;<\/p>\n<p><span style=\"color: #c76d6d;\"><strong>Signes distinctifs<\/strong><\/span> :<br \/>\n&#8211; Coba&#8230; Euh, assistante de Kouzou dans ses travaux.<br \/>\n&#8211; Elle a trouv\u00e9 une figure paternelle en la personne de Kouzou. (S\u00e9rieux&#8230;)<br \/>\n&#8211; En bonne assistante, elle s&rsquo;offre \u00e0 lui \u00e0 la demande.<\/p>\n<p>&nbsp;<\/p>\n<p>Tout comme Sana, le personnage de Yuka a \u00e9t\u00e9 litt\u00e9ralement zapp\u00e9 de l&rsquo;intrigue avant d&rsquo;appara\u00eetre de mani\u00e8re furtive dans \u00ab\u00a0Rebuild\u00a0\u00bb, qui est la suite logique des deux \u00e9pisodes de d\u00e9part. Dans le jeu dont est tir\u00e9 la s\u00e9rie, elle aide Kouzou avec la cr\u00e9ation de sa drogue et s&rsquo;attache \u00e0 lui car elle n&rsquo;a aucune famille, d&rsquo;o\u00f9 la sc\u00e8ne de fin du troisi\u00e8me \u00e9pisode de Rebuild qui est incompr\u00e9hensible quand on la regarde telle quelle.<\/p>\n<p>&nbsp;<\/p>\n<hr \/>\n<h2><strong>Kayoko Akizuki<br \/>\n<\/strong><\/h2>\n<p class=\"size-full wp-image-3291 alignleft\"><a href=\"http:\/\/adopteunpervers.fr\/wp-content\/uploads\/2016\/05\/Kayoko.jpg\" rel=\"attachment wp-att-3321\"><img loading=\"lazy\" decoding=\"async\" class=\"size-full wp-image-3321 alignleft\" src=\"http:\/\/adopteunpervers.fr\/wp-content\/uploads\/2016\/05\/Kayoko.jpg\" alt=\"Kayoko\" width=\"140\" height=\"175\" \/><\/a><\/p>\n<p>&nbsp;<\/p>\n<p><span style=\"color: #c76d6d;\"><strong>Signes distinctifs<\/strong><\/span> :<br \/>\n&#8211; Poss\u00e8de un QI \u00e0 un chiffre.<br \/>\n&#8211; Ne sert strictement \u00e0 rien dans la s\u00e9rie anime si ce n&rsquo;est passer pour une conne.<br \/>\n&#8211; A de terrible go\u00fbts en mati\u00e8re d&rsquo;hommes.<\/p>\n<p>&nbsp;<\/p>\n<p>Les fans se sont longtemps demand\u00e9s \u00ab\u00a0Mais elle est o\u00f9 leur m\u00e8re au juste ?\u00a0\u00bb et \u00e0 raison. Sauf que beaucoup ont d\u00e9chant\u00e9 lors de son apparition dans la suite \u00ab\u00a0Rebuild\u00a0\u00bb o\u00f9 elle est de retour \u00e0 la maison et qu&rsquo;elle ne remarque rien des abus de son mari sur ses deux filles. Viol dans la salle de bain, dans la chambre de sa fille et&#8230; sur lequel elle tombe. Et m\u00eame l\u00e0, elle arrive \u00e0 ne pas comprendre ce qui se passe. Ah oui, n&rsquo;oublions pas le jour o\u00f9 elle tombe sur son cher et tendre qui regarde des vid\u00e9os d&rsquo;Airi en lingerie sexy dans le salon (qui ne regarde pas des trucs de cul dans son salon en plein jour quand la famille est l\u00e0 ?) et qu&rsquo;elle ne reconna\u00eet pas sa propre fille. En r\u00e9sum\u00e9 : en plus d&rsquo;\u00eatre une d\u00e9bile, elle est une mauvaise m\u00e8re.<\/p>\n<p>&nbsp;<\/p>\n<hr \/>\n<h2><strong>Masato Ono<br \/>\n<\/strong><\/h2>\n<p class=\"size-full wp-image-3291 alignleft\"><a href=\"http:\/\/adopteunpervers.fr\/wp-content\/uploads\/2016\/05\/Masato.jpg\" rel=\"attachment wp-att-3323\"><img loading=\"lazy\" decoding=\"async\" class=\"size-full wp-image-3323 alignleft\" src=\"http:\/\/adopteunpervers.fr\/wp-content\/uploads\/2016\/05\/Masato.jpg\" alt=\"Masato\" width=\"140\" height=\"175\" \/><\/a><\/p>\n<p>&nbsp;<\/p>\n<p><span style=\"color: #c76d6d;\"><strong>Signes distinctifs<\/strong><\/span> :<br \/>\n&#8211; Petit ami de Marina au d\u00e9but de la s\u00e9rie.<br \/>\n&#8211; Pense trop avec sa bite.<br \/>\n&#8211; Recherch\u00e9 par toutes les agences gouvernementales \u00e0 cause de son g\u00e9nie diabolique.<\/p>\n<p>&nbsp;<\/p>\n<p>Masato et Marina formait le couple le plus populaire du lyc\u00e9e. Intelligent, dou\u00e9 en sport et populaire, il avait tout pour lui. Enfin, \u00e7a, c&rsquo;\u00e9tait jusqu&rsquo;\u00e0 l&rsquo;arriv\u00e9e du beau-papa qui a concoct\u00e9 un plan des plus tordus pour parvenir \u00e0 garder Marina sous son influence. Alors, bien entendu, on pourrait tous avoir de la peine pour Masato car l&rsquo;\u00e9lue de son coeur lui a \u00e9t\u00e9 arrach\u00e9 par un sosciopathe. Sauf que cela n&rsquo;arrivera pas. Pourquoi ? Parce que quand on culbute le premier cul qui se tr\u00e9mousse devant soi dans les toilettes publiques d&rsquo;un parc, il ne faut pas s&rsquo;\u00e9tonner de se faire larguer dans la foul\u00e9e.<br \/>\nIl faudra alors attendre la suite (Rebuild) pour voir le jeune r\u00e9appara\u00eetre avec un plan machiav\u00e9lique qui ferait rougir Minus et Cortex pour assouvir sa vengeance.<\/p>\n","protected":false},"excerpt":{"rendered":"<p>&#46;&#46;&#46;<\/p>\n","protected":false},"author":1,"featured_media":0,"parent":553,"menu_order":0,"comment_status":"open","ping_status":"closed","template":"","meta":{"footnotes":""},"_links":{"self":[{"href":"http:\/\/adopteunpervers.fr\/index.php?rest_route=\/wp\/v2\/pages\/3304"}],"collection":[{"href":"http:\/\/adopteunpervers.fr\/index.php?rest_route=\/wp\/v2\/pages"}],"about":[{"href":"http:\/\/adopteunpervers.fr\/index.php?rest_route=\/wp\/v2\/types\/page"}],"author":[{"embeddable":true,"href":"http:\/\/adopteunpervers.fr\/index.php?rest_route=\/wp\/v2\/users\/1"}],"replies":[{"embeddable":true,"href":"http:\/\/adopteunpervers.fr\/index.php?rest_route=%2Fwp%2Fv2%2Fcomments&post=3304"}],"version-history":[{"count":0,"href":"http:\/\/adopteunpervers.fr\/index.php?rest_route=\/wp\/v2\/pages\/3304\/revisions"}],"up":[{"embeddable":true,"href":"http:\/\/adopteunpervers.fr\/index.php?rest_route=\/wp\/v2\/pages\/553"}],"wp:attachment":[{"href":"http:\/\/adopteunpervers.fr\/index.php?rest_route=%2Fwp%2Fv2%2Fmedia&parent=3304"}],"curies":[{"name":"wp","href":"https:\/\/api.w.org\/{rel}","templated":true}]}}