{"id":3302,"date":"2016-05-02T11:04:18","date_gmt":"2016-05-02T09:04:18","guid":{"rendered":"http:\/\/adopteunpervers.fr\/?page_id=3302"},"modified":"2016-05-02T11:04:18","modified_gmt":"2016-05-02T09:04:18","slug":"oni-chichi","status":"publish","type":"page","link":"http:\/\/adopteunpervers.fr\/?page_id=3302","title":{"rendered":"[Dossier] Oni Chichi"},"content":{"rendered":"<h1><span style=\"color: #629e4a;\"><strong>Pr\u00e9ambule<\/strong><\/span><\/h1>\n<p>Aujourd&rsquo;hui, on ne pr\u00e9sente plus la s\u00e9rie Oni Chichi aux adeptes des animes pour adultes car cette licence est pratiquement devenue un incontournable. Ce petit dossier n&rsquo;aura pour seul but de vous pr\u00e9senter cette s\u00e9rie, ses personnages et ses d\u00e9rives. Car, comme toute bonne s\u00e9rie \u00e0 succ\u00e8s chez les jeunes comme Dragon Ball ou Sailor Moon, cette derni\u00e8re est en train de se faire essorer comme un vieux torchon tant qu&rsquo;elle fonctionne encore.<\/p>\n<p>Ici, aucune prise de t\u00eate ou de s\u00e9rieux car ce dossier se veut l\u00e9ger et un peu d\u00e9cal\u00e9 dans son \u00e9criture. Nous n&rsquo;avons pas la pr\u00e9tention de mieux conna\u00eetre les choses que vous. Notre but est simplement de partager notre point de vue tout en pr\u00e9sentant la s\u00e9rie \u00e0 travers ses personnages et ses \u00e9pisodes au cas par cas.<\/p>\n<p>Oni Chichi \u00e9tait un v\u00e9ritable ovni et une source de fantasme pour nombre de fanas d&rsquo;animes cochons l&rsquo;ann\u00e9e de sa sortie et le succ\u00e8s qui a suivi a encourag\u00e9 le studio PoRO de mettre en sc\u00e8ne d&rsquo;autres aventures de cette ch\u00e8re Airi et son beau papa au caract\u00e8re si attachant (ou pas).<br \/>\nCette \u00e9poque \u00e9tait celle des Tsundere, ces personnages f\u00e9minins au caract\u00e8re bien tremp\u00e9 qui cachait en fait une jeune fille timide et affectueuse. D&rsquo;o\u00f9 le succ\u00e8s assez retentissant de cette s\u00e9rie et du studio PoRO qui a vu sa c\u00f4te de popularit\u00e9 grimper en fl\u00e8che.<\/p>\n<p>Pour ce qui est de l&rsquo;anime, vous remarquerez que les personnages sont plus \u00ab\u00a0grands\u00a0\u00bb que dans leurs suites. Le studio aime jouer de l\u2019ambigu\u00eft\u00e9 sur l&rsquo;\u00e2ge de son h\u00e9ro\u00efne et de Sana pour les rendre plus lolita sur certains plans\/sc\u00e8nes afin de r\u00e9pondre \u00e0 une certaine demande, mais cela est un autre d\u00e9bat. Les formes de nos ch\u00e8res victimes sont employ\u00e9es bon escient et le studio a eu l&rsquo;imagination d&rsquo;essayer quelques positions assez particuli\u00e8res qui changeaient de ce qui se faisait habituellement. C&rsquo;est pratiquement de l\u00e0 qu&rsquo;est partie la soif de paizuri et de bukkake au sein du studio car de nombreuses productions futures contiendront ce m\u00eame genre de pratique.<\/p>\n<p>&nbsp;<\/p>\n<h1><span style=\"color: #629e4a;\"><strong>Rubriques :<br \/>\n<\/strong><\/span><\/h1>\n<ul>\n<li><a href=\"http:\/\/adopteunpervers.fr\/?page_id=3304\">Les personnages.<\/a><\/li>\n<li><a href=\"http:\/\/adopteunpervers.fr\/?page_id=3330\">Oni Chichi &#8211; Les d\u00e9buts de la licence<\/a><\/li>\n<\/ul>\n<p>&nbsp;<\/p>\n","protected":false},"excerpt":{"rendered":"<p>&#46;&#46;&#46;<\/p>\n","protected":false},"author":1,"featured_media":0,"parent":0,"menu_order":0,"comment_status":"open","ping_status":"closed","template":"","meta":{"footnotes":""},"_links":{"self":[{"href":"http:\/\/adopteunpervers.fr\/index.php?rest_route=\/wp\/v2\/pages\/3302"}],"collection":[{"href":"http:\/\/adopteunpervers.fr\/index.php?rest_route=\/wp\/v2\/pages"}],"about":[{"href":"http:\/\/adopteunpervers.fr\/index.php?rest_route=\/wp\/v2\/types\/page"}],"author":[{"embeddable":true,"href":"http:\/\/adopteunpervers.fr\/index.php?rest_route=\/wp\/v2\/users\/1"}],"replies":[{"embeddable":true,"href":"http:\/\/adopteunpervers.fr\/index.php?rest_route=%2Fwp%2Fv2%2Fcomments&post=3302"}],"version-history":[{"count":0,"href":"http:\/\/adopteunpervers.fr\/index.php?rest_route=\/wp\/v2\/pages\/3302\/revisions"}],"wp:attachment":[{"href":"http:\/\/adopteunpervers.fr\/index.php?rest_route=%2Fwp%2Fv2%2Fmedia&parent=3302"}],"curies":[{"name":"wp","href":"https:\/\/api.w.org\/{rel}","templated":true}]}}