{"id":329,"date":"2015-02-21T14:19:07","date_gmt":"2015-02-21T13:19:07","guid":{"rendered":"http:\/\/www.adopteunpervers.net\/?page_id=329"},"modified":"2020-03-06T09:32:05","modified_gmt":"2020-03-06T08:32:05","slug":"tamagoro-thank-you-very-bitch-114","status":"publish","type":"page","link":"http:\/\/adopteunpervers.fr\/?page_id=329","title":{"rendered":"[Tamagoro] Thank You Very Bitch"},"content":{"rendered":"<div id=\"attachment_330\" style=\"width: 310px\" class=\"wp-caption aligncenter\"><a href=\"http:\/\/adopteunpervers.fr\/wp-content\/uploads\/2015\/02\/thankyouverybitch_couv.jpg\"><img loading=\"lazy\" decoding=\"async\" aria-describedby=\"caption-attachment-330\" class=\"wp-image-330 size-medium\" src=\"http:\/\/adopteunpervers.fr\/wp-content\/uploads\/2015\/02\/thankyouverybitch_couv-300x194.jpg\" alt=\"thankyouverybitch_couv\" width=\"300\" height=\"194\" \/><\/a><p id=\"caption-attachment-330\" class=\"wp-caption-text\">(Cliquez pour ouvrir l&rsquo;image en grand)<\/p><\/div>\n<p><span style=\"color: #bd3737;\"><strong>Histoire<\/strong><\/span> : Honoka et Rouko sont des filles les autres&#8230; ou presque. Elles vont au lyc\u00e9e, elles \u00e9tudient pour avoir leurs examens, elles font du shopping, s&rsquo;\u00e9clatent comme des folles au karaok\u00e9, etc. Mais ce qu&rsquo;elles le plus, c&rsquo;est de s&rsquo;envoyer en l&rsquo;air sans que leur partenaire ne mette de protection afin de sentir leur semence couler en elles. Voil\u00e0 ce qui les excite !<br \/>\nCe manga est un savant m\u00e9lange de plaisir, d&rsquo;humour et de l\u00e9g\u00e8ret\u00e9 mettant en avant des personnages qui prennent du plaisir de bien des fa\u00e7ons, sans se prendre la t\u00eate, agr\u00e9ment\u00e9 de dialogues extr\u00eamement salaces.<\/p>\n<p style=\"text-align: center;\"><a href=\"http:\/\/adopteunpervers.fr\/wp-content\/uploads\/2015\/02\/Fujimi1009PS_038.jpg\"><img loading=\"lazy\" decoding=\"async\" class=\"alignnone size-medium wp-image-338\" src=\"http:\/\/adopteunpervers.fr\/wp-content\/uploads\/2015\/02\/Fujimi1009PS_038-207x300.jpg\" alt=\"Fujimi1009PS_038\" width=\"207\" height=\"300\" \/><\/a> <a href=\"http:\/\/adopteunpervers.fr\/wp-content\/uploads\/2015\/02\/Fujimi1009PS_090.jpg\"><img loading=\"lazy\" decoding=\"async\" class=\"alignnone size-medium wp-image-339\" src=\"http:\/\/adopteunpervers.fr\/wp-content\/uploads\/2015\/02\/Fujimi1009PS_090-210x300.jpg\" alt=\"Fujimi1009PS_090\" width=\"210\" height=\"300\" \/><\/a> <a href=\"http:\/\/adopteunpervers.fr\/wp-content\/uploads\/2015\/02\/Fujimi1009PS_159.jpg\"><img loading=\"lazy\" decoding=\"async\" class=\"alignnone size-medium wp-image-340\" src=\"http:\/\/adopteunpervers.fr\/wp-content\/uploads\/2015\/02\/Fujimi1009PS_159-213x300.jpg\" alt=\"Fujimi1009PS_159\" width=\"213\" height=\"300\" \/><\/a><\/p>\n<p style=\"text-align: center;\"><strong>Version haute r\u00e9solution (JPG)<\/strong> :<br \/>\n<strong><a href=\"http:\/\/taraa.xyz\/1heR\" target=\"_blank\" rel=\"noopener noreferrer\">MEGA<\/a> | <a href=\"http:\/\/ul.to\/39vqvofr\" target=\"_blank\" rel=\"noopener noreferrer\">Uploaded<\/a> | <a href=\"http:\/\/taraa.xyz\/1heM\" target=\"_blank\" rel=\"noopener noreferrer\">ZippyShare<\/a><\/strong><\/p>\n<p style=\"text-align: center;\"><strong>Version basse r\u00e9solution (JPG)<\/strong> :<br \/>\n<strong><a href=\"https:\/\/mega.nz\/#!BG4RGRxS!miYIztCkv0E-goUXhsfKSlg2oZPCJxsi35esJ_t_zDM\" target=\"_blank\" rel=\"noopener noreferrer\">MEGA<\/a> | <a href=\"http:\/\/ul.to\/hv508h3c\" target=\"_blank\" rel=\"noopener noreferrer\">Uploaded<\/a> | <a href=\"https:\/\/www53.zippyshare.com\/v\/S8ix7FOx\/file.html\" target=\"_blank\" rel=\"noopener noreferrer\">ZippyShare<\/a><\/strong><\/p>\n<p style=\"text-align: center;\"><strong>Lecture en ligne<\/strong> :<br \/>\n<strong><a href=\"http:\/\/taraa.xyz\/1heY\" rel=\"noopener noreferrer\" target=\"_blank\">Chapitre 1<\/a> | <a href=\"http:\/\/taraa.xyz\/1hgF\" rel=\"noopener noreferrer\" target=\"_blank\">Chapitre 2<\/a> | <a href=\"http:\/\/taraa.xyz\/1i6U\" rel=\"noopener noreferrer\" target=\"_blank\">Chapitre 3<\/a> | <a href=\"http:\/\/taraa.xyz\/1i6Y\" rel=\"noopener noreferrer\" target=\"_blank\">Chapitre 4<\/a> | <a href=\"http:\/\/taraa.xyz\/1i6u\" rel=\"noopener noreferrer\" target=\"_blank\">Chapitre 5<\/a> | <a href=\"http:\/\/taraa.xyz\/1i78\" rel=\"noopener noreferrer\" target=\"_blank\">Chapitre 6<\/a> | <a href=\"http:\/\/taraa.xyz\/1i7C\" rel=\"noopener noreferrer\" target=\"_blank\">Chapitre 7<\/a> | <a href=\"http:\/\/taraa.xyz\/1i7D\" rel=\"noopener noreferrer\" target=\"_blank\">Chapitre 8<\/a> | <a href=\"http:\/\/taraa.xyz\/1i7G\" rel=\"noopener noreferrer\" target=\"_blank\">Chapitre 9<\/a> | <a href=\"http:\/\/taraa.xyz\/1i7K\" rel=\"noopener noreferrer\" target=\"_blank\">Chapitre 10<\/a> | <a href=\"http:\/\/taraa.xyz\/1i7M\" rel=\"noopener noreferrer\" target=\"_blank\">Chapitre 11<\/a> | <a href=\"http:\/\/taraa.xyz\/1i7O\" rel=\"noopener noreferrer\" target=\"_blank\">Chapitre 12<\/a> | <a href=\"https:\/\/imgur.com\/a\/kogsI9m\" rel=\"noopener noreferrer\" target=\"_blank\">Chapitre bonus<\/a><\/strong><\/p>\n<p style=\"text-align: center;\"><a href=\"http:\/\/adopteunpervers.fr\/?p=686\"><strong>Chapitre SPECIAL<\/strong><\/a><\/p>\n","protected":false},"excerpt":{"rendered":"<p>&#46;&#46;&#46;<\/p>\n","protected":false},"author":1,"featured_media":0,"parent":326,"menu_order":0,"comment_status":"open","ping_status":"open","template":"","meta":{"footnotes":""},"_links":{"self":[{"href":"http:\/\/adopteunpervers.fr\/index.php?rest_route=\/wp\/v2\/pages\/329"}],"collection":[{"href":"http:\/\/adopteunpervers.fr\/index.php?rest_route=\/wp\/v2\/pages"}],"about":[{"href":"http:\/\/adopteunpervers.fr\/index.php?rest_route=\/wp\/v2\/types\/page"}],"author":[{"embeddable":true,"href":"http:\/\/adopteunpervers.fr\/index.php?rest_route=\/wp\/v2\/users\/1"}],"replies":[{"embeddable":true,"href":"http:\/\/adopteunpervers.fr\/index.php?rest_route=%2Fwp%2Fv2%2Fcomments&post=329"}],"version-history":[{"count":4,"href":"http:\/\/adopteunpervers.fr\/index.php?rest_route=\/wp\/v2\/pages\/329\/revisions"}],"predecessor-version":[{"id":5219,"href":"http:\/\/adopteunpervers.fr\/index.php?rest_route=\/wp\/v2\/pages\/329\/revisions\/5219"}],"up":[{"embeddable":true,"href":"http:\/\/adopteunpervers.fr\/index.php?rest_route=\/wp\/v2\/pages\/326"}],"wp:attachment":[{"href":"http:\/\/adopteunpervers.fr\/index.php?rest_route=%2Fwp%2Fv2%2Fmedia&parent=329"}],"curies":[{"name":"wp","href":"https:\/\/api.w.org\/{rel}","templated":true}]}}