{"id":2960,"date":"2016-04-03T18:04:11","date_gmt":"2016-04-03T16:04:11","guid":{"rendered":"http:\/\/adopteunpervers.fr\/?page_id=2960"},"modified":"2016-04-03T18:04:11","modified_gmt":"2016-04-03T16:04:11","slug":"dropout-13","status":"publish","type":"page","link":"http:\/\/adopteunpervers.fr\/?page_id=2960","title":{"rendered":"[Fan no Hitori] Dropout (2\/3)"},"content":{"rendered":"<p>&nbsp;<\/p>\n<div style=\"text-align: center;\">\n<div id=\"attachment_1328\" style=\"width: 310px\" class=\"wp-caption aligncenter\"><a href=\"http:\/\/adopteunpervers.fr\/wp-content\/uploads\/2016\/04\/Couv_dropout.jpg\" rel=\"attachment wp-att-2961\"><img loading=\"lazy\" decoding=\"async\" aria-describedby=\"caption-attachment-1328\" class=\"alignnone size-medium wp-image-2961\" src=\"http:\/\/adopteunpervers.fr\/wp-content\/uploads\/2016\/04\/Couv_dropout-300x213.jpg\" alt=\"Couv_dropout\" width=\"300\" height=\"213\" \/><\/a><p id=\"caption-attachment-1328\" class=\"wp-caption-text\">(Cliquez pour ouvrir l\u2019image en grand)<\/p><\/div>\n<hr \/>\n<p><span style=\"color: #bd3737;\"><strong>Histoire<\/strong><\/span> : Soucieux de son avenir \u00e9conomique, le Japon a d\u00e9cid\u00e9 de voter une nouvelle loi qui oblige toutes les jeunes femmes au physique avantageux et qui ne parviennent pas \u00e0 r\u00e9ussir dans leurs \u00e9tudes d&rsquo;offrir leur corps de nombreuses mani\u00e8res afin d&rsquo;aider leurs penchants masculins \u00e0 aider la nation \u00e0 prosp\u00e9rer. Ici, nous suivons le cas de Reika Shichijou, \u00e9l\u00e8ve mod\u00e8le et au top de son lyc\u00e9e qui tombe dans la d\u00e9ch\u00e9ance sans que personne ne comprenne ce qu&rsquo;il a bien pu lui arriver.<\/p>\n<hr \/>\n<p style=\"text-align: center;\"><a href=\"http:\/\/adopteunpervers.fr\/wp-content\/uploads\/2016\/04\/extrait1.jpg\" rel=\"attachment wp-att-2964\"><img loading=\"lazy\" decoding=\"async\" class=\"alignnone size-medium wp-image-2964\" src=\"http:\/\/adopteunpervers.fr\/wp-content\/uploads\/2016\/04\/extrait1-212x300.jpg\" alt=\"extrait1\" width=\"212\" height=\"300\" \/><\/a><a href=\"http:\/\/adopteunpervers.fr\/wp-content\/uploads\/2016\/04\/extrait2.jpg\" rel=\"attachment wp-att-2965\"><img loading=\"lazy\" decoding=\"async\" class=\"alignnone size-medium wp-image-2965\" src=\"http:\/\/adopteunpervers.fr\/wp-content\/uploads\/2016\/04\/extrait2-212x300.jpg\" alt=\"extrait2\" width=\"212\" height=\"300\" \/><\/a><a href=\"http:\/\/adopteunpervers.fr\/wp-content\/uploads\/2016\/04\/extrait3.jpg\" rel=\"attachment wp-att-2966\"><img loading=\"lazy\" decoding=\"async\" class=\"alignnone size-medium wp-image-2966\" src=\"http:\/\/adopteunpervers.fr\/wp-content\/uploads\/2016\/04\/extrait3-212x300.jpg\" alt=\"extrait3\" width=\"212\" height=\"300\" \/><\/a><\/p>\n<p>&nbsp;<\/p>\n<hr \/>\n<h2 style=\"text-align: center;\"><span style=\"color: #6379ba;\"><strong>Chapitres 1-2<\/strong><\/span><\/h2>\n<p>[ddownload id=\u00a0\u00bb2968&Prime;]<br \/>\nNombre de t\u00e9l\u00e9chargements : [ddownload_count id=\u00a0\u00bb2968&Prime;]<\/p>\n<div style=\"text-align: center;\"><span style=\"color: #ffffff;\">.<\/span><\/div>\n<h2><span style=\"color: #339966;\"><strong><a href=\"http:\/\/adopteunpervers-enligne.fr\/series\/dropout\/\" target=\"_blank\">Lecture en ligne<\/a><\/strong><\/span><\/h2>\n<\/div>\n","protected":false},"excerpt":{"rendered":"<p>&#46;&#46;&#46;<\/p>\n","protected":false},"author":1,"featured_media":0,"parent":326,"menu_order":0,"comment_status":"closed","ping_status":"closed","template":"","meta":{"footnotes":""},"_links":{"self":[{"href":"http:\/\/adopteunpervers.fr\/index.php?rest_route=\/wp\/v2\/pages\/2960"}],"collection":[{"href":"http:\/\/adopteunpervers.fr\/index.php?rest_route=\/wp\/v2\/pages"}],"about":[{"href":"http:\/\/adopteunpervers.fr\/index.php?rest_route=\/wp\/v2\/types\/page"}],"author":[{"embeddable":true,"href":"http:\/\/adopteunpervers.fr\/index.php?rest_route=\/wp\/v2\/users\/1"}],"replies":[{"embeddable":true,"href":"http:\/\/adopteunpervers.fr\/index.php?rest_route=%2Fwp%2Fv2%2Fcomments&post=2960"}],"version-history":[{"count":0,"href":"http:\/\/adopteunpervers.fr\/index.php?rest_route=\/wp\/v2\/pages\/2960\/revisions"}],"up":[{"embeddable":true,"href":"http:\/\/adopteunpervers.fr\/index.php?rest_route=\/wp\/v2\/pages\/326"}],"wp:attachment":[{"href":"http:\/\/adopteunpervers.fr\/index.php?rest_route=%2Fwp%2Fv2%2Fmedia&parent=2960"}],"curies":[{"name":"wp","href":"https:\/\/api.w.org\/{rel}","templated":true}]}}