{"id":1508,"date":"2015-08-23T12:54:32","date_gmt":"2015-08-23T10:54:32","guid":{"rendered":"http:\/\/adopteunpervers.fr\/?page_id=1508"},"modified":"2015-08-23T12:54:32","modified_gmt":"2015-08-23T10:54:32","slug":"utilisation-des-fichiers-psd","status":"publish","type":"page","link":"http:\/\/adopteunpervers.fr\/?page_id=1508","title":{"rendered":"Utilisation des fichiers .PSD"},"content":{"rendered":"<p>\u00c0 l&rsquo;instar des fichiers .ass qui contiennent les sous-titres des vid\u00e9os que nous vous proposons, ces fichiers .PSD sont l&rsquo;\u00e9quivalent en scans. Ils sont bien plus lourds que des fichiers JPG classiques \u00e9tant donn\u00e9 qu&rsquo;ils associent l&rsquo;image de base et les calques de chaque ligne de texte. Son nom, <strong>PSD<\/strong>, veut dire <span style=\"color: #800000;\"><strong>P<\/strong><\/span>hoto<strong><span style=\"color: #800000;\">s<\/span><\/strong>hop <span style=\"color: #800000;\"><strong>D<\/strong><\/span>ocument. Vous l&rsquo;aurez compris, ils s&rsquo;utilisent sur le logiciel payant du m\u00eame nom. Ce n&rsquo;est toutefois pas une raison d&rsquo;avoir peur, car ils peuvent aussi \u00eatre ouverts sur des logiciels gratuits comme GIMP.<\/p>\n<p>&nbsp;<\/p>\n<h3><span style=\"color: #629e4a;\"><strong>Explications<\/strong><\/span><\/h3>\n<p> (pour Photoshop)<\/p>\n<p>1- Lancez votre logiciel et gardez la fen\u00eatre contenant les fichiers PSD ouverte.<br \/>\n2- Faites glisser le fichier PSD de la page que vous d\u00e9sirez modifier dans la fen\u00eatre de Photoshop.<br \/>\n2.1- Passez par le menu du logiciel pour ouvrir votre fichier PSD de la mani\u00e8re suivante : Fichier => Ouvrir&#8230; (Ctrl+O)<br \/>\n3- S\u00e9lectionnez l&rsquo;outil d&rsquo;\u00e9dition de texte qui ressemble \u00e0 un gros \u00ab\u00a0T\u00a0\u00bb dans le panneau ou appuyez sur la touche \u00ab\u00a0T\u00a0\u00bb de votre clavier.<br \/>\n4- Supprimez\/r\u00e9-arrangez le texte \u00e0 votre convenance et changez d&rsquo;outil en s\u00e9lectionnant celui se trouvant tout en haut \u00e0 gauche du panneau, par exemple.<br \/>\n5- Enregistrez votre fichier au format d\u00e9sir\u00e9 via le menu du logiciel : Fichier => Enregistrer sous&#8230; (Maj+Ctrl+S)<\/p>\n<p>Si jamais vous avez une erreur impliquant la police d&rsquo;\u00e9criture, lisez attentivement le message d&rsquo;erreur et faites un tour sur <a href=\"http:\/\/www.dafont.com\/fr\/\" target=\"_blank\">Dafont.com<\/a> afin de la trouver.<\/p>\n<p>\u00c9tant donn\u00e9 qu&rsquo;aucun de nos \u00e9diteurs n&rsquo;utilise GIMP, nous sommes dans l&rsquo;incapacit\u00e9 -pour le moment- de vous expliquer la marche \u00e0 suivre sur ce logiciel.<\/p>\n","protected":false},"excerpt":{"rendered":"<p>&#46;&#46;&#46;<\/p>\n","protected":false},"author":1,"featured_media":0,"parent":1470,"menu_order":0,"comment_status":"open","ping_status":"open","template":"","meta":{"footnotes":""},"_links":{"self":[{"href":"http:\/\/adopteunpervers.fr\/index.php?rest_route=\/wp\/v2\/pages\/1508"}],"collection":[{"href":"http:\/\/adopteunpervers.fr\/index.php?rest_route=\/wp\/v2\/pages"}],"about":[{"href":"http:\/\/adopteunpervers.fr\/index.php?rest_route=\/wp\/v2\/types\/page"}],"author":[{"embeddable":true,"href":"http:\/\/adopteunpervers.fr\/index.php?rest_route=\/wp\/v2\/users\/1"}],"replies":[{"embeddable":true,"href":"http:\/\/adopteunpervers.fr\/index.php?rest_route=%2Fwp%2Fv2%2Fcomments&post=1508"}],"version-history":[{"count":0,"href":"http:\/\/adopteunpervers.fr\/index.php?rest_route=\/wp\/v2\/pages\/1508\/revisions"}],"up":[{"embeddable":true,"href":"http:\/\/adopteunpervers.fr\/index.php?rest_route=\/wp\/v2\/pages\/1470"}],"wp:attachment":[{"href":"http:\/\/adopteunpervers.fr\/index.php?rest_route=%2Fwp%2Fv2%2Fmedia&parent=1508"}],"curies":[{"name":"wp","href":"https:\/\/api.w.org\/{rel}","templated":true}]}}