{"id":1470,"date":"2015-08-10T09:13:53","date_gmt":"2015-08-10T08:13:53","guid":{"rendered":"http:\/\/adopteunpervers.fr\/?page_id=1470"},"modified":"2015-08-10T09:13:53","modified_gmt":"2015-08-10T08:13:53","slug":"tutos-et-dossiers","status":"publish","type":"page","link":"http:\/\/adopteunpervers.fr\/?page_id=1470","title":{"rendered":"Dossiers"},"content":{"rendered":"<p>Les dossiers que nous constituerons et partagerons avec le temps dans cette rubrique serviront \u00e0 vous pr\u00e9senter des s\u00e9ries \u00e0 succ\u00e8s au Japon avec un peu de second degr\u00e9. <\/p>\n<p>\u2606 <a href=\"http:\/\/adopteunpervers.fr\/?page_id=3302\">Oni Chichi<\/a><\/p>\n","protected":false},"excerpt":{"rendered":"<p>&#46;&#46;&#46;<\/p>\n","protected":false},"author":1,"featured_media":0,"parent":0,"menu_order":0,"comment_status":"open","ping_status":"open","template":"","meta":{"footnotes":""},"_links":{"self":[{"href":"http:\/\/adopteunpervers.fr\/index.php?rest_route=\/wp\/v2\/pages\/1470"}],"collection":[{"href":"http:\/\/adopteunpervers.fr\/index.php?rest_route=\/wp\/v2\/pages"}],"about":[{"href":"http:\/\/adopteunpervers.fr\/index.php?rest_route=\/wp\/v2\/types\/page"}],"author":[{"embeddable":true,"href":"http:\/\/adopteunpervers.fr\/index.php?rest_route=\/wp\/v2\/users\/1"}],"replies":[{"embeddable":true,"href":"http:\/\/adopteunpervers.fr\/index.php?rest_route=%2Fwp%2Fv2%2Fcomments&post=1470"}],"version-history":[{"count":0,"href":"http:\/\/adopteunpervers.fr\/index.php?rest_route=\/wp\/v2\/pages\/1470\/revisions"}],"wp:attachment":[{"href":"http:\/\/adopteunpervers.fr\/index.php?rest_route=%2Fwp%2Fv2%2Fmedia&parent=1470"}],"curies":[{"name":"wp","href":"https:\/\/api.w.org\/{rel}","templated":true}]}}