{"id":1327,"date":"2015-04-03T16:11:32","date_gmt":"2015-04-03T15:11:32","guid":{"rendered":"http:\/\/adopteunpervers.fr\/?page_id=1327"},"modified":"2022-01-15T15:49:53","modified_gmt":"2022-01-15T14:49:53","slug":"fei-takusan-meshiagare-goshujin-sama-113","status":"publish","type":"page","link":"http:\/\/adopteunpervers.fr\/?page_id=1327","title":{"rendered":"[Fei] Takusan Meshiagare Goshujin-sama (9\/13)"},"content":{"rendered":"<p>&nbsp;<\/p>\n<div style=\"text-align: center;\">\n<div id=\"attachment_1328\" style=\"width: 310px\" class=\"wp-caption aligncenter\"><a href=\"http:\/\/adopteunpervers.fr\/wp-content\/uploads\/2015\/04\/cover_fei.jpg\"><img loading=\"lazy\" decoding=\"async\" aria-describedby=\"caption-attachment-1328\" class=\"wp-image-1328 size-medium\" src=\"http:\/\/adopteunpervers.fr\/wp-content\/uploads\/2015\/04\/cover_fei-300x199.jpg\" alt=\"cover_fei\" width=\"300\" height=\"199\" \/><\/a><p id=\"caption-attachment-1328\" class=\"wp-caption-text\">(Cliquez pour ouvrir l\u2019image en grand)<\/p><\/div>\n<hr \/>\n<p><span style=\"color: #bd3737;\"><strong>Histoire<\/strong><\/span> : D\u00e9sireux de traiter la grave maladie de leur enfant, les parents de Shin ont recrut\u00e9 une servante qui lui sera d\u00e9vou\u00e9e corps et \u00e2me le temps durant plusieurs mois. La maladie du jeune homme est peu commune car le mal qui le ronge l&rsquo;excite en permanence et si il ne fait rien pour se \u00ab\u00a0soulager\u00a0\u00bb, cela risque de le rendre fou. Heureusement Risa, la jeune femme \u00e0 son service ne ratera jamais une occasion de servir son jeune ma\u00eetre.<\/p>\n<hr \/>\n<p><span style=\"color: #09b9a7;\"><strong>Situation du manga<\/strong><\/span> : Pour la petite histoire, il a \u00e9t\u00e9 traduit jusqu&rsquo;au chapitre 6 \u00ab\u00a0normalement\u00a0\u00bb. La chose est mise entre guillemets car je n&rsquo;ai pas trouv\u00e9 la moindre trace des chapitres 3 \u00e0 5 nulle part sur les dossiers que j&rsquo;ai r\u00e9cup\u00e9r\u00e9 de la part d&rsquo;anciens traducteurs du groupe.<br \/>\nDe toute fa\u00e7on les pr\u00e9c\u00e9dents chapitres ont \u00e9t\u00e9 \u00e9dit\u00e9s un peu pr\u00e9cipitamment sur la version anglaise. Une nouvelle \u00e9dition sera donc effectu\u00e9e rapidement sur la version originale comme pour le chapitre 7 post\u00e9 r\u00e9cemment.<\/p>\n<hr \/>\n<p style=\"text-align: center;\"><a href=\"http:\/\/adopteunpervers.fr\/wp-content\/uploads\/2015\/04\/Takusan_009.jpg\"><img loading=\"lazy\" decoding=\"async\" class=\"alignnone size-medium wp-image-1329\" src=\"http:\/\/adopteunpervers.fr\/wp-content\/uploads\/2015\/04\/Takusan_009-210x300.jpg\" alt=\"Takusan_009\" width=\"210\" height=\"300\" \/><\/a> <a href=\"http:\/\/adopteunpervers.fr\/wp-content\/uploads\/2015\/04\/Takusan_024.jpg\"><img loading=\"lazy\" decoding=\"async\" class=\"alignnone size-medium wp-image-1330\" src=\"http:\/\/adopteunpervers.fr\/wp-content\/uploads\/2015\/04\/Takusan_024-209x300.jpg\" alt=\"Takusan_024\" width=\"209\" height=\"300\" \/><\/a> <a href=\"http:\/\/adopteunpervers.fr\/wp-content\/uploads\/2015\/04\/Takusan_051.jpg\"><img loading=\"lazy\" decoding=\"async\" class=\"alignnone size-medium wp-image-1331\" src=\"http:\/\/adopteunpervers.fr\/wp-content\/uploads\/2015\/04\/Takusan_051-210x300.jpg\" alt=\"Takusan_051\" width=\"210\" height=\"300\" \/><\/a><\/p>\n<hr \/>\n<h2 style=\"text-align: center;\"><span style=\"color: #6379ba;\"><strong>Chapitres 1-2 + 6-9<br \/>\n<\/strong><\/span><\/h2>\n<p style=\"text-align: left;\">\n<div class=\"sp-wrap sp-wrap-orange\">\n<div class=\"sp-head\" title=\"Expand\">\nLiens\n<\/div>\n<div class=\"sp-body folded\">\n<p>\n<span style=\"color: #008080;\"><strong>Chapitres 1-2<\/strong><\/span> : <a href=\"https:\/\/exhentai.org\/g\/850179\/a8e2f44b20\/\" target=\"_blank\" rel=\"noopener\">Lecture en ligne<\/a><br \/>\n<span style=\"color: #008080;\"><strong>Chapitres 6<\/strong><\/span> : <a href=\"https:\/\/exhentai.org\/g\/767671\/827138e171\/\" target=\"_blank\" rel=\"noopener\">Lecture en ligne<\/a><br \/>\n<span style=\"color: #008080;\"><strong>Chapitres 7<\/strong><\/span> : <a href=\"http:\/\/ul.to\/8eujle5f\" target=\"_blank\" rel=\"noopener\">Uplpoaded<\/a> &#8211; <a href=\"https:\/\/uptobox.com\/hw7jerek7hft\" target=\"_blank\" rel=\"noopener\">Uptobox<\/a> &#8211; <a href=\"https:\/\/exhentai.org\/g\/2111163\/1ee0ff699e\/\" target=\"_blank\" rel=\"noopener\">Lecture en ligne<\/a><br \/>\n<span style=\"color: #008080;\"><strong>Chapitres 8<\/strong><\/span> : <a href=\"http:\/\/ul.to\/7k7bb9lp\" rel=\"noopener\" target=\"_blank\">Uploaded<\/a> &#8211; <a href=\"https:\/\/uptobox.com\/v2crsud0xoel\" rel=\"noopener\" target=\"_blank\">Uptobox<\/a> &#8211; <a href=\"https:\/\/exhentai.org\/g\/2111163\/1ee0ff699e\/\" target=\"_blank\" rel=\"noopener\">Lecture en ligne<\/a><br \/>\n<span style=\"color: #008080;\"><strong>Chapitres 9<\/strong><\/span> : <a href=\"http:\/\/ul.to\/7k7bb9lp\" rel=\"noopener\" target=\"_blank\">Uploaded<\/a> &#8211; <a href=\"https:\/\/uptobox.com\/v2crsud0xoel\" rel=\"noopener\" target=\"_blank\">Uptobox<\/a> &#8211; <a href=\"https:\/\/exhentai.org\/g\/2111163\/1ee0ff699e\/\" target=\"_blank\" rel=\"noopener\">Lecture en ligne<\/a><\/p>\n<\/div>\n<\/div>\n<\/p>\n<\/div>\n","protected":false},"excerpt":{"rendered":"<p>&#46;&#46;&#46;<\/p>\n","protected":false},"author":1,"featured_media":0,"parent":0,"menu_order":0,"comment_status":"open","ping_status":"open","template":"","meta":{"footnotes":""},"_links":{"self":[{"href":"http:\/\/adopteunpervers.fr\/index.php?rest_route=\/wp\/v2\/pages\/1327"}],"collection":[{"href":"http:\/\/adopteunpervers.fr\/index.php?rest_route=\/wp\/v2\/pages"}],"about":[{"href":"http:\/\/adopteunpervers.fr\/index.php?rest_route=\/wp\/v2\/types\/page"}],"author":[{"embeddable":true,"href":"http:\/\/adopteunpervers.fr\/index.php?rest_route=\/wp\/v2\/users\/1"}],"replies":[{"embeddable":true,"href":"http:\/\/adopteunpervers.fr\/index.php?rest_route=%2Fwp%2Fv2%2Fcomments&post=1327"}],"version-history":[{"count":11,"href":"http:\/\/adopteunpervers.fr\/index.php?rest_route=\/wp\/v2\/pages\/1327\/revisions"}],"predecessor-version":[{"id":5819,"href":"http:\/\/adopteunpervers.fr\/index.php?rest_route=\/wp\/v2\/pages\/1327\/revisions\/5819"}],"wp:attachment":[{"href":"http:\/\/adopteunpervers.fr\/index.php?rest_route=%2Fwp%2Fv2%2Fmedia&parent=1327"}],"curies":[{"name":"wp","href":"https:\/\/api.w.org\/{rel}","templated":true}]}}