{"id":1284,"date":"2015-04-02T14:00:42","date_gmt":"2015-04-02T13:00:42","guid":{"rendered":"http:\/\/adopteunpervers.fr\/?page_id=1284"},"modified":"2017-05-01T20:55:23","modified_gmt":"2017-05-01T18:55:23","slug":"nos-trads-depuis-le-japonais","status":"publish","type":"page","link":"http:\/\/adopteunpervers.fr\/?page_id=1284","title":{"rendered":"Nos traductions depuis le japonais"},"content":{"rendered":"<p>Voici un r\u00e9capitulatif de toutes nos traductions effectu\u00e9es depuis le japonais. Il se peut que quelqu&rsquo;un ait d\u00e9cid\u00e9 de les traduire ensuite en anglais, espagnol, russe, etc. Pour une fois que cela marche dans ce sens vous nous direz. Pour certains projets, nous effectuerons des doubles traductions, \u00e0 savoir en fran\u00e7ais et en anglais pour aider des groupes d&rsquo;autres pays avec qui nous entretenons de bonnes relations.<\/p>\n<hr \/>\n<hr \/>\n<div style=\"text-align: center;\">\n<p><strong><span style=\"color: #993300;\">1# 08\/04\/2017<\/span> &#8211; [Kaiten Sommelier (13.)] <span style=\"color: #800000;\">29 Kaiten Sakusei Yuugi Milking Game JK<\/span><\/strong><br \/>\n<strong>*La date de sortie correspond \u00e0 sa date de r\u00e9vision avec l&rsquo;ajout d&rsquo;une page manquante*<\/strong><\/p>\n<p><a href=\"http:\/\/imagetwist.com\/agjriduxq55p\/29_kaiten_01.jpg\" target=\"_blank\" rel=\"noopener noreferrer\"><img decoding=\"async\" src=\"http:\/\/img111.imagetwist.com\/th\/11510\/agjriduxq55p.jpg\" alt=\"\" border=\"0\" \/><\/a><a href=\"http:\/\/imagetwist.com\/k11k2z1wvuin\/29_kaiten_02.jpg\" target=\"_blank\" rel=\"noopener noreferrer\"><img decoding=\"async\" src=\"http:\/\/img111.imagetwist.com\/th\/11510\/k11k2z1wvuin.jpg\" alt=\"\" border=\"0\" \/><\/a><a href=\"http:\/\/imagetwist.com\/xrqg7gjctn1k\/29_kaiten_05.jpg\" target=\"_blank\" rel=\"noopener noreferrer\"><img decoding=\"async\" src=\"http:\/\/img111.imagetwist.com\/th\/11510\/xrqg7gjctn1k.jpg\" alt=\"\" border=\"0\" \/><\/a><\/p>\n<hr \/>\n<p><strong><span style=\"color: #993300;\">2# 28\/03\/2017<\/span> &#8211; [Banana Jam (Hanzaki Jirou)] <span style=\"color: #800000;\">Zantei Teki Zeshika hon Volume UP! (Dragon Quest VIII)<\/span><\/strong><\/p>\n<p><a href=\"http:\/\/imagetwist.com\/eiy4t3tzat7h\/001.jpg\" target=\"_blank\" rel=\"noopener noreferrer\"><img decoding=\"async\" src=\"http:\/\/img162.imagetwist.com\/th\/15050\/eiy4t3tzat7h.jpg\" border=\"0\" \/><\/a> <a href=\"http:\/\/imagetwist.com\/ax4jz7z9hde2\/003.jpg\" target=\"_blank\" rel=\"noopener noreferrer\"><img decoding=\"async\" src=\"http:\/\/img162.imagetwist.com\/th\/15050\/ax4jz7z9hde2.jpg\" border=\"0\" \/><\/a> <a href=\"http:\/\/imagetwist.com\/b59ir3kmqs9l\/010.jpg\" target=\"_blank\" rel=\"noopener noreferrer\"><img decoding=\"async\" src=\"http:\/\/img162.imagetwist.com\/th\/15050\/b59ir3kmqs9l.jpg\" border=\"0\" \/><\/a><\/p>\n<hr \/>\n<p><strong><span style=\"color: #993300;\">3# 05\/04\/2017<\/span> &#8211; [Kotobuki Kazuki] <span style=\"color: #800000;\">Share House e Youkoso &#8211; Ch.1<\/span><\/strong><br \/>\n<strong><span style=\"color: #993300;\">5# 18\/04\/2017<\/span> &#8211; [Kotobuki Kazuki] <span style=\"color: #800000;\">Share House e Youkoso &#8211; Ch.2<\/span><\/strong><br \/>\n(Command\u00e9 par <span style=\"color: #008080;\"><strong>youRmankind<\/strong><\/span> qui a partag\u00e9 le scan sur <a href=\"https:\/\/e-hentai.org\/g\/1047871\/49e205d3e4\/\" target=\"_blank\" rel=\"noopener noreferrer\">e-Hentai<\/a>)<\/p>\n<p><a href=\"http:\/\/imagetwist.com\/u521mn2uwxzu\/001.png\" target=\"_blank\" rel=\"noopener noreferrer\"><img decoding=\"async\" src=\"http:\/\/img162.imagetwist.com\/th\/15050\/u521mn2uwxzu.jpg\" border=\"0\" \/><\/a> <a href=\"http:\/\/imagetwist.com\/2j609srbsrmh\/006.png\" target=\"_blank\" rel=\"noopener noreferrer\"><img decoding=\"async\" src=\"http:\/\/img162.imagetwist.com\/th\/15050\/2j609srbsrmh.jpg\" border=\"0\" \/><\/a> <a href=\"http:\/\/imagetwist.com\/erbh7f0eg52y\/016.png\" target=\"_blank\" rel=\"noopener noreferrer\"><img decoding=\"async\" src=\"http:\/\/img162.imagetwist.com\/th\/15050\/erbh7f0eg52y.jpg\" border=\"0\" \/><\/a><\/p>\n<hr \/>\n<p><strong><span style=\"color: #993300;\">4# 12\/04\/2017<\/span> &#8211; [Muronaga Chaashuu] <span style=\"color: #800000;\">Une relation compliqu\u00e9e avec ma s\u0153ur &#8211; Ch.1<\/span><\/strong><\/p>\n<p><a href=\"http:\/\/imagetwist.com\/9h6wlb1exorv\/_A1P__Une_relation_compliqu__e_002.jpg\" target=\"_blank\" rel=\"noopener noreferrer\"><img decoding=\"async\" src=\"http:\/\/img162.imagetwist.com\/th\/15131\/9h6wlb1exorv.jpg\" border=\"0\" \/><\/a> <a href=\"http:\/\/imagetwist.com\/od7qf1xw0l9m\/_A1P__Une_relation_compliqu__e_007.jpg\" target=\"_blank\" rel=\"noopener noreferrer\"><img decoding=\"async\" src=\"http:\/\/img162.imagetwist.com\/th\/15131\/od7qf1xw0l9m.jpg\" border=\"0\" \/><\/a> <a href=\"http:\/\/imagetwist.com\/d5i4uwyszjhs\/_A1P__Une_relation_compliqu__e_013.jpg\" target=\"_blank\" rel=\"noopener noreferrer\"><img decoding=\"async\" src=\"http:\/\/img162.imagetwist.com\/th\/15131\/d5i4uwyszjhs.jpg\" border=\"0\" \/><\/a><\/p>\n<hr \/>\n<p><strong><span style=\"color: #993300;\">6# 01\/05\/2017<\/span> &#8211; [Manabe Jouji] <span style=\"color: #800000;\">Dokusai Club vol.1 &#8211; Ch.1<\/span><\/strong><br \/>\n<a href=\"http:\/\/imagetwist.com\/y5le79pp85if\/001.jpg\" target=\"_blank\" rel=\"noopener noreferrer\"><img decoding=\"async\" src=\"http:\/\/img28.imagetwist.com\/th\/15430\/y5le79pp85if.jpg\" border=\"0\" \/><\/a> <a href=\"http:\/\/imagetwist.com\/cab58gniyfst\/005.jpg\" target=\"_blank\" rel=\"noopener noreferrer\"><img decoding=\"async\" src=\"http:\/\/img28.imagetwist.com\/th\/15430\/cab58gniyfst.jpg\" border=\"0\" \/><\/a> <a href=\"http:\/\/imagetwist.com\/agqwzgxarwmm\/017.jpg\" target=\"_blank\" rel=\"noopener noreferrer\"><img decoding=\"async\" src=\"http:\/\/img28.imagetwist.com\/th\/15430\/agqwzgxarwmm.jpg\" border=\"0\" \/><\/a><\/p>\n<\/div>\n","protected":false},"excerpt":{"rendered":"<p>&#46;&#46;&#46;<\/p>\n","protected":false},"author":1,"featured_media":0,"parent":0,"menu_order":0,"comment_status":"closed","ping_status":"closed","template":"","meta":{"footnotes":""},"_links":{"self":[{"href":"http:\/\/adopteunpervers.fr\/index.php?rest_route=\/wp\/v2\/pages\/1284"}],"collection":[{"href":"http:\/\/adopteunpervers.fr\/index.php?rest_route=\/wp\/v2\/pages"}],"about":[{"href":"http:\/\/adopteunpervers.fr\/index.php?rest_route=\/wp\/v2\/types\/page"}],"author":[{"embeddable":true,"href":"http:\/\/adopteunpervers.fr\/index.php?rest_route=\/wp\/v2\/users\/1"}],"replies":[{"embeddable":true,"href":"http:\/\/adopteunpervers.fr\/index.php?rest_route=%2Fwp%2Fv2%2Fcomments&post=1284"}],"version-history":[{"count":6,"href":"http:\/\/adopteunpervers.fr\/index.php?rest_route=\/wp\/v2\/pages\/1284\/revisions"}],"predecessor-version":[{"id":4684,"href":"http:\/\/adopteunpervers.fr\/index.php?rest_route=\/wp\/v2\/pages\/1284\/revisions\/4684"}],"wp:attachment":[{"href":"http:\/\/adopteunpervers.fr\/index.php?rest_route=%2Fwp%2Fv2%2Fmedia&parent=1284"}],"curies":[{"name":"wp","href":"https:\/\/api.w.org\/{rel}","templated":true}]}}